{"id":9228,"date":"2019-07-02T19:03:16","date_gmt":"2019-07-02T19:03:16","guid":{"rendered":"http:\/\/107.21.130.19\/?page_id=9228"},"modified":"2021-03-17T08:48:10","modified_gmt":"2021-03-17T13:48:10","slug":"%e5%90%8c%e4%bc%b4","status":"publish","type":"page","link":"https:\/\/decastro-robles.com\/zh-hant\/%e5%90%8c%e4%bc%b4\/","title":{"rendered":"\u5408\u4f19\u4eba"},"content":{"rendered":"<div class=\"wpb-content-wrapper\"><style type=\"text\/css\" data-type=\"vc_cmsms_shortcodes-custom-css\"><\/style><p>[vc_row][vc_column][vc_empty_space height=&#8221;20px&#8221;][\/vc_column][\/vc_row][vc_row][vc_column width=&#8221;1\/3&#8243;][cmsms_profile uniqid=&#8221;cmsms_shcd_6052087555a607_27014731&#8243; image=&#8221;9426&#8243; title=&#8221;Gabriel Ram\u00f3n Sosa de la Guardia&#8221; subtitle=&#8221;\u5408\u4f19\u4eba&#8221; icons=&#8221;%5B%7B%22icon_class%22%3A%22Theme-Default-Icons-linkedin-with-circle%22%2C%22icon_link%22%3A%22url%3Ahttps%253A%252F%252Fwww.linkedin.com%252Fin%252Fgabriel-sosa-iii-57953530%252F%7C%7Ctarget%3A%2520_blank%7C%22%2C%22icon_color%22%3A%22%23063965%22%2C%22icon_color_hover%22%3A%22%23eaeaea%22%7D%2C%7B%22icon_class%22%3A%22Theme-Default-Icons-user-3%22%2C%22icon_link%22%3A%22url%3A%252Fwp-content%252Fuploads%252F2019%252F05%252FGabriel_Sosa.vcf%7C%7C%7C%22%2C%22icon_color%22%3A%22%23063965%22%2C%22icon_color_hover%22%3A%22%23eaeaea%22%7D%5D&#8221; text=&#8221;Lorem ipsum dolor sit amet, consectetur adipiscing elit. Quisque lacinia nisi libero, ut ullamcorper dolor congue ut.&#8221; link=&#8221;url:%2Fzh-hant%2Fgabriel-ramon-sosa-de-la-guardia%2F|||&#8221; el_class=&#8221;custom-h3 custom-pgh&#8221;][\/vc_column][vc_column width=&#8221;1\/3&#8243;][cmsms_profile uniqid=&#8221;cmsms_shcd_6052087ec05526_21335033&#8243; image=&#8221;9418&#8243; title=&#8221;Eduardo Antonio Real Sol\u00eds&#8221; subtitle=&#8221;\u5408\u4f19\u4eba&#8221; icons=&#8221;%5B%7B%22icon_class%22%3A%22Theme-Default-Icons-linkedin-with-circle%22%2C%22icon_link%22%3A%22url%3Ahttps%253A%252F%252Fwww.linkedin.com%252Fin%252Feduardo-real-624a09123%252F%7C%7Ctarget%3A%2520_blank%7C%22%2C%22icon_color%22%3A%22%23063965%22%2C%22icon_color_hover%22%3A%22%23eaeaea%22%7D%2C%7B%22icon_class%22%3A%22Theme-Default-Icons-user-3%22%2C%22icon_link%22%3A%22url%3A%252Fwp-content%252Fuploads%252F2019%252F05%252FEduardo_Real.vcf%7C%7C%7C%22%2C%22icon_color%22%3A%22%23063965%22%2C%22icon_color_hover%22%3A%22%23eaeaea%22%7D%5D&#8221; text=&#8221;Lorem ipsum dolor sit amet, consectetur adipiscing elit. Quisque lacinia nisi libero, ut ullamcorper dolor congue ut.&#8221; link=&#8221;url:%2Fzh-hant%2Feduardo-antonio-real-solis%2F|||&#8221; el_class=&#8221;custom-h3 custom-pgh&#8221;][\/vc_column][vc_column width=&#8221;1\/3&#8243;][cmsms_profile uniqid=&#8221;cmsms_shcd_6052088455efa6_47839303&#8243; image=&#8221;9424&#8243; title=&#8221;Alberto L\u00f3pez Tom&#8221; subtitle=&#8221;\u5408\u4f19\u4eba&#8221; icons=&#8221;%5B%7B%22icon_class%22%3A%22Theme-Default-Icons-linkedin-with-circle%22%2C%22icon_link%22%3A%22url%3Ahttps%253A%252F%252Fwww.linkedin.com%252Fin%252Falberto-lopez-tom-23454622%252F%7C%7Ctarget%3A%2520_blank%7C%22%2C%22icon_color%22%3A%22%23063965%22%2C%22icon_color_hover%22%3A%22%23eaeaea%22%7D%2C%7B%22icon_class%22%3A%22Theme-Default-Icons-user-3%22%2C%22icon_link%22%3A%22url%3A%252Fwp-content%252Fuploads%252F2019%252F05%252FAlberto_Lopez_Tom.vcf%7C%7C%7C%22%2C%22icon_color%22%3A%22%23063965%22%2C%22icon_color_hover%22%3A%22%23eaeaea%22%7D%5D&#8221; text=&#8221;Lorem ipsum dolor sit amet, consectetur adipiscing elit. Quisque lacinia nisi libero, ut ullamcorper dolor congue ut.&#8221; link=&#8221;url:%2Fzh-hant%2Falberto-lopez-tom%2F|||&#8221; el_class=&#8221;custom-h3 custom-pgh&#8221;][\/vc_column][\/vc_row][vc_row][vc_column width=&#8221;1\/3&#8243;][cmsms_profile uniqid=&#8221;cmsms_shcd_60520889ce16e6_30042647&#8243; image=&#8221;9566&#8243; title=&#8221;Mar\u00eda Lourdes Gal\u00e1n D\u00edaz&#8221; subtitle=&#8221;\u5408\u4f19\u4eba&#8221; icons=&#8221;%5B%7B%22icon_class%22%3A%22Theme-Default-Icons-linkedin-with-circle%22%2C%22icon_link%22%3A%22url%3Ahttps%253A%252F%252Fwww.linkedin.com%252Fin%252Fmaria-lourdes-galan-32388b4%252F%7C%7Ctarget%3A%2520_blank%7C%22%2C%22icon_color%22%3A%22%23063965%22%2C%22icon_color_hover%22%3A%22%23eaeaea%22%7D%2C%7B%22icon_class%22%3A%22Theme-Default-Icons-user-3%22%2C%22icon_link%22%3A%22url%3A%252Fwp-content%252Fuploads%252F2019%252F05%252FMaria_Lourdes_Galan.vcf%7C%7C%7C%22%2C%22icon_color%22%3A%22%23063965%22%2C%22icon_color_hover%22%3A%22%23eaeaea%22%7D%5D&#8221; text=&#8221;Lorem ipsum dolor sit amet, consectetur adipiscing elit. Quisque lacinia nisi libero, ut ullamcorper dolor congue ut.&#8221; link=&#8221;url:%2Fzh-hant%2Fmaria-lourdes-galan-diaz|||&#8221; el_class=&#8221;custom-h3 custom-pgh&#8221;][\/vc_column][vc_column width=&#8221;1\/3&#8243;][cmsms_profile uniqid=&#8221;cmsms_shcd_6052088f1a2bf1_04946563&#8243; image=&#8221;9422&#8243; title=&#8221;Gian Carlo Salas Fragomeni&#8221; subtitle=&#8221;\u5408\u4f19\u4eba&#8221; icons=&#8221;%5B%7B%22icon_class%22%3A%22Theme-Default-Icons-linkedin-with-circle%22%2C%22icon_link%22%3A%22url%3Ahttps%253A%252F%252Fwww.linkedin.com%252Fin%252Fgian-carlo-salas-fragomeni-4b46a138%252F%7C%7Ctarget%3A%2520_blank%7C%22%2C%22icon_color%22%3A%22%23063965%22%2C%22icon_color_hover%22%3A%22%23eaeaea%22%7D%2C%7B%22icon_class%22%3A%22Theme-Default-Icons-user-3%22%2C%22icon_link%22%3A%22url%3A%252Fwp-content%252Fuploads%252F2019%252F05%252FGian_Carlo_Salas.vcf%7C%7C%7C%22%2C%22icon_color%22%3A%22%23063965%22%2C%22icon_color_hover%22%3A%22%23eaeaea%22%7D%5D&#8221; text=&#8221;Lorem ipsum dolor sit amet, consectetur adipiscing elit. Quisque lacinia nisi libero, ut ullamcorper dolor congue ut.&#8221; link=&#8221;url:%2Fzh-hant%2Fgian-carlo-salas-fragomeni%2F|||&#8221; el_class=&#8221;custom-h3 custom-pgh&#8221;][\/vc_column][vc_column width=&#8221;1\/3&#8243;][cmsms_profile uniqid=&#8221;cmsms_shcd_6052089453ccb6_25159362&#8243; image=&#8221;9806&#8243; title=&#8221;Anamae Del Carmen Ortiz Chase&#8221; subtitle=&#8221;\u5408\u4f19\u4eba&#8221; icons=&#8221;%5B%7B%22icon_class%22%3A%22Theme-Default-Icons-linkedin-with-circle%22%2C%22icon_link%22%3A%22url%3Ahttps%253A%252F%252Fwww.linkedin.com%252Fin%252Fanamae-ortiz-chase-ba547958%252F%7C%7Ctarget%3A%2520_blank%7C%22%2C%22icon_color%22%3A%22%23063965%22%2C%22icon_color_hover%22%3A%22%23eaeaea%22%7D%2C%7B%22icon_class%22%3A%22Theme-Default-Icons-user-3%22%2C%22icon_link%22%3A%22url%3A%252Fwp-content%252Fuploads%252F2019%252F05%252FAnamae_Ortiz.vcf%7C%7C%7C%22%2C%22icon_color%22%3A%22%23063965%22%2C%22icon_color_hover%22%3A%22%23eaeaea%22%7D%5D&#8221; link=&#8221;url:%2Fzh-hant%2Fanamae-del-carmen-ortiz-chase|||&#8221; el_class=&#8221;custom-h3 custom-pgh&#8221;][\/vc_column][\/vc_row][vc_row][vc_column][vc_empty_space height=&#8221;5px&#8221;][\/vc_column][\/vc_row][vc_row full_width=&#8221;stretch_row&#8221; bg_type=&#8221;bg_color&#8221; bg_override=&#8221;full&#8221; css=&#8221;.vc_custom_1542726976356{margin-bottom: 0px !important;padding-bottom: 0px !important;background-color: #1b1b1b !important;}&#8221; bg_color_value=&#8221;#1b1b1b&#8221;][vc_column width=&#8221;2\/3&#8243; offset=&#8221;vc_col-lg-9 vc_col-md-8 vc_hidden-xs&#8221;][vc_custom_heading text=&#8221;\u7acb\u5373\u8054\u7cfb\u6211\u4eec&#8221; font_container=&#8221;tag:h2|font_size:20|text_align:left|color:%23ffffff|line_height:34px&#8221; use_theme_fonts=&#8221;yes&#8221; css=&#8221;.vc_custom_1562094371472{padding-top: 10px !important;}&#8221;][\/vc_column][vc_column width=&#8221;1\/3&#8243; css=&#8221;.vc_custom_1578346573910{padding-top: 22px !important;padding-bottom: 18px !important;}&#8221; offset=&#8221;vc_col-lg-3 vc_col-md-4 vc_hidden-xs&#8221;][cmsms_button text=&#8221;\u8054\u7cfb\u6211\u4eec&#8221; icon_alignment=&#8221;right&#8221; uniqid=&#8221;cmsms_shcd_5dcab92a25f2a1_03397317&#8243; text_settings=&#8221;true&#8221; add_icon=&#8221;true&#8221; icon=&#8221;Theme-Default-Icons-arrow-small-right&#8221; icon_size=&#8221;20&#8243; text_font_size=&#8221;12&#8243; css=&#8221;.vc_custom_1573566793273{padding-top: 15px !important;padding-bottom: 15px !important;}&#8221; link=&#8221;url:%2Fzh-hant%2F%E5%85%B3%E4%BA%8E%E6%88%91%E4%BB%AC|||&#8221; icon_gap=&#8221;3&#8243;][\/vc_column][\/vc_row][vc_row full_width=&#8221;stretch_row&#8221; content_placement=&#8221;middle&#8221; css=&#8221;.vc_custom_1577981575270{background-color: #1b1b1b !important;}&#8221;][vc_column offset=&#8221;vc_hidden-lg vc_hidden-md vc_hidden-sm&#8221; css=&#8221;.vc_custom_1577981655947{padding-top: 20px !important;padding-bottom: 20px !important;}&#8221;][vc_custom_heading text=&#8221;\u5373\u8054\u7cfb\u6211\u4eec&#8221; font_container=&#8221;tag:h2|font_size:20|text_align:center|color:%23ffffff|line_height:34px&#8221; use_theme_fonts=&#8221;yes&#8221; css=&#8221;.vc_custom_1578346503864{margin-bottom: 20px !important;padding-top: 10px !important;}&#8221;][cmsms_button text=&#8221;\u8054\u7cfb\u6211\u4eec&#8221; alignment=&#8221;center&#8221; icon_alignment=&#8221;right&#8221; uniqid=&#8221;cmsms_shcd_5e13a80e01f331_75373470&#8243; text_settings=&#8221;true&#8221; add_icon=&#8221;true&#8221; icon=&#8221;Theme-Default-Icons-arrow-small-right&#8221; icon_size=&#8221;20&#8243; text_font_size=&#8221;12&#8243; css=&#8221;.vc_custom_1578346513727{padding-top: 0px !important;padding-bottom: 15px !important;}&#8221; link=&#8221;url:%2Fcontact-us%2F|||&#8221; icon_gap=&#8221;3&#8243;][\/vc_column][\/vc_row]<\/p>\n<\/div>","protected":false},"excerpt":{"rendered":"<p>[vc_row][vc_column][vc_empty_space height=&#8221;20px&#038;#&#8230;<\/p>\n","protected":false},"author":8,"featured_media":0,"parent":0,"menu_order":0,"comment_status":"closed","ping_status":"closed","template":"","meta":{"footnotes":""},"class_list":["post-9228","page","type-page","status-publish","hentry"],"yoast_head":"<!-- This site is optimized with the Yoast SEO plugin v27.3 - https:\/\/yoast.com\/product\/yoast-seo-wordpress\/ -->\n<title>\u5408\u4f19\u4eba - De Castro &amp; Robles - Panama<\/title>\n<meta name=\"description\" content=\"\u6b22\u8fce\u6765\u5230\u6211\u4eec\u7684\u7f51\u7ad9\u3002\u5bf9\u6211\u4eec\u6700\u91cd\u8981\u7684\u662f\u5ba2\u6237\u7684\u5229\u76ca\uff0c\u4ee5\u53ca\u6211\u4eec\u4e0e\u5ba2\u6237\u5efa\u7acb\u7684\u957f\u671f\u5173\u7cfb\u3002\" \/>\n<meta name=\"robots\" content=\"index, follow, max-snippet:-1, max-image-preview:large, max-video-preview:-1\" \/>\n<link rel=\"canonical\" href=\"https:\/\/cpanel.decastro-robles.com\/zh-hant\/\u540c\u4f34\/\" \/>\n<meta property=\"og:locale\" content=\"zh_TW\" \/>\n<meta property=\"og:type\" content=\"article\" \/>\n<meta property=\"og:title\" content=\"\u5408\u4f19\u4eba - De Castro &amp; Robles - Panama\" \/>\n<meta property=\"og:description\" content=\"\u6b22\u8fce\u6765\u5230\u6211\u4eec\u7684\u7f51\u7ad9\u3002\u5bf9\u6211\u4eec\u6700\u91cd\u8981\u7684\u662f\u5ba2\u6237\u7684\u5229\u76ca\uff0c\u4ee5\u53ca\u6211\u4eec\u4e0e\u5ba2\u6237\u5efa\u7acb\u7684\u957f\u671f\u5173\u7cfb\u3002\" \/>\n<meta property=\"og:url\" content=\"https:\/\/cpanel.decastro-robles.com\/zh-hant\/\u540c\u4f34\/\" \/>\n<meta property=\"og:site_name\" content=\"De Castro &amp; Robles\" \/>\n<meta property=\"article:modified_time\" content=\"2021-03-17T13:48:10+00:00\" \/>\n<meta name=\"twitter:card\" content=\"summary_large_image\" \/>\n<meta name=\"twitter:label1\" content=\"\u9810\u4f30\u95b1\u8b80\u6642\u9593\" \/>\n\t<meta name=\"twitter:data1\" content=\"2 \u5206\u9418\" \/>\n<script type=\"application\/ld+json\" class=\"yoast-schema-graph\">{\"@context\":\"https:\\\/\\\/schema.org\",\"@graph\":[{\"@type\":\"WebPage\",\"@id\":\"https:\\\/\\\/cpanel.decastro-robles.com\\\/zh-hant\\\/%e5%90%8c%e4%bc%b4\\\/\",\"url\":\"https:\\\/\\\/cpanel.decastro-robles.com\\\/zh-hant\\\/%e5%90%8c%e4%bc%b4\\\/\",\"name\":\"\u5408\u4f19\u4eba - De Castro &amp; Robles - Panama\",\"isPartOf\":{\"@id\":\"https:\\\/\\\/decastro-robles.com\\\/#website\"},\"datePublished\":\"2019-07-02T19:03:16+00:00\",\"dateModified\":\"2021-03-17T13:48:10+00:00\",\"description\":\"\u6b22\u8fce\u6765\u5230\u6211\u4eec\u7684\u7f51\u7ad9\u3002\u5bf9\u6211\u4eec\u6700\u91cd\u8981\u7684\u662f\u5ba2\u6237\u7684\u5229\u76ca\uff0c\u4ee5\u53ca\u6211\u4eec\u4e0e\u5ba2\u6237\u5efa\u7acb\u7684\u957f\u671f\u5173\u7cfb\u3002\",\"breadcrumb\":{\"@id\":\"https:\\\/\\\/cpanel.decastro-robles.com\\\/zh-hant\\\/%e5%90%8c%e4%bc%b4\\\/#breadcrumb\"},\"inLanguage\":\"zh-TW\",\"potentialAction\":[{\"@type\":\"ReadAction\",\"target\":[\"https:\\\/\\\/cpanel.decastro-robles.com\\\/zh-hant\\\/%e5%90%8c%e4%bc%b4\\\/\"]}]},{\"@type\":\"BreadcrumbList\",\"@id\":\"https:\\\/\\\/cpanel.decastro-robles.com\\\/zh-hant\\\/%e5%90%8c%e4%bc%b4\\\/#breadcrumb\",\"itemListElement\":[{\"@type\":\"ListItem\",\"position\":1,\"name\":\"\u4e3b\u9875\",\"item\":\"https:\\\/\\\/3.212.132.73\\\/zh-hant\\\/\"},{\"@type\":\"ListItem\",\"position\":2,\"name\":\"\u5408\u4f19\u4eba\"}]},{\"@type\":\"WebSite\",\"@id\":\"https:\\\/\\\/decastro-robles.com\\\/#website\",\"url\":\"https:\\\/\\\/decastro-robles.com\\\/\",\"name\":\"De Castro &amp; Robles\",\"description\":\"\u5168\u65b9\u4f4d\u670d\u52a1\u7684\u5f8b\u5e08\u4e8b\u52a1\u6240\",\"publisher\":{\"@id\":\"https:\\\/\\\/decastro-robles.com\\\/#organization\"},\"potentialAction\":[{\"@type\":\"SearchAction\",\"target\":{\"@type\":\"EntryPoint\",\"urlTemplate\":\"https:\\\/\\\/decastro-robles.com\\\/?s={search_term_string}\"},\"query-input\":{\"@type\":\"PropertyValueSpecification\",\"valueRequired\":true,\"valueName\":\"search_term_string\"}}],\"inLanguage\":\"zh-TW\"},{\"@type\":\"Organization\",\"@id\":\"https:\\\/\\\/decastro-robles.com\\\/#organization\",\"name\":\"De Castro & Robles\",\"url\":\"https:\\\/\\\/decastro-robles.com\\\/\",\"logo\":{\"@type\":\"ImageObject\",\"inLanguage\":\"zh-TW\",\"@id\":\"https:\\\/\\\/decastro-robles.com\\\/#\\\/schema\\\/logo\\\/image\\\/\",\"url\":\"https:\\\/\\\/www.decastro-robles.com\\\/wp-content\\\/uploads\\\/2019\\\/11\\\/Logo-original-DCR1.png\",\"contentUrl\":\"https:\\\/\\\/www.decastro-robles.com\\\/wp-content\\\/uploads\\\/2019\\\/11\\\/Logo-original-DCR1.png\",\"width\":215,\"height\":218,\"caption\":\"De Castro & Robles\"},\"image\":{\"@id\":\"https:\\\/\\\/decastro-robles.com\\\/#\\\/schema\\\/logo\\\/image\\\/\"}}]}<\/script>\n<!-- \/ Yoast SEO plugin. -->","yoast_head_json":{"title":"\u5408\u4f19\u4eba - De Castro &amp; Robles - Panama","description":"\u6b22\u8fce\u6765\u5230\u6211\u4eec\u7684\u7f51\u7ad9\u3002\u5bf9\u6211\u4eec\u6700\u91cd\u8981\u7684\u662f\u5ba2\u6237\u7684\u5229\u76ca\uff0c\u4ee5\u53ca\u6211\u4eec\u4e0e\u5ba2\u6237\u5efa\u7acb\u7684\u957f\u671f\u5173\u7cfb\u3002","robots":{"index":"index","follow":"follow","max-snippet":"max-snippet:-1","max-image-preview":"max-image-preview:large","max-video-preview":"max-video-preview:-1"},"canonical":"https:\/\/cpanel.decastro-robles.com\/zh-hant\/\u540c\u4f34\/","og_locale":"zh_TW","og_type":"article","og_title":"\u5408\u4f19\u4eba - De Castro &amp; Robles - Panama","og_description":"\u6b22\u8fce\u6765\u5230\u6211\u4eec\u7684\u7f51\u7ad9\u3002\u5bf9\u6211\u4eec\u6700\u91cd\u8981\u7684\u662f\u5ba2\u6237\u7684\u5229\u76ca\uff0c\u4ee5\u53ca\u6211\u4eec\u4e0e\u5ba2\u6237\u5efa\u7acb\u7684\u957f\u671f\u5173\u7cfb\u3002","og_url":"https:\/\/cpanel.decastro-robles.com\/zh-hant\/\u540c\u4f34\/","og_site_name":"De Castro &amp; Robles","article_modified_time":"2021-03-17T13:48:10+00:00","twitter_card":"summary_large_image","twitter_misc":{"\u9810\u4f30\u95b1\u8b80\u6642\u9593":"2 \u5206\u9418"},"schema":{"@context":"https:\/\/schema.org","@graph":[{"@type":"WebPage","@id":"https:\/\/cpanel.decastro-robles.com\/zh-hant\/%e5%90%8c%e4%bc%b4\/","url":"https:\/\/cpanel.decastro-robles.com\/zh-hant\/%e5%90%8c%e4%bc%b4\/","name":"\u5408\u4f19\u4eba - De Castro &amp; Robles - Panama","isPartOf":{"@id":"https:\/\/decastro-robles.com\/#website"},"datePublished":"2019-07-02T19:03:16+00:00","dateModified":"2021-03-17T13:48:10+00:00","description":"\u6b22\u8fce\u6765\u5230\u6211\u4eec\u7684\u7f51\u7ad9\u3002\u5bf9\u6211\u4eec\u6700\u91cd\u8981\u7684\u662f\u5ba2\u6237\u7684\u5229\u76ca\uff0c\u4ee5\u53ca\u6211\u4eec\u4e0e\u5ba2\u6237\u5efa\u7acb\u7684\u957f\u671f\u5173\u7cfb\u3002","breadcrumb":{"@id":"https:\/\/cpanel.decastro-robles.com\/zh-hant\/%e5%90%8c%e4%bc%b4\/#breadcrumb"},"inLanguage":"zh-TW","potentialAction":[{"@type":"ReadAction","target":["https:\/\/cpanel.decastro-robles.com\/zh-hant\/%e5%90%8c%e4%bc%b4\/"]}]},{"@type":"BreadcrumbList","@id":"https:\/\/cpanel.decastro-robles.com\/zh-hant\/%e5%90%8c%e4%bc%b4\/#breadcrumb","itemListElement":[{"@type":"ListItem","position":1,"name":"\u4e3b\u9875","item":"https:\/\/3.212.132.73\/zh-hant\/"},{"@type":"ListItem","position":2,"name":"\u5408\u4f19\u4eba"}]},{"@type":"WebSite","@id":"https:\/\/decastro-robles.com\/#website","url":"https:\/\/decastro-robles.com\/","name":"De Castro &amp; Robles","description":"\u5168\u65b9\u4f4d\u670d\u52a1\u7684\u5f8b\u5e08\u4e8b\u52a1\u6240","publisher":{"@id":"https:\/\/decastro-robles.com\/#organization"},"potentialAction":[{"@type":"SearchAction","target":{"@type":"EntryPoint","urlTemplate":"https:\/\/decastro-robles.com\/?s={search_term_string}"},"query-input":{"@type":"PropertyValueSpecification","valueRequired":true,"valueName":"search_term_string"}}],"inLanguage":"zh-TW"},{"@type":"Organization","@id":"https:\/\/decastro-robles.com\/#organization","name":"De Castro & Robles","url":"https:\/\/decastro-robles.com\/","logo":{"@type":"ImageObject","inLanguage":"zh-TW","@id":"https:\/\/decastro-robles.com\/#\/schema\/logo\/image\/","url":"https:\/\/www.decastro-robles.com\/wp-content\/uploads\/2019\/11\/Logo-original-DCR1.png","contentUrl":"https:\/\/www.decastro-robles.com\/wp-content\/uploads\/2019\/11\/Logo-original-DCR1.png","width":215,"height":218,"caption":"De Castro & Robles"},"image":{"@id":"https:\/\/decastro-robles.com\/#\/schema\/logo\/image\/"}}]}},"_links":{"self":[{"href":"https:\/\/decastro-robles.com\/zh-hant\/wp-json\/wp\/v2\/pages\/9228","targetHints":{"allow":["GET"]}}],"collection":[{"href":"https:\/\/decastro-robles.com\/zh-hant\/wp-json\/wp\/v2\/pages"}],"about":[{"href":"https:\/\/decastro-robles.com\/zh-hant\/wp-json\/wp\/v2\/types\/page"}],"author":[{"embeddable":true,"href":"https:\/\/decastro-robles.com\/zh-hant\/wp-json\/wp\/v2\/users\/8"}],"replies":[{"embeddable":true,"href":"https:\/\/decastro-robles.com\/zh-hant\/wp-json\/wp\/v2\/comments?post=9228"}],"version-history":[{"count":5,"href":"https:\/\/decastro-robles.com\/zh-hant\/wp-json\/wp\/v2\/pages\/9228\/revisions"}],"predecessor-version":[{"id":11446,"href":"https:\/\/decastro-robles.com\/zh-hant\/wp-json\/wp\/v2\/pages\/9228\/revisions\/11446"}],"wp:attachment":[{"href":"https:\/\/decastro-robles.com\/zh-hant\/wp-json\/wp\/v2\/media?parent=9228"}],"curies":[{"name":"wp","href":"https:\/\/api.w.org\/{rel}","templated":true}]}}