{"id":10920,"date":"2020-06-22T18:48:05","date_gmt":"2020-06-22T23:48:05","guid":{"rendered":"https:\/\/www.decastro-robles.com\/?page_id=10920"},"modified":"2021-01-12T09:48:59","modified_gmt":"2021-01-12T14:48:59","slug":"responsabilidad-de-la-administracion-publica","status":"publish","type":"page","link":"https:\/\/decastro-robles.com\/es\/responsabilidad-de-la-administracion-publica\/","title":{"rendered":"Responsabilidad de la Administraci\u00f3n P\u00fablica"},"content":{"rendered":"<div class=\"wpb-content-wrapper\"><style type=\"text\/css\" data-type=\"vc_cmsms_shortcodes-custom-css\"><\/style><p>[vc_row][vc_column][vc_single_image image=\u00bb9623&#8243; img_size=\u00bb1200&#215;500&#8243;][vc_column_text el_class=\u00bbcustom-p\u00bb]<span style=\"font-weight: 400;\">Panam\u00e1 cuenta con un Tribunal Administrativo de la Funci\u00f3n P\u00fablica que tiene competencia para conocer de las apelaciones contra las acciones de recursos humanos, incluyendo las destituciones, dirigidas contra servidores p\u00fablicos permanentes, que permanezcan o no a una de las carreras p\u00fablicas.<\/span><\/p>\n<p><span style=\"font-weight: 400;\">Nuestra Firma ha representado a varios individuos citados a comparecer ante dicho Tribunal a fin de garantizar sus derechos al ser cuestionados por las decisiones tomadas por \u00e9stos al ejercer cargos p\u00fablicos.<\/span><\/p>\n<p><span style=\"font-weight: 400;\">\u00a0<\/span>[\/vc_column_text][\/vc_column][\/vc_row][vc_row][vc_column][vc_cta h2=\u00bb\u00bfTiene alguna pregunta?\u00bb txt_align=\u00bbcenter\u00bb btn_title=\u00bb\u00a1Cont\u00e1ctenos!\u00bb h2_font_container=\u00bbfont_size:20px|line_height:22px\u00bb h2_use_theme_fonts=\u00bbyes\u00bb btn_uniqid=\u00bbcmsms_shcd_5ffdaf0b79fce1_53801329&#8243; use_custom_fonts_h2=\u00bbtrue\u00bb btn_link=\u00bburl:%2Fes%2Fcontactenos%2F\u00bb css=\u00bb.vc_custom_1610460952677{padding-top: 40px !important;padding-bottom: 40px !important;}\u00bb][\/vc_cta][\/vc_column][\/vc_row]<\/p>\n<\/div>","protected":false},"excerpt":{"rendered":"<p>[vc_row][vc_column][vc_single_image image=\u00bb9623&#8243; img_size=\u00bb1200&#215;500&#8243;][vc_column_text el_class=\u00bbcustom-p\u00bb]Panam\u00e1 cuenta con un Tribunal Administrativo de la Funci\u00f3n P\u00fablica que tiene competencia para conocer de las apelaciones contra las acciones de recursos humanos, incluyendo las destituciones, dirigidas contra servidores p\u00fablicos permanentes, que permanezcan o no a una de las carreras p\u00fablicas. Nuestra Firma ha representado a varios individuos citados a comparecer&#8230;<\/p>\n","protected":false},"author":7,"featured_media":0,"parent":0,"menu_order":0,"comment_status":"closed","ping_status":"closed","template":"","meta":{"footnotes":""},"class_list":["post-10920","page","type-page","status-publish","hentry"],"yoast_head":"<!-- This site is optimized with the Yoast SEO plugin v27.3 - https:\/\/yoast.com\/product\/yoast-seo-wordpress\/ -->\n<title>Responsabilidad de la Administraci\u00f3n P\u00fablica - De Castro &amp; Robles - Panama<\/title>\n<meta name=\"description\" content=\"Welcome to our website. What matters to us the most, are the interests of our clients, and the long-term relationships that we have developed with them.\" \/>\n<meta name=\"robots\" content=\"index, follow, max-snippet:-1, max-image-preview:large, max-video-preview:-1\" \/>\n<link rel=\"canonical\" href=\"https:\/\/decastro-robles.com\/es\/responsabilidad-de-la-administracion-publica\/\" \/>\n<meta property=\"og:locale\" content=\"es_ES\" \/>\n<meta property=\"og:type\" content=\"article\" \/>\n<meta property=\"og:title\" content=\"Responsabilidad de la Administraci\u00f3n P\u00fablica - De Castro &amp; Robles - Panama\" \/>\n<meta property=\"og:description\" content=\"Welcome to our website. What matters to us the most, are the interests of our clients, and the long-term relationships that we have developed with them.\" \/>\n<meta property=\"og:url\" content=\"https:\/\/decastro-robles.com\/es\/responsabilidad-de-la-administracion-publica\/\" \/>\n<meta property=\"og:site_name\" content=\"De Castro &amp; Robles\" \/>\n<meta property=\"article:modified_time\" content=\"2021-01-12T14:48:59+00:00\" \/>\n<meta name=\"twitter:card\" content=\"summary_large_image\" \/>\n<meta name=\"twitter:label1\" content=\"Tiempo de lectura\" \/>\n\t<meta name=\"twitter:data1\" content=\"1 minuto\" \/>\n<script type=\"application\/ld+json\" class=\"yoast-schema-graph\">{\"@context\":\"https:\\\/\\\/schema.org\",\"@graph\":[{\"@type\":\"WebPage\",\"@id\":\"https:\\\/\\\/decastro-robles.com\\\/es\\\/responsabilidad-de-la-administracion-publica\\\/\",\"url\":\"https:\\\/\\\/decastro-robles.com\\\/es\\\/responsabilidad-de-la-administracion-publica\\\/\",\"name\":\"Responsabilidad de la Administraci\u00f3n P\u00fablica - De Castro &amp; Robles - Panama\",\"isPartOf\":{\"@id\":\"https:\\\/\\\/decastro-robles.com\\\/#website\"},\"datePublished\":\"2020-06-22T23:48:05+00:00\",\"dateModified\":\"2021-01-12T14:48:59+00:00\",\"description\":\"Welcome to our website. What matters to us the most, are the interests of our clients, and the long-term relationships that we have developed with them.\",\"breadcrumb\":{\"@id\":\"https:\\\/\\\/decastro-robles.com\\\/es\\\/responsabilidad-de-la-administracion-publica\\\/#breadcrumb\"},\"inLanguage\":\"es\",\"potentialAction\":[{\"@type\":\"ReadAction\",\"target\":[\"https:\\\/\\\/decastro-robles.com\\\/es\\\/responsabilidad-de-la-administracion-publica\\\/\"]}]},{\"@type\":\"BreadcrumbList\",\"@id\":\"https:\\\/\\\/decastro-robles.com\\\/es\\\/responsabilidad-de-la-administracion-publica\\\/#breadcrumb\",\"itemListElement\":[{\"@type\":\"ListItem\",\"position\":1,\"name\":\"Inicio\",\"item\":\"https:\\\/\\\/decastro-robles.com\\\/es\\\/\"},{\"@type\":\"ListItem\",\"position\":2,\"name\":\"Responsabilidad de la Administraci\u00f3n P\u00fablica\"}]},{\"@type\":\"WebSite\",\"@id\":\"https:\\\/\\\/decastro-robles.com\\\/#website\",\"url\":\"https:\\\/\\\/decastro-robles.com\\\/\",\"name\":\"De Castro &amp; Robles\",\"description\":\"A full service firm\",\"publisher\":{\"@id\":\"https:\\\/\\\/decastro-robles.com\\\/#organization\"},\"potentialAction\":[{\"@type\":\"SearchAction\",\"target\":{\"@type\":\"EntryPoint\",\"urlTemplate\":\"https:\\\/\\\/decastro-robles.com\\\/?s={search_term_string}\"},\"query-input\":{\"@type\":\"PropertyValueSpecification\",\"valueRequired\":true,\"valueName\":\"search_term_string\"}}],\"inLanguage\":\"es\"},{\"@type\":\"Organization\",\"@id\":\"https:\\\/\\\/decastro-robles.com\\\/#organization\",\"name\":\"De Castro & Robles\",\"url\":\"https:\\\/\\\/decastro-robles.com\\\/\",\"logo\":{\"@type\":\"ImageObject\",\"inLanguage\":\"es\",\"@id\":\"https:\\\/\\\/decastro-robles.com\\\/#\\\/schema\\\/logo\\\/image\\\/\",\"url\":\"https:\\\/\\\/www.decastro-robles.com\\\/wp-content\\\/uploads\\\/2019\\\/11\\\/Logo-original-DCR1.png\",\"contentUrl\":\"https:\\\/\\\/www.decastro-robles.com\\\/wp-content\\\/uploads\\\/2019\\\/11\\\/Logo-original-DCR1.png\",\"width\":215,\"height\":218,\"caption\":\"De Castro & Robles\"},\"image\":{\"@id\":\"https:\\\/\\\/decastro-robles.com\\\/#\\\/schema\\\/logo\\\/image\\\/\"}}]}<\/script>\n<!-- \/ Yoast SEO plugin. -->","yoast_head_json":{"title":"Responsabilidad de la Administraci\u00f3n P\u00fablica - De Castro &amp; Robles - Panama","description":"Welcome to our website. What matters to us the most, are the interests of our clients, and the long-term relationships that we have developed with them.","robots":{"index":"index","follow":"follow","max-snippet":"max-snippet:-1","max-image-preview":"max-image-preview:large","max-video-preview":"max-video-preview:-1"},"canonical":"https:\/\/decastro-robles.com\/es\/responsabilidad-de-la-administracion-publica\/","og_locale":"es_ES","og_type":"article","og_title":"Responsabilidad de la Administraci\u00f3n P\u00fablica - De Castro &amp; Robles - Panama","og_description":"Welcome to our website. What matters to us the most, are the interests of our clients, and the long-term relationships that we have developed with them.","og_url":"https:\/\/decastro-robles.com\/es\/responsabilidad-de-la-administracion-publica\/","og_site_name":"De Castro &amp; Robles","article_modified_time":"2021-01-12T14:48:59+00:00","twitter_card":"summary_large_image","twitter_misc":{"Tiempo de lectura":"1 minuto"},"schema":{"@context":"https:\/\/schema.org","@graph":[{"@type":"WebPage","@id":"https:\/\/decastro-robles.com\/es\/responsabilidad-de-la-administracion-publica\/","url":"https:\/\/decastro-robles.com\/es\/responsabilidad-de-la-administracion-publica\/","name":"Responsabilidad de la Administraci\u00f3n P\u00fablica - De Castro &amp; Robles - Panama","isPartOf":{"@id":"https:\/\/decastro-robles.com\/#website"},"datePublished":"2020-06-22T23:48:05+00:00","dateModified":"2021-01-12T14:48:59+00:00","description":"Welcome to our website. What matters to us the most, are the interests of our clients, and the long-term relationships that we have developed with them.","breadcrumb":{"@id":"https:\/\/decastro-robles.com\/es\/responsabilidad-de-la-administracion-publica\/#breadcrumb"},"inLanguage":"es","potentialAction":[{"@type":"ReadAction","target":["https:\/\/decastro-robles.com\/es\/responsabilidad-de-la-administracion-publica\/"]}]},{"@type":"BreadcrumbList","@id":"https:\/\/decastro-robles.com\/es\/responsabilidad-de-la-administracion-publica\/#breadcrumb","itemListElement":[{"@type":"ListItem","position":1,"name":"Inicio","item":"https:\/\/decastro-robles.com\/es\/"},{"@type":"ListItem","position":2,"name":"Responsabilidad de la Administraci\u00f3n P\u00fablica"}]},{"@type":"WebSite","@id":"https:\/\/decastro-robles.com\/#website","url":"https:\/\/decastro-robles.com\/","name":"De Castro &amp; Robles","description":"A full service firm","publisher":{"@id":"https:\/\/decastro-robles.com\/#organization"},"potentialAction":[{"@type":"SearchAction","target":{"@type":"EntryPoint","urlTemplate":"https:\/\/decastro-robles.com\/?s={search_term_string}"},"query-input":{"@type":"PropertyValueSpecification","valueRequired":true,"valueName":"search_term_string"}}],"inLanguage":"es"},{"@type":"Organization","@id":"https:\/\/decastro-robles.com\/#organization","name":"De Castro & Robles","url":"https:\/\/decastro-robles.com\/","logo":{"@type":"ImageObject","inLanguage":"es","@id":"https:\/\/decastro-robles.com\/#\/schema\/logo\/image\/","url":"https:\/\/www.decastro-robles.com\/wp-content\/uploads\/2019\/11\/Logo-original-DCR1.png","contentUrl":"https:\/\/www.decastro-robles.com\/wp-content\/uploads\/2019\/11\/Logo-original-DCR1.png","width":215,"height":218,"caption":"De Castro & Robles"},"image":{"@id":"https:\/\/decastro-robles.com\/#\/schema\/logo\/image\/"}}]}},"_links":{"self":[{"href":"https:\/\/decastro-robles.com\/es\/wp-json\/wp\/v2\/pages\/10920","targetHints":{"allow":["GET"]}}],"collection":[{"href":"https:\/\/decastro-robles.com\/es\/wp-json\/wp\/v2\/pages"}],"about":[{"href":"https:\/\/decastro-robles.com\/es\/wp-json\/wp\/v2\/types\/page"}],"author":[{"embeddable":true,"href":"https:\/\/decastro-robles.com\/es\/wp-json\/wp\/v2\/users\/7"}],"replies":[{"embeddable":true,"href":"https:\/\/decastro-robles.com\/es\/wp-json\/wp\/v2\/comments?post=10920"}],"version-history":[{"count":5,"href":"https:\/\/decastro-robles.com\/es\/wp-json\/wp\/v2\/pages\/10920\/revisions"}],"predecessor-version":[{"id":11314,"href":"https:\/\/decastro-robles.com\/es\/wp-json\/wp\/v2\/pages\/10920\/revisions\/11314"}],"wp:attachment":[{"href":"https:\/\/decastro-robles.com\/es\/wp-json\/wp\/v2\/media?parent=10920"}],"curies":[{"name":"wp","href":"https:\/\/api.w.org\/{rel}","templated":true}]}}