{"id":10905,"date":"2020-06-22T18:42:35","date_gmt":"2020-06-22T23:42:35","guid":{"rendered":"https:\/\/www.decastro-robles.com\/?page_id=10905"},"modified":"2021-01-12T09:32:10","modified_gmt":"2021-01-12T14:32:10","slug":"derecho-energetico","status":"publish","type":"page","link":"https:\/\/decastro-robles.com\/es\/derecho-energetico\/","title":{"rendered":"Derecho Energ\u00e9tico"},"content":{"rendered":"<div class=\"wpb-content-wrapper\"><style type=\"text\/css\" data-type=\"vc_cmsms_shortcodes-custom-css\"><\/style><p>[vc_row][vc_column][vc_single_image image=\u00bb9611&#8243; img_size=\u00bb1200&#215;500&#8243;][vc_column_text el_class=\u00bbcustom-p\u00bb]<span style=\"font-weight: 400;\">La ubicaci\u00f3n geogr\u00e1fica de Panam\u00e1 ha jugado un papel importante para la industria de la producci\u00f3n, almacenaje y distribuci\u00f3n de energ\u00eda el\u00e9ctrica.<\/span><\/p>\n<p><span style=\"font-weight: 400;\">Esta industria cuenta con dos principales actividades: los hidrocarburos y la energ\u00eda el\u00e9ctrica.\u00a0 Ambas actividades son reguladas por la Secretar\u00eda Nacional de Energ\u00eda y la Autoridad Nacional de los Servicios P\u00fablicos (ASEP).<\/span>[\/vc_column_text][vc_row_inner][vc_column_inner width=\u00bb1\/2&#8243;][vc_column_text]<\/p>\n<h3><b>Hidrocarburos<\/b><\/h3>\n<p><span style=\"font-weight: 400;\">Panam\u00e1 ha realizado esfuerzos significativos a fin de crear reg\u00edmenes especiales para beneficiar la importaci\u00f3n, procesamiento, almacenaje y comercializaci\u00f3n de los combustibles, productos derivados de los combustibles y combustibles alternativos.\u00a0 Estos reg\u00edmenes cuentan con beneficios fiscales y se encuentran ampliamente regulados.<\/span><\/p>\n<p><span style=\"font-weight: 400;\">Nuestra Firma asesora y asiste a sus clientes en la obtenci\u00f3n de los diferentes permisos otorgados por la Secretar\u00eda Nacional de Energ\u00eda para operar desde las Zonas Libres de Combustible y para constituirse como tal.<\/span><\/p>\n<p><span style=\"font-weight: 400;\">A continuaci\u00f3n, un listado de las Zonas Libres de Combustibles que actualmente operan en Panam\u00e1 (este listado puede variar con el tiempo):<\/span><\/p>\n<ol>\n<li style=\"font-weight: 400;\" aria-level=\"1\"><span style=\"font-weight: 400;\">Aeropuerto Internacional de Tocumen, S.A.<\/span><\/li>\n<li style=\"font-weight: 400;\" aria-level=\"1\"><span style=\"font-weight: 400;\">Autoridad Mar\u00edtima de Panam\u00e1 (Crist\u00f3bal &amp; Balboa)<\/span><\/li>\n<li style=\"font-weight: 400;\" aria-level=\"1\"><span style=\"font-weight: 400;\">[PTP] Petroterminal de Panam\u00e1, S.A.\u00a0(Charco Azul, Chiriqu\u00ed)<\/span><\/li>\n<li style=\"font-weight: 400;\" aria-level=\"1\"><span style=\"font-weight: 400;\">Petroport, S.A. (Crist\u00f3bal)<\/span><\/li>\n<li style=\"font-weight: 400;\" aria-level=\"1\"><span style=\"font-weight: 400;\">Payardi Terminal Company, S. DE R.L. (Bah\u00eda Las Minas)<\/span><\/li>\n<li style=\"font-weight: 400;\" aria-level=\"1\"><span style=\"font-weight: 400;\">[PATSA] Petroam\u00e9rica Terminal, S.A. (Rodman)<\/span><\/li>\n<li style=\"font-weight: 400;\" aria-level=\"1\"><span style=\"font-weight: 400;\">Decal Panam\u00e1, S.A. (Isla Taboguilla)<\/span><\/li>\n<li style=\"font-weight: 400;\" aria-level=\"1\"><span style=\"font-weight: 400;\">[COASSA] Colon Oil and Services, S.A. (Coco Solo, Crist\u00f3bal)<\/span><\/li>\n<li style=\"font-weight: 400;\" aria-level=\"1\"><span style=\"font-weight: 400;\">Melones Oil Terminal, Inc. (Isla Melones)<\/span><\/li>\n<li style=\"font-weight: 400;\" aria-level=\"1\"><span style=\"font-weight: 400;\">Telfers Tank, Inc. (Isla Telfers)<\/span><\/li>\n<li style=\"font-weight: 400;\" aria-level=\"1\"><span style=\"font-weight: 400;\">Costa Norte LNG Terminal, S. DE R.L. (Isla Telfers)<\/span><\/li>\n<\/ol>\n<p>[\/vc_column_text][\/vc_column_inner][vc_column_inner width=\u00bb1\/2&#8243;][vc_column_text]<\/p>\n<h3><b>Energ\u00eda El\u00e9ctrica<\/b><\/h3>\n<p><span style=\"font-weight: 400;\">Este sector tambi\u00e9n se encuentra sustancialmente regulado.\u00a0 Las reglas del mercado son el reflejo de la necesidad de asegurar un suministro constante y eficiente de energ\u00eda el\u00e9ctrica en Panam\u00e1.<\/span><\/p>\n<p><span style=\"font-weight: 400;\">Panam\u00e1 cuenta con m\u00faltiples plantas hidroel\u00e9ctricas y termoel\u00e9ctricas para la generaci\u00f3n de energ\u00eda el\u00e9ctrica la cual sirve para atender las necesidades locales, as\u00ed como generar un producto para comercializar en el extranjero mediante la exportaci\u00f3n de energ\u00eda el\u00e9ctrica.<\/span><\/p>\n<p><span style=\"font-weight: 400;\">Panam\u00e1 es parte del Sistema de Interconexi\u00f3n El\u00e9ctrica de los Pa\u00edses de Am\u00e9rica Central (SIEPAC) y de la Interconexi\u00f3n El\u00e9ctrica Colombia Panam\u00e1 (ICP), lo que le permite\u00a0 comercializar, importar y exportar energ\u00eda el\u00e9ctrica con pa\u00edses en el continente americano.\u00a0<\/span><\/p>\n<p><span style=\"font-weight: 400;\">La atenci\u00f3n en estos sectores requiere de abogados altamente especializados, ya que las regulaciones son especial\u00edsimas para cada uno de ellos. \u00a0 Nos enorgullece que en De Castro &amp; Robles contamos con abogados capaces de brindar dicha asesor\u00eda y atenci\u00f3n. <\/span>[\/vc_column_text][\/vc_column_inner][\/vc_row_inner][\/vc_column][\/vc_row][vc_row][vc_column][vc_cta h2=\u00bb\u00bfTiene alguna pregunta?\u00bb txt_align=\u00bbcenter\u00bb btn_title=\u00bb\u00a1Cont\u00e1ctenos!\u00bb h2_font_container=\u00bbfont_size:20px|line_height:22px\u00bb h2_use_theme_fonts=\u00bbyes\u00bb btn_uniqid=\u00bbcmsms_shcd_5ffdae431e2e38_60338029&#8243; use_custom_fonts_h2=\u00bbtrue\u00bb btn_link=\u00bburl:%2Fes%2Fcontactenos%2F\u00bb css=\u00bb.vc_custom_1610460746882{padding-top: 40px !important;padding-bottom: 40px !important;}\u00bb][\/vc_cta][\/vc_column][\/vc_row]<\/p>\n<\/div>","protected":false},"excerpt":{"rendered":"<p>[vc_row][vc_column][vc_single_image image=\u00bb9611&#8243; img_size=\u00bb1200&#215;500&#8243;][vc_column_text el_class=\u00bbcustom-p\u00bb]La ubicaci\u00f3n geogr\u00e1fica de Panam\u00e1 ha jugado un papel importante para la industria de la producci\u00f3n, almacenaje y distribuci\u00f3n de energ\u00eda el\u00e9ctrica. Esta industria cuenta con dos principales actividades: los hidrocarburos y la energ\u00eda el\u00e9ctrica.\u00a0 Ambas actividades son reguladas por la Secretar\u00eda Nacional de Energ\u00eda y la Autoridad Nacional de los Servicios&#8230;<\/p>\n","protected":false},"author":7,"featured_media":0,"parent":0,"menu_order":0,"comment_status":"closed","ping_status":"closed","template":"","meta":{"footnotes":""},"class_list":["post-10905","page","type-page","status-publish","hentry"],"yoast_head":"<!-- This site is optimized with the Yoast SEO plugin v27.3 - https:\/\/yoast.com\/product\/yoast-seo-wordpress\/ -->\n<title>Derecho Energ\u00e9tico - De Castro &amp; Robles - Panama<\/title>\n<meta name=\"description\" content=\"Welcome to our website. What matters to us the most, are the interests of our clients, and the long-term relationships that we have developed with them.\" \/>\n<meta name=\"robots\" content=\"index, follow, max-snippet:-1, max-image-preview:large, max-video-preview:-1\" \/>\n<link rel=\"canonical\" href=\"https:\/\/decastro-robles.com\/es\/derecho-energetico\/\" \/>\n<meta property=\"og:locale\" content=\"es_ES\" \/>\n<meta property=\"og:type\" content=\"article\" \/>\n<meta property=\"og:title\" content=\"Derecho Energ\u00e9tico - De Castro &amp; Robles - Panama\" \/>\n<meta property=\"og:description\" content=\"Welcome to our website. What matters to us the most, are the interests of our clients, and the long-term relationships that we have developed with them.\" \/>\n<meta property=\"og:url\" content=\"https:\/\/decastro-robles.com\/es\/derecho-energetico\/\" \/>\n<meta property=\"og:site_name\" content=\"De Castro &amp; Robles\" \/>\n<meta property=\"article:modified_time\" content=\"2021-01-12T14:32:10+00:00\" \/>\n<meta name=\"twitter:card\" content=\"summary_large_image\" \/>\n<meta name=\"twitter:label1\" content=\"Tiempo de lectura\" \/>\n\t<meta name=\"twitter:data1\" content=\"3 minutos\" \/>\n<script type=\"application\/ld+json\" class=\"yoast-schema-graph\">{\"@context\":\"https:\\\/\\\/schema.org\",\"@graph\":[{\"@type\":\"WebPage\",\"@id\":\"https:\\\/\\\/decastro-robles.com\\\/es\\\/derecho-energetico\\\/\",\"url\":\"https:\\\/\\\/decastro-robles.com\\\/es\\\/derecho-energetico\\\/\",\"name\":\"Derecho Energ\u00e9tico - De Castro &amp; Robles - Panama\",\"isPartOf\":{\"@id\":\"https:\\\/\\\/decastro-robles.com\\\/#website\"},\"datePublished\":\"2020-06-22T23:42:35+00:00\",\"dateModified\":\"2021-01-12T14:32:10+00:00\",\"description\":\"Welcome to our website. What matters to us the most, are the interests of our clients, and the long-term relationships that we have developed with them.\",\"breadcrumb\":{\"@id\":\"https:\\\/\\\/decastro-robles.com\\\/es\\\/derecho-energetico\\\/#breadcrumb\"},\"inLanguage\":\"es\",\"potentialAction\":[{\"@type\":\"ReadAction\",\"target\":[\"https:\\\/\\\/decastro-robles.com\\\/es\\\/derecho-energetico\\\/\"]}]},{\"@type\":\"BreadcrumbList\",\"@id\":\"https:\\\/\\\/decastro-robles.com\\\/es\\\/derecho-energetico\\\/#breadcrumb\",\"itemListElement\":[{\"@type\":\"ListItem\",\"position\":1,\"name\":\"Inicio\",\"item\":\"https:\\\/\\\/decastro-robles.com\\\/es\\\/\"},{\"@type\":\"ListItem\",\"position\":2,\"name\":\"Derecho Energ\u00e9tico\"}]},{\"@type\":\"WebSite\",\"@id\":\"https:\\\/\\\/decastro-robles.com\\\/#website\",\"url\":\"https:\\\/\\\/decastro-robles.com\\\/\",\"name\":\"De Castro &amp; Robles\",\"description\":\"A full service firm\",\"publisher\":{\"@id\":\"https:\\\/\\\/decastro-robles.com\\\/#organization\"},\"potentialAction\":[{\"@type\":\"SearchAction\",\"target\":{\"@type\":\"EntryPoint\",\"urlTemplate\":\"https:\\\/\\\/decastro-robles.com\\\/?s={search_term_string}\"},\"query-input\":{\"@type\":\"PropertyValueSpecification\",\"valueRequired\":true,\"valueName\":\"search_term_string\"}}],\"inLanguage\":\"es\"},{\"@type\":\"Organization\",\"@id\":\"https:\\\/\\\/decastro-robles.com\\\/#organization\",\"name\":\"De Castro & Robles\",\"url\":\"https:\\\/\\\/decastro-robles.com\\\/\",\"logo\":{\"@type\":\"ImageObject\",\"inLanguage\":\"es\",\"@id\":\"https:\\\/\\\/decastro-robles.com\\\/#\\\/schema\\\/logo\\\/image\\\/\",\"url\":\"https:\\\/\\\/www.decastro-robles.com\\\/wp-content\\\/uploads\\\/2019\\\/11\\\/Logo-original-DCR1.png\",\"contentUrl\":\"https:\\\/\\\/www.decastro-robles.com\\\/wp-content\\\/uploads\\\/2019\\\/11\\\/Logo-original-DCR1.png\",\"width\":215,\"height\":218,\"caption\":\"De Castro & Robles\"},\"image\":{\"@id\":\"https:\\\/\\\/decastro-robles.com\\\/#\\\/schema\\\/logo\\\/image\\\/\"}}]}<\/script>\n<!-- \/ Yoast SEO plugin. -->","yoast_head_json":{"title":"Derecho Energ\u00e9tico - De Castro &amp; Robles - Panama","description":"Welcome to our website. What matters to us the most, are the interests of our clients, and the long-term relationships that we have developed with them.","robots":{"index":"index","follow":"follow","max-snippet":"max-snippet:-1","max-image-preview":"max-image-preview:large","max-video-preview":"max-video-preview:-1"},"canonical":"https:\/\/decastro-robles.com\/es\/derecho-energetico\/","og_locale":"es_ES","og_type":"article","og_title":"Derecho Energ\u00e9tico - De Castro &amp; Robles - Panama","og_description":"Welcome to our website. What matters to us the most, are the interests of our clients, and the long-term relationships that we have developed with them.","og_url":"https:\/\/decastro-robles.com\/es\/derecho-energetico\/","og_site_name":"De Castro &amp; Robles","article_modified_time":"2021-01-12T14:32:10+00:00","twitter_card":"summary_large_image","twitter_misc":{"Tiempo de lectura":"3 minutos"},"schema":{"@context":"https:\/\/schema.org","@graph":[{"@type":"WebPage","@id":"https:\/\/decastro-robles.com\/es\/derecho-energetico\/","url":"https:\/\/decastro-robles.com\/es\/derecho-energetico\/","name":"Derecho Energ\u00e9tico - De Castro &amp; Robles - Panama","isPartOf":{"@id":"https:\/\/decastro-robles.com\/#website"},"datePublished":"2020-06-22T23:42:35+00:00","dateModified":"2021-01-12T14:32:10+00:00","description":"Welcome to our website. What matters to us the most, are the interests of our clients, and the long-term relationships that we have developed with them.","breadcrumb":{"@id":"https:\/\/decastro-robles.com\/es\/derecho-energetico\/#breadcrumb"},"inLanguage":"es","potentialAction":[{"@type":"ReadAction","target":["https:\/\/decastro-robles.com\/es\/derecho-energetico\/"]}]},{"@type":"BreadcrumbList","@id":"https:\/\/decastro-robles.com\/es\/derecho-energetico\/#breadcrumb","itemListElement":[{"@type":"ListItem","position":1,"name":"Inicio","item":"https:\/\/decastro-robles.com\/es\/"},{"@type":"ListItem","position":2,"name":"Derecho Energ\u00e9tico"}]},{"@type":"WebSite","@id":"https:\/\/decastro-robles.com\/#website","url":"https:\/\/decastro-robles.com\/","name":"De Castro &amp; Robles","description":"A full service firm","publisher":{"@id":"https:\/\/decastro-robles.com\/#organization"},"potentialAction":[{"@type":"SearchAction","target":{"@type":"EntryPoint","urlTemplate":"https:\/\/decastro-robles.com\/?s={search_term_string}"},"query-input":{"@type":"PropertyValueSpecification","valueRequired":true,"valueName":"search_term_string"}}],"inLanguage":"es"},{"@type":"Organization","@id":"https:\/\/decastro-robles.com\/#organization","name":"De Castro & Robles","url":"https:\/\/decastro-robles.com\/","logo":{"@type":"ImageObject","inLanguage":"es","@id":"https:\/\/decastro-robles.com\/#\/schema\/logo\/image\/","url":"https:\/\/www.decastro-robles.com\/wp-content\/uploads\/2019\/11\/Logo-original-DCR1.png","contentUrl":"https:\/\/www.decastro-robles.com\/wp-content\/uploads\/2019\/11\/Logo-original-DCR1.png","width":215,"height":218,"caption":"De Castro & Robles"},"image":{"@id":"https:\/\/decastro-robles.com\/#\/schema\/logo\/image\/"}}]}},"_links":{"self":[{"href":"https:\/\/decastro-robles.com\/es\/wp-json\/wp\/v2\/pages\/10905","targetHints":{"allow":["GET"]}}],"collection":[{"href":"https:\/\/decastro-robles.com\/es\/wp-json\/wp\/v2\/pages"}],"about":[{"href":"https:\/\/decastro-robles.com\/es\/wp-json\/wp\/v2\/types\/page"}],"author":[{"embeddable":true,"href":"https:\/\/decastro-robles.com\/es\/wp-json\/wp\/v2\/users\/7"}],"replies":[{"embeddable":true,"href":"https:\/\/decastro-robles.com\/es\/wp-json\/wp\/v2\/comments?post=10905"}],"version-history":[{"count":5,"href":"https:\/\/decastro-robles.com\/es\/wp-json\/wp\/v2\/pages\/10905\/revisions"}],"predecessor-version":[{"id":11297,"href":"https:\/\/decastro-robles.com\/es\/wp-json\/wp\/v2\/pages\/10905\/revisions\/11297"}],"wp:attachment":[{"href":"https:\/\/decastro-robles.com\/es\/wp-json\/wp\/v2\/media?parent=10905"}],"curies":[{"name":"wp","href":"https:\/\/api.w.org\/{rel}","templated":true}]}}