{"id":10893,"date":"2020-06-22T18:38:51","date_gmt":"2020-06-22T23:38:51","guid":{"rendered":"https:\/\/www.decastro-robles.com\/?page_id=10893"},"modified":"2021-01-12T09:41:34","modified_gmt":"2021-01-12T14:41:34","slug":"licitaciones","status":"publish","type":"page","link":"https:\/\/decastro-robles.com\/es\/licitaciones\/","title":{"rendered":"Licitaciones (Contrataciones P\u00fablicas)"},"content":{"rendered":"<div class=\"wpb-content-wrapper\"><style type=\"text\/css\" data-type=\"vc_cmsms_shortcodes-custom-css\"><\/style><p>[vc_row][vc_column][vc_single_image image=\u00bb9627&#8243; img_size=\u00bb1200&#215;500&#8243;][vc_column_text el_class=\u00bbcustom-p\u00bb]<span style=\"font-weight: 400;\">En el a\u00f1o 2006, Panam\u00e1 avanz\u00f3 significativamente en el tema de licitaciones (contrataciones p\u00fablicas), creando el marco legal para que las mismas se lleven a cabo de forma transparente y justa a trav\u00e9s de la promulgaci\u00f3n de la Ley 22 de 2006, propiciando un nuevo segmento lucrativo para las empresas e individuos que desean ofrecer bienes y servicios al gobierno paname\u00f1o.<\/span><\/p>\n<p><span style=\"font-weight: 400;\">Las reglas son sencillas; toda licitaci\u00f3n debe pasar por un proceso administrativo asistido por medios electr\u00f3nicos, resultando en adjudicaciones justas y expeditas.\u00a0 El Estado y sus instituciones no pueden convocar a una licitaci\u00f3n sin antes presupuestar el gasto y asignar el personal requerido para su ejecuci\u00f3n.\u00a0 Las licitaciones son notificadas y llevadas a cabo a trav\u00e9s de un sitio web dedicado para tal fin (i.e. <\/span><a href=\"http:\/\/www.panamacompra.gob.pa\"><span style=\"font-weight: 400;\">www.panamacompra.gob.pa<\/span><\/a><span style=\"font-weight: 400;\">).<\/span><\/p>\n<p><span style=\"font-weight: 400;\">Toda instituci\u00f3n gubernamental puede solicitar la convocatoria de licitaciones y una entidad administrativa denominada Direcci\u00f3n Nacional de Contrataciones P\u00fablicas supervisa el cumplimiento de la Ley en estos actos p\u00fablicos.\u00a0 Adicionalmente, Panam\u00e1 cuenta con el Tribunal Administrativo de Contrataciones P\u00fablicas, un ente independiente, que busca garantizar que los resultados sean acordes a la Ley.<\/span><\/p>\n<p><span style=\"font-weight: 400;\">Las publicaciones y notificaciones de las licitaciones se realizan en l\u00ednea en el portal de <\/span><a href=\"http:\/\/www.panamacompra.gob.pa\"><span style=\"font-weight: 400;\">www.panamacompra.gob.pa<\/span><\/a><span style=\"font-weight: 400;\">.\u00a0<\/span><\/p>\n<p><span style=\"font-weight: 400;\">Nuestra firma asesora y asiste a varios clientes quienes de forma habitual participan en licitaciones de diversa \u00edndole, obteni\u00e9ndoles resultados favorables.\u00a0 De igual forma, presentamos reclamos y otros recursos legales a fin de proteger sus derechos durante las licitaciones, de ser necesario.\u00a0 <\/span>[\/vc_column_text][\/vc_column][\/vc_row][vc_row][vc_column][vc_cta h2=\u00bb\u00bfTiene alguna pregunta?\u00bb txt_align=\u00bbcenter\u00bb btn_title=\u00bb\u00a1Cont\u00e1ctenos!\u00bb h2_font_container=\u00bbfont_size:20px|line_height:22px\u00bb h2_use_theme_fonts=\u00bbyes\u00bb btn_uniqid=\u00bbcmsms_shcd_5ffdadf64c9f39_55357135&#8243; use_custom_fonts_h2=\u00bbtrue\u00bb btn_link=\u00bburl:%2Fes%2Fcontactenos%2F\u00bb css=\u00bb.vc_custom_1610460669456{padding-top: 40px !important;padding-bottom: 40px !important;}\u00bb][\/vc_cta][\/vc_column][\/vc_row]<\/p>\n<\/div>","protected":false},"excerpt":{"rendered":"<p>[vc_row][vc_column][vc_single_image image=\u00bb9627&#8243; img_size=\u00bb1200&#215;500&#8243;][vc_column_text el_class=\u00bbcustom-p\u00bb]En el a\u00f1o 2006, Panam\u00e1 avanz\u00f3 significativamente en el tema de licitaciones (contrataciones p\u00fablicas), creando el marco legal para que las mismas se lleven a cabo de forma transparente y justa a trav\u00e9s de la promulgaci\u00f3n de la Ley 22 de 2006, propiciando un nuevo segmento lucrativo para las empresas e individuos&#8230;<\/p>\n","protected":false},"author":7,"featured_media":0,"parent":0,"menu_order":0,"comment_status":"closed","ping_status":"closed","template":"","meta":{"footnotes":""},"class_list":["post-10893","page","type-page","status-publish","hentry"],"yoast_head":"<!-- This site is optimized with the Yoast SEO plugin v27.3 - https:\/\/yoast.com\/product\/yoast-seo-wordpress\/ -->\n<title>Licitaciones (Contrataciones P\u00fablicas) - De Castro &amp; Robles - Panama<\/title>\n<meta name=\"description\" content=\"Welcome to our website. What matters to us the most, are the interests of our clients, and the long-term relationships that we have developed with them.\" \/>\n<meta name=\"robots\" content=\"index, follow, max-snippet:-1, max-image-preview:large, max-video-preview:-1\" \/>\n<link rel=\"canonical\" href=\"https:\/\/www.decastro-robles.com\/es\/licitaciones\/\" \/>\n<meta property=\"og:locale\" content=\"es_ES\" \/>\n<meta property=\"og:type\" content=\"article\" \/>\n<meta property=\"og:title\" content=\"Licitaciones (Contrataciones P\u00fablicas) - De Castro &amp; Robles - Panama\" \/>\n<meta property=\"og:description\" content=\"Welcome to our website. What matters to us the most, are the interests of our clients, and the long-term relationships that we have developed with them.\" \/>\n<meta property=\"og:url\" content=\"https:\/\/www.decastro-robles.com\/es\/licitaciones\/\" \/>\n<meta property=\"og:site_name\" content=\"De Castro &amp; Robles\" \/>\n<meta property=\"article:modified_time\" content=\"2021-01-12T14:41:34+00:00\" \/>\n<meta name=\"twitter:card\" content=\"summary_large_image\" \/>\n<meta name=\"twitter:label1\" content=\"Tiempo de lectura\" \/>\n\t<meta name=\"twitter:data1\" content=\"2 minutos\" \/>\n<script type=\"application\/ld+json\" class=\"yoast-schema-graph\">{\"@context\":\"https:\\\/\\\/schema.org\",\"@graph\":[{\"@type\":\"WebPage\",\"@id\":\"https:\\\/\\\/www.decastro-robles.com\\\/es\\\/licitaciones\\\/\",\"url\":\"https:\\\/\\\/www.decastro-robles.com\\\/es\\\/licitaciones\\\/\",\"name\":\"Licitaciones (Contrataciones P\u00fablicas) - De Castro &amp; Robles - Panama\",\"isPartOf\":{\"@id\":\"https:\\\/\\\/decastro-robles.com\\\/#website\"},\"datePublished\":\"2020-06-22T23:38:51+00:00\",\"dateModified\":\"2021-01-12T14:41:34+00:00\",\"description\":\"Welcome to our website. What matters to us the most, are the interests of our clients, and the long-term relationships that we have developed with them.\",\"breadcrumb\":{\"@id\":\"https:\\\/\\\/www.decastro-robles.com\\\/es\\\/licitaciones\\\/#breadcrumb\"},\"inLanguage\":\"es\",\"potentialAction\":[{\"@type\":\"ReadAction\",\"target\":[\"https:\\\/\\\/www.decastro-robles.com\\\/es\\\/licitaciones\\\/\"]}]},{\"@type\":\"BreadcrumbList\",\"@id\":\"https:\\\/\\\/www.decastro-robles.com\\\/es\\\/licitaciones\\\/#breadcrumb\",\"itemListElement\":[{\"@type\":\"ListItem\",\"position\":1,\"name\":\"Inicio\",\"item\":\"https:\\\/\\\/decastro-robles.com\\\/es\\\/\"},{\"@type\":\"ListItem\",\"position\":2,\"name\":\"Licitaciones (Contrataciones P\u00fablicas)\"}]},{\"@type\":\"WebSite\",\"@id\":\"https:\\\/\\\/decastro-robles.com\\\/#website\",\"url\":\"https:\\\/\\\/decastro-robles.com\\\/\",\"name\":\"De Castro &amp; Robles\",\"description\":\"A full service firm\",\"publisher\":{\"@id\":\"https:\\\/\\\/decastro-robles.com\\\/#organization\"},\"potentialAction\":[{\"@type\":\"SearchAction\",\"target\":{\"@type\":\"EntryPoint\",\"urlTemplate\":\"https:\\\/\\\/decastro-robles.com\\\/?s={search_term_string}\"},\"query-input\":{\"@type\":\"PropertyValueSpecification\",\"valueRequired\":true,\"valueName\":\"search_term_string\"}}],\"inLanguage\":\"es\"},{\"@type\":\"Organization\",\"@id\":\"https:\\\/\\\/decastro-robles.com\\\/#organization\",\"name\":\"De Castro & Robles\",\"url\":\"https:\\\/\\\/decastro-robles.com\\\/\",\"logo\":{\"@type\":\"ImageObject\",\"inLanguage\":\"es\",\"@id\":\"https:\\\/\\\/decastro-robles.com\\\/#\\\/schema\\\/logo\\\/image\\\/\",\"url\":\"https:\\\/\\\/www.decastro-robles.com\\\/wp-content\\\/uploads\\\/2019\\\/11\\\/Logo-original-DCR1.png\",\"contentUrl\":\"https:\\\/\\\/www.decastro-robles.com\\\/wp-content\\\/uploads\\\/2019\\\/11\\\/Logo-original-DCR1.png\",\"width\":215,\"height\":218,\"caption\":\"De Castro & Robles\"},\"image\":{\"@id\":\"https:\\\/\\\/decastro-robles.com\\\/#\\\/schema\\\/logo\\\/image\\\/\"}}]}<\/script>\n<!-- \/ Yoast SEO plugin. -->","yoast_head_json":{"title":"Licitaciones (Contrataciones P\u00fablicas) - De Castro &amp; Robles - Panama","description":"Welcome to our website. What matters to us the most, are the interests of our clients, and the long-term relationships that we have developed with them.","robots":{"index":"index","follow":"follow","max-snippet":"max-snippet:-1","max-image-preview":"max-image-preview:large","max-video-preview":"max-video-preview:-1"},"canonical":"https:\/\/www.decastro-robles.com\/es\/licitaciones\/","og_locale":"es_ES","og_type":"article","og_title":"Licitaciones (Contrataciones P\u00fablicas) - De Castro &amp; Robles - Panama","og_description":"Welcome to our website. What matters to us the most, are the interests of our clients, and the long-term relationships that we have developed with them.","og_url":"https:\/\/www.decastro-robles.com\/es\/licitaciones\/","og_site_name":"De Castro &amp; Robles","article_modified_time":"2021-01-12T14:41:34+00:00","twitter_card":"summary_large_image","twitter_misc":{"Tiempo de lectura":"2 minutos"},"schema":{"@context":"https:\/\/schema.org","@graph":[{"@type":"WebPage","@id":"https:\/\/www.decastro-robles.com\/es\/licitaciones\/","url":"https:\/\/www.decastro-robles.com\/es\/licitaciones\/","name":"Licitaciones (Contrataciones P\u00fablicas) - De Castro &amp; Robles - Panama","isPartOf":{"@id":"https:\/\/decastro-robles.com\/#website"},"datePublished":"2020-06-22T23:38:51+00:00","dateModified":"2021-01-12T14:41:34+00:00","description":"Welcome to our website. What matters to us the most, are the interests of our clients, and the long-term relationships that we have developed with them.","breadcrumb":{"@id":"https:\/\/www.decastro-robles.com\/es\/licitaciones\/#breadcrumb"},"inLanguage":"es","potentialAction":[{"@type":"ReadAction","target":["https:\/\/www.decastro-robles.com\/es\/licitaciones\/"]}]},{"@type":"BreadcrumbList","@id":"https:\/\/www.decastro-robles.com\/es\/licitaciones\/#breadcrumb","itemListElement":[{"@type":"ListItem","position":1,"name":"Inicio","item":"https:\/\/decastro-robles.com\/es\/"},{"@type":"ListItem","position":2,"name":"Licitaciones (Contrataciones P\u00fablicas)"}]},{"@type":"WebSite","@id":"https:\/\/decastro-robles.com\/#website","url":"https:\/\/decastro-robles.com\/","name":"De Castro &amp; Robles","description":"A full service firm","publisher":{"@id":"https:\/\/decastro-robles.com\/#organization"},"potentialAction":[{"@type":"SearchAction","target":{"@type":"EntryPoint","urlTemplate":"https:\/\/decastro-robles.com\/?s={search_term_string}"},"query-input":{"@type":"PropertyValueSpecification","valueRequired":true,"valueName":"search_term_string"}}],"inLanguage":"es"},{"@type":"Organization","@id":"https:\/\/decastro-robles.com\/#organization","name":"De Castro & Robles","url":"https:\/\/decastro-robles.com\/","logo":{"@type":"ImageObject","inLanguage":"es","@id":"https:\/\/decastro-robles.com\/#\/schema\/logo\/image\/","url":"https:\/\/www.decastro-robles.com\/wp-content\/uploads\/2019\/11\/Logo-original-DCR1.png","contentUrl":"https:\/\/www.decastro-robles.com\/wp-content\/uploads\/2019\/11\/Logo-original-DCR1.png","width":215,"height":218,"caption":"De Castro & Robles"},"image":{"@id":"https:\/\/decastro-robles.com\/#\/schema\/logo\/image\/"}}]}},"_links":{"self":[{"href":"https:\/\/decastro-robles.com\/es\/wp-json\/wp\/v2\/pages\/10893","targetHints":{"allow":["GET"]}}],"collection":[{"href":"https:\/\/decastro-robles.com\/es\/wp-json\/wp\/v2\/pages"}],"about":[{"href":"https:\/\/decastro-robles.com\/es\/wp-json\/wp\/v2\/types\/page"}],"author":[{"embeddable":true,"href":"https:\/\/decastro-robles.com\/es\/wp-json\/wp\/v2\/users\/7"}],"replies":[{"embeddable":true,"href":"https:\/\/decastro-robles.com\/es\/wp-json\/wp\/v2\/comments?post=10893"}],"version-history":[{"count":5,"href":"https:\/\/decastro-robles.com\/es\/wp-json\/wp\/v2\/pages\/10893\/revisions"}],"predecessor-version":[{"id":11306,"href":"https:\/\/decastro-robles.com\/es\/wp-json\/wp\/v2\/pages\/10893\/revisions\/11306"}],"wp:attachment":[{"href":"https:\/\/decastro-robles.com\/es\/wp-json\/wp\/v2\/media?parent=10893"}],"curies":[{"name":"wp","href":"https:\/\/api.w.org\/{rel}","templated":true}]}}