{"id":10875,"date":"2020-06-22T18:30:13","date_gmt":"2020-06-22T23:30:13","guid":{"rendered":"https:\/\/www.decastro-robles.com\/?page_id=10875"},"modified":"2021-01-12T09:47:17","modified_gmt":"2021-01-12T14:47:17","slug":"reclamos-contra-la-autoridad-del-canal-de-panama","status":"publish","type":"page","link":"https:\/\/decastro-robles.com\/es\/reclamos-contra-la-autoridad-del-canal-de-panama\/","title":{"rendered":"Reclamos contra la Autoridad del Canal de Panam\u00e1"},"content":{"rendered":"<div class=\"wpb-content-wrapper\"><style type=\"text\/css\" data-type=\"vc_cmsms_shortcodes-custom-css\"><\/style><p>[vc_row][vc_column][vc_single_image image=\u00bb9588&#8243; img_size=\u00bb1200&#215;500&#8243;][vc_column_text el_class=\u00bbcustom-p\u00bb]<span style=\"font-weight: 400;\">Desde 1956, De Castro &amp; Robles ha representado clientes ante la Autoridad del Canal de Panam\u00e1 y sus antecesores (i.e. Compa\u00f1\u00eda del Canal de Panam\u00e1 y la Comisi\u00f3n del Canal de Panam\u00e1).<\/span><\/p>\n<p><span style=\"font-weight: 400;\">Los reclamos que puedan surgir por da\u00f1os a embarcaciones y carga y lesiones y muerte de tripulantes y pasajeros producto de su tr\u00e1nsito por el Canal de Panam\u00e1, o la navegaci\u00f3n en las aguas adyacentes, incluyendo terminales portuarias en ambos extremos del Canal, pueden ser presentados ante la Autoridad del Canal de Panam\u00e1 dentro de los dos (2) a\u00f1os siguientes al suceso, sujeto a que se hayan tomado los pasos necesarios para instaurar dicho reclamo antes que la embarcaci\u00f3n zarpe de aguas del Canal.<\/span><\/p>\n<p><span style=\"font-weight: 400;\">La base para el reclamo se crea mediante una solicitud de investigaci\u00f3n ante la Junta de Inspectores de la Autoridad del Canal de Panam\u00e1.\u00a0 En el curso de su investigaci\u00f3n, la Junta de Inspectores recibe documentaci\u00f3n relevante y entrevista testigos bajo juramento en relaci\u00f3n con los aspectos de navegaci\u00f3n y seguridad referentes al incidente.\u00a0 Las partes interesadas en el reclamo y sus respectivos representantes tienen derecho a interrogar a dichos testigos.<\/span><\/p>\n<p><span style=\"font-weight: 400;\">Abogados de nuestra firma cuentan con experiencia en navegaci\u00f3n adquirida en la Academia de la Marina Mercante de los Estados Unidos (USMMA o Kings Point), lo que les permite comprender y discutir los aspectos t\u00e9cnicos y de navegaci\u00f3n con Pilotos, Capitanes y otros testigos.<\/span><\/p>\n<p><span style=\"font-weight: 400;\">Unas semanas luego de concluida la investigaci\u00f3n, la Junta emite su opini\u00f3n respecto a la causa del incidente. Esta opini\u00f3n no es vinculante para los propietarios, operadores y\/o fletadores de la embarcaci\u00f3n, de encontrarse responsabilidad de \u00e9stos.<\/span><\/p>\n<p><span style=\"font-weight: 400;\">El reclamo se presenta ante la Autoridad del Canal de Panam\u00e1.\u00a0 Si est\u00e1n de acuerdo con lo reclamado, la Autoridad del Canal de Panam\u00e1 realizar\u00e1 una oferta de transacci\u00f3n.<\/span><\/p>\n<p><span style=\"font-weight: 400;\">Si el reclamante no se encuentra conforme con la determinaci\u00f3n de su reclamo por parte de la Autoridad del Canal de Panam\u00e1, podr\u00e1 presentar una demanda ante los Tribunales Mar\u00edtimos de Panam\u00e1 dentro de un (1) a\u00f1o luego de recibir la determinaci\u00f3n final.<\/span><\/p>\n<p><span style=\"font-weight: 400;\">Estamos orgullosos de haber sido la primera firma en promover un proceso contra la Autoridad del Canal de Panam\u00e1 ante los Tribunales Mar\u00edtimos paname\u00f1os.<\/span>[\/vc_column_text][\/vc_column][\/vc_row][vc_row][vc_column][vc_cta h2=\u00bb\u00bfTiene alguna pregunta?\u00bb txt_align=\u00bbcenter\u00bb btn_title=\u00bb\u00a1CONT\u00c1CTENOS!\u00bb h2_font_container=\u00bbfont_size:20px|line_height:22px\u00bb h2_use_theme_fonts=\u00bbyes\u00bb btn_uniqid=\u00bbcmsms_shcd_5ffdad7f467fa0_02655308&#8243; use_custom_fonts_h2=\u00bbtrue\u00bb btn_link=\u00bburl:%2Fes%2Fcontactenos%2F\u00bb css=\u00bb.vc_custom_1610460553061{padding-top: 40px !important;padding-bottom: 40px !important;}\u00bb][\/vc_cta][\/vc_column][\/vc_row]<\/p>\n<\/div>","protected":false},"excerpt":{"rendered":"<p>[vc_row][vc_column][vc_single_image image=\u00bb9588&#8243; img_size=\u00bb1200&#215;500&#8243;][vc_column_text el_class=\u00bbcustom-p\u00bb]Desde 1956, De Castro &amp; Robles ha representado clientes ante la Autoridad del Canal de Panam\u00e1 y sus antecesores (i.e. Compa\u00f1\u00eda del Canal de Panam\u00e1 y la Comisi\u00f3n del Canal de Panam\u00e1). Los reclamos que puedan surgir por da\u00f1os a embarcaciones y carga y lesiones y muerte de tripulantes y pasajeros producto&#8230;<\/p>\n","protected":false},"author":7,"featured_media":0,"parent":0,"menu_order":0,"comment_status":"closed","ping_status":"closed","template":"","meta":{"footnotes":""},"class_list":["post-10875","page","type-page","status-publish","hentry"],"yoast_head":"<!-- This site is optimized with the Yoast SEO plugin v27.3 - https:\/\/yoast.com\/product\/yoast-seo-wordpress\/ -->\n<title>Reclamos contra la Autoridad del Canal de Panam\u00e1 - De Castro &amp; Robles - Panama<\/title>\n<meta name=\"description\" content=\"Welcome to our website. What matters to us the most, are the interests of our clients, and the long-term relationships that we have developed with them.\" \/>\n<meta name=\"robots\" content=\"index, follow, max-snippet:-1, max-image-preview:large, max-video-preview:-1\" \/>\n<link rel=\"canonical\" href=\"https:\/\/ftp.decastro-robles.com\/es\/reclamos-contra-la-autoridad-del-canal-de-panama\/\" \/>\n<meta property=\"og:locale\" content=\"es_ES\" \/>\n<meta property=\"og:type\" content=\"article\" \/>\n<meta property=\"og:title\" content=\"Reclamos contra la Autoridad del Canal de Panam\u00e1 - De Castro &amp; Robles - Panama\" \/>\n<meta property=\"og:description\" content=\"Welcome to our website. What matters to us the most, are the interests of our clients, and the long-term relationships that we have developed with them.\" \/>\n<meta property=\"og:url\" content=\"https:\/\/ftp.decastro-robles.com\/es\/reclamos-contra-la-autoridad-del-canal-de-panama\/\" \/>\n<meta property=\"og:site_name\" content=\"De Castro &amp; Robles\" \/>\n<meta property=\"article:modified_time\" content=\"2021-01-12T14:47:17+00:00\" \/>\n<meta name=\"twitter:card\" content=\"summary_large_image\" \/>\n<meta name=\"twitter:label1\" content=\"Tiempo de lectura\" \/>\n\t<meta name=\"twitter:data1\" content=\"2 minutos\" \/>\n<script type=\"application\/ld+json\" class=\"yoast-schema-graph\">{\"@context\":\"https:\\\/\\\/schema.org\",\"@graph\":[{\"@type\":\"WebPage\",\"@id\":\"https:\\\/\\\/ftp.decastro-robles.com\\\/es\\\/reclamos-contra-la-autoridad-del-canal-de-panama\\\/\",\"url\":\"https:\\\/\\\/ftp.decastro-robles.com\\\/es\\\/reclamos-contra-la-autoridad-del-canal-de-panama\\\/\",\"name\":\"Reclamos contra la Autoridad del Canal de Panam\u00e1 - De Castro &amp; Robles - Panama\",\"isPartOf\":{\"@id\":\"https:\\\/\\\/decastro-robles.com\\\/#website\"},\"datePublished\":\"2020-06-22T23:30:13+00:00\",\"dateModified\":\"2021-01-12T14:47:17+00:00\",\"description\":\"Welcome to our website. What matters to us the most, are the interests of our clients, and the long-term relationships that we have developed with them.\",\"breadcrumb\":{\"@id\":\"https:\\\/\\\/ftp.decastro-robles.com\\\/es\\\/reclamos-contra-la-autoridad-del-canal-de-panama\\\/#breadcrumb\"},\"inLanguage\":\"es\",\"potentialAction\":[{\"@type\":\"ReadAction\",\"target\":[\"https:\\\/\\\/ftp.decastro-robles.com\\\/es\\\/reclamos-contra-la-autoridad-del-canal-de-panama\\\/\"]}]},{\"@type\":\"BreadcrumbList\",\"@id\":\"https:\\\/\\\/ftp.decastro-robles.com\\\/es\\\/reclamos-contra-la-autoridad-del-canal-de-panama\\\/#breadcrumb\",\"itemListElement\":[{\"@type\":\"ListItem\",\"position\":1,\"name\":\"Inicio\",\"item\":\"https:\\\/\\\/decastro-robles.com\\\/es\\\/\"},{\"@type\":\"ListItem\",\"position\":2,\"name\":\"Reclamos contra la Autoridad del Canal de Panam\u00e1\"}]},{\"@type\":\"WebSite\",\"@id\":\"https:\\\/\\\/decastro-robles.com\\\/#website\",\"url\":\"https:\\\/\\\/decastro-robles.com\\\/\",\"name\":\"De Castro &amp; Robles\",\"description\":\"A full service firm\",\"publisher\":{\"@id\":\"https:\\\/\\\/decastro-robles.com\\\/#organization\"},\"potentialAction\":[{\"@type\":\"SearchAction\",\"target\":{\"@type\":\"EntryPoint\",\"urlTemplate\":\"https:\\\/\\\/decastro-robles.com\\\/?s={search_term_string}\"},\"query-input\":{\"@type\":\"PropertyValueSpecification\",\"valueRequired\":true,\"valueName\":\"search_term_string\"}}],\"inLanguage\":\"es\"},{\"@type\":\"Organization\",\"@id\":\"https:\\\/\\\/decastro-robles.com\\\/#organization\",\"name\":\"De Castro & Robles\",\"url\":\"https:\\\/\\\/decastro-robles.com\\\/\",\"logo\":{\"@type\":\"ImageObject\",\"inLanguage\":\"es\",\"@id\":\"https:\\\/\\\/decastro-robles.com\\\/#\\\/schema\\\/logo\\\/image\\\/\",\"url\":\"https:\\\/\\\/www.decastro-robles.com\\\/wp-content\\\/uploads\\\/2019\\\/11\\\/Logo-original-DCR1.png\",\"contentUrl\":\"https:\\\/\\\/www.decastro-robles.com\\\/wp-content\\\/uploads\\\/2019\\\/11\\\/Logo-original-DCR1.png\",\"width\":215,\"height\":218,\"caption\":\"De Castro & Robles\"},\"image\":{\"@id\":\"https:\\\/\\\/decastro-robles.com\\\/#\\\/schema\\\/logo\\\/image\\\/\"}}]}<\/script>\n<!-- \/ Yoast SEO plugin. -->","yoast_head_json":{"title":"Reclamos contra la Autoridad del Canal de Panam\u00e1 - De Castro &amp; Robles - Panama","description":"Welcome to our website. What matters to us the most, are the interests of our clients, and the long-term relationships that we have developed with them.","robots":{"index":"index","follow":"follow","max-snippet":"max-snippet:-1","max-image-preview":"max-image-preview:large","max-video-preview":"max-video-preview:-1"},"canonical":"https:\/\/ftp.decastro-robles.com\/es\/reclamos-contra-la-autoridad-del-canal-de-panama\/","og_locale":"es_ES","og_type":"article","og_title":"Reclamos contra la Autoridad del Canal de Panam\u00e1 - De Castro &amp; Robles - Panama","og_description":"Welcome to our website. What matters to us the most, are the interests of our clients, and the long-term relationships that we have developed with them.","og_url":"https:\/\/ftp.decastro-robles.com\/es\/reclamos-contra-la-autoridad-del-canal-de-panama\/","og_site_name":"De Castro &amp; Robles","article_modified_time":"2021-01-12T14:47:17+00:00","twitter_card":"summary_large_image","twitter_misc":{"Tiempo de lectura":"2 minutos"},"schema":{"@context":"https:\/\/schema.org","@graph":[{"@type":"WebPage","@id":"https:\/\/ftp.decastro-robles.com\/es\/reclamos-contra-la-autoridad-del-canal-de-panama\/","url":"https:\/\/ftp.decastro-robles.com\/es\/reclamos-contra-la-autoridad-del-canal-de-panama\/","name":"Reclamos contra la Autoridad del Canal de Panam\u00e1 - De Castro &amp; Robles - Panama","isPartOf":{"@id":"https:\/\/decastro-robles.com\/#website"},"datePublished":"2020-06-22T23:30:13+00:00","dateModified":"2021-01-12T14:47:17+00:00","description":"Welcome to our website. What matters to us the most, are the interests of our clients, and the long-term relationships that we have developed with them.","breadcrumb":{"@id":"https:\/\/ftp.decastro-robles.com\/es\/reclamos-contra-la-autoridad-del-canal-de-panama\/#breadcrumb"},"inLanguage":"es","potentialAction":[{"@type":"ReadAction","target":["https:\/\/ftp.decastro-robles.com\/es\/reclamos-contra-la-autoridad-del-canal-de-panama\/"]}]},{"@type":"BreadcrumbList","@id":"https:\/\/ftp.decastro-robles.com\/es\/reclamos-contra-la-autoridad-del-canal-de-panama\/#breadcrumb","itemListElement":[{"@type":"ListItem","position":1,"name":"Inicio","item":"https:\/\/decastro-robles.com\/es\/"},{"@type":"ListItem","position":2,"name":"Reclamos contra la Autoridad del Canal de Panam\u00e1"}]},{"@type":"WebSite","@id":"https:\/\/decastro-robles.com\/#website","url":"https:\/\/decastro-robles.com\/","name":"De Castro &amp; Robles","description":"A full service firm","publisher":{"@id":"https:\/\/decastro-robles.com\/#organization"},"potentialAction":[{"@type":"SearchAction","target":{"@type":"EntryPoint","urlTemplate":"https:\/\/decastro-robles.com\/?s={search_term_string}"},"query-input":{"@type":"PropertyValueSpecification","valueRequired":true,"valueName":"search_term_string"}}],"inLanguage":"es"},{"@type":"Organization","@id":"https:\/\/decastro-robles.com\/#organization","name":"De Castro & Robles","url":"https:\/\/decastro-robles.com\/","logo":{"@type":"ImageObject","inLanguage":"es","@id":"https:\/\/decastro-robles.com\/#\/schema\/logo\/image\/","url":"https:\/\/www.decastro-robles.com\/wp-content\/uploads\/2019\/11\/Logo-original-DCR1.png","contentUrl":"https:\/\/www.decastro-robles.com\/wp-content\/uploads\/2019\/11\/Logo-original-DCR1.png","width":215,"height":218,"caption":"De Castro & Robles"},"image":{"@id":"https:\/\/decastro-robles.com\/#\/schema\/logo\/image\/"}}]}},"_links":{"self":[{"href":"https:\/\/decastro-robles.com\/es\/wp-json\/wp\/v2\/pages\/10875","targetHints":{"allow":["GET"]}}],"collection":[{"href":"https:\/\/decastro-robles.com\/es\/wp-json\/wp\/v2\/pages"}],"about":[{"href":"https:\/\/decastro-robles.com\/es\/wp-json\/wp\/v2\/types\/page"}],"author":[{"embeddable":true,"href":"https:\/\/decastro-robles.com\/es\/wp-json\/wp\/v2\/users\/7"}],"replies":[{"embeddable":true,"href":"https:\/\/decastro-robles.com\/es\/wp-json\/wp\/v2\/comments?post=10875"}],"version-history":[{"count":5,"href":"https:\/\/decastro-robles.com\/es\/wp-json\/wp\/v2\/pages\/10875\/revisions"}],"predecessor-version":[{"id":11207,"href":"https:\/\/decastro-robles.com\/es\/wp-json\/wp\/v2\/pages\/10875\/revisions\/11207"}],"wp:attachment":[{"href":"https:\/\/decastro-robles.com\/es\/wp-json\/wp\/v2\/media?parent=10875"}],"curies":[{"name":"wp","href":"https:\/\/api.w.org\/{rel}","templated":true}]}}