{"id":10861,"date":"2020-06-22T18:24:31","date_gmt":"2020-06-22T23:24:31","guid":{"rendered":"https:\/\/www.decastro-robles.com\/?page_id=10861"},"modified":"2021-01-12T09:33:02","modified_gmt":"2021-01-12T14:33:02","slug":"bienes-raices","status":"publish","type":"page","link":"https:\/\/decastro-robles.com\/es\/bienes-raices\/","title":{"rendered":"Derecho de la Propiedad (Bienes Ra\u00edces)"},"content":{"rendered":"<div class=\"wpb-content-wrapper\"><style type=\"text\/css\" data-type=\"vc_cmsms_shortcodes-custom-css\"><\/style><p>[vc_row][vc_column][vc_single_image image=\u00bb9664&#8243; img_size=\u00bb1200&#215;500&#8243;][vc_column_text el_class=\u00bbcustom-p\u00bb]Derecho de la Propiedad (Bienes Ra\u00edces)<\/p>\n<p>Nuestra firma brinda una representaci\u00f3n incomparable al combinar nuestra experiencia legal en litigios inmobiliarios, con conocimientos calificados en el mercado inmobiliario.<\/p>\n<p>Atendemos a clientes individuales y comerciales en sus actividades inmobiliarias, incluida la asistencia en las relaciones entre el propietario (arrendador) y el inquilino (arrendatario), la compra y venta de propiedades, arrendamientos, acuerdos respecto a linderos, ejecuciones hipotecarias, administraci\u00f3n de propiedades, zonificaci\u00f3n, registro e impuestos, transacciones de derechos de posesi\u00f3n y grav\u00e1menes, al tratar con bancos locales o internacionales para asegurar el cumplimiento de todas las formalidades requeridas para el cierre de cada contrato espec\u00edfico.[\/vc_column_text][\/vc_column][\/vc_row][vc_row][vc_column][vc_cta h2=\u00bb\u00bfTiene alguna pregunta?\u00bb txt_align=\u00bbcenter\u00bb btn_title=\u00bb\u00a1Cont\u00e1ctenos!\u00bb h2_font_container=\u00bbfont_size:20px|line_height:22px\u00bb h2_use_theme_fonts=\u00bbyes\u00bb btn_uniqid=\u00bbcmsms_shcd_5ffdb17ea81272_41602832&#8243; use_custom_fonts_h2=\u00bbtrue\u00bb btn_link=\u00bburl:%2Fes%2Fcontactenos%2F\u00bb css=\u00bb.vc_custom_1610461582415{padding-top: 40px !important;padding-bottom: 40px !important;}\u00bb][\/vc_cta][\/vc_column][\/vc_row]<\/p>\n<\/div>","protected":false},"excerpt":{"rendered":"<p>[vc_row][vc_column][vc_single_image image=\u00bb9664&#8243; img_size=\u00bb1200&#215;500&#8243;][vc_column_text el_class=\u00bbcustom-p\u00bb]Derecho de la Propiedad (Bienes Ra\u00edces) Nuestra firma brinda una representaci\u00f3n incomparable al combinar nuestra experiencia legal en litigios inmobiliarios, con conocimientos calificados en el mercado inmobiliario. Atendemos a clientes individuales y comerciales en sus actividades inmobiliarias, incluida la asistencia en las relaciones entre el propietario (arrendador) y el inquilino (arrendatario), la&#8230;<\/p>\n","protected":false},"author":7,"featured_media":0,"parent":0,"menu_order":0,"comment_status":"closed","ping_status":"closed","template":"","meta":{"footnotes":""},"class_list":["post-10861","page","type-page","status-publish","hentry"],"yoast_head":"<!-- This site is optimized with the Yoast SEO plugin v27.3 - https:\/\/yoast.com\/product\/yoast-seo-wordpress\/ -->\n<title>Derecho de la Propiedad (Bienes Ra\u00edces) - De Castro &amp; Robles - Panama<\/title>\n<meta name=\"description\" content=\"Welcome to our website. What matters to us the most, are the interests of our clients, and the long-term relationships that we have developed with them.\" \/>\n<meta name=\"robots\" content=\"index, follow, max-snippet:-1, max-image-preview:large, max-video-preview:-1\" \/>\n<link rel=\"canonical\" href=\"https:\/\/cpanel.decastro-robles.com\/es\/bienes-raices\/\" \/>\n<meta property=\"og:locale\" content=\"es_ES\" \/>\n<meta property=\"og:type\" content=\"article\" \/>\n<meta property=\"og:title\" content=\"Derecho de la Propiedad (Bienes Ra\u00edces) - De Castro &amp; Robles - Panama\" \/>\n<meta property=\"og:description\" content=\"Welcome to our website. What matters to us the most, are the interests of our clients, and the long-term relationships that we have developed with them.\" \/>\n<meta property=\"og:url\" content=\"https:\/\/cpanel.decastro-robles.com\/es\/bienes-raices\/\" \/>\n<meta property=\"og:site_name\" content=\"De Castro &amp; Robles\" \/>\n<meta property=\"article:modified_time\" content=\"2021-01-12T14:33:02+00:00\" \/>\n<meta name=\"twitter:card\" content=\"summary_large_image\" \/>\n<meta name=\"twitter:label1\" content=\"Tiempo de lectura\" \/>\n\t<meta name=\"twitter:data1\" content=\"1 minuto\" \/>\n<script type=\"application\/ld+json\" class=\"yoast-schema-graph\">{\"@context\":\"https:\\\/\\\/schema.org\",\"@graph\":[{\"@type\":\"WebPage\",\"@id\":\"https:\\\/\\\/cpanel.decastro-robles.com\\\/es\\\/bienes-raices\\\/\",\"url\":\"https:\\\/\\\/cpanel.decastro-robles.com\\\/es\\\/bienes-raices\\\/\",\"name\":\"Derecho de la Propiedad (Bienes Ra\u00edces) - De Castro &amp; Robles - Panama\",\"isPartOf\":{\"@id\":\"https:\\\/\\\/decastro-robles.com\\\/#website\"},\"datePublished\":\"2020-06-22T23:24:31+00:00\",\"dateModified\":\"2021-01-12T14:33:02+00:00\",\"description\":\"Welcome to our website. What matters to us the most, are the interests of our clients, and the long-term relationships that we have developed with them.\",\"breadcrumb\":{\"@id\":\"https:\\\/\\\/cpanel.decastro-robles.com\\\/es\\\/bienes-raices\\\/#breadcrumb\"},\"inLanguage\":\"es\",\"potentialAction\":[{\"@type\":\"ReadAction\",\"target\":[\"https:\\\/\\\/cpanel.decastro-robles.com\\\/es\\\/bienes-raices\\\/\"]}]},{\"@type\":\"BreadcrumbList\",\"@id\":\"https:\\\/\\\/cpanel.decastro-robles.com\\\/es\\\/bienes-raices\\\/#breadcrumb\",\"itemListElement\":[{\"@type\":\"ListItem\",\"position\":1,\"name\":\"Inicio\",\"item\":\"https:\\\/\\\/decastro-robles.com\\\/es\\\/\"},{\"@type\":\"ListItem\",\"position\":2,\"name\":\"Derecho de la Propiedad (Bienes Ra\u00edces)\"}]},{\"@type\":\"WebSite\",\"@id\":\"https:\\\/\\\/decastro-robles.com\\\/#website\",\"url\":\"https:\\\/\\\/decastro-robles.com\\\/\",\"name\":\"De Castro &amp; Robles\",\"description\":\"A full service firm\",\"publisher\":{\"@id\":\"https:\\\/\\\/decastro-robles.com\\\/#organization\"},\"potentialAction\":[{\"@type\":\"SearchAction\",\"target\":{\"@type\":\"EntryPoint\",\"urlTemplate\":\"https:\\\/\\\/decastro-robles.com\\\/?s={search_term_string}\"},\"query-input\":{\"@type\":\"PropertyValueSpecification\",\"valueRequired\":true,\"valueName\":\"search_term_string\"}}],\"inLanguage\":\"es\"},{\"@type\":\"Organization\",\"@id\":\"https:\\\/\\\/decastro-robles.com\\\/#organization\",\"name\":\"De Castro & Robles\",\"url\":\"https:\\\/\\\/decastro-robles.com\\\/\",\"logo\":{\"@type\":\"ImageObject\",\"inLanguage\":\"es\",\"@id\":\"https:\\\/\\\/decastro-robles.com\\\/#\\\/schema\\\/logo\\\/image\\\/\",\"url\":\"https:\\\/\\\/www.decastro-robles.com\\\/wp-content\\\/uploads\\\/2019\\\/11\\\/Logo-original-DCR1.png\",\"contentUrl\":\"https:\\\/\\\/www.decastro-robles.com\\\/wp-content\\\/uploads\\\/2019\\\/11\\\/Logo-original-DCR1.png\",\"width\":215,\"height\":218,\"caption\":\"De Castro & Robles\"},\"image\":{\"@id\":\"https:\\\/\\\/decastro-robles.com\\\/#\\\/schema\\\/logo\\\/image\\\/\"}}]}<\/script>\n<!-- \/ Yoast SEO plugin. -->","yoast_head_json":{"title":"Derecho de la Propiedad (Bienes Ra\u00edces) - De Castro &amp; Robles - Panama","description":"Welcome to our website. What matters to us the most, are the interests of our clients, and the long-term relationships that we have developed with them.","robots":{"index":"index","follow":"follow","max-snippet":"max-snippet:-1","max-image-preview":"max-image-preview:large","max-video-preview":"max-video-preview:-1"},"canonical":"https:\/\/cpanel.decastro-robles.com\/es\/bienes-raices\/","og_locale":"es_ES","og_type":"article","og_title":"Derecho de la Propiedad (Bienes Ra\u00edces) - De Castro &amp; Robles - Panama","og_description":"Welcome to our website. What matters to us the most, are the interests of our clients, and the long-term relationships that we have developed with them.","og_url":"https:\/\/cpanel.decastro-robles.com\/es\/bienes-raices\/","og_site_name":"De Castro &amp; Robles","article_modified_time":"2021-01-12T14:33:02+00:00","twitter_card":"summary_large_image","twitter_misc":{"Tiempo de lectura":"1 minuto"},"schema":{"@context":"https:\/\/schema.org","@graph":[{"@type":"WebPage","@id":"https:\/\/cpanel.decastro-robles.com\/es\/bienes-raices\/","url":"https:\/\/cpanel.decastro-robles.com\/es\/bienes-raices\/","name":"Derecho de la Propiedad (Bienes Ra\u00edces) - De Castro &amp; Robles - Panama","isPartOf":{"@id":"https:\/\/decastro-robles.com\/#website"},"datePublished":"2020-06-22T23:24:31+00:00","dateModified":"2021-01-12T14:33:02+00:00","description":"Welcome to our website. What matters to us the most, are the interests of our clients, and the long-term relationships that we have developed with them.","breadcrumb":{"@id":"https:\/\/cpanel.decastro-robles.com\/es\/bienes-raices\/#breadcrumb"},"inLanguage":"es","potentialAction":[{"@type":"ReadAction","target":["https:\/\/cpanel.decastro-robles.com\/es\/bienes-raices\/"]}]},{"@type":"BreadcrumbList","@id":"https:\/\/cpanel.decastro-robles.com\/es\/bienes-raices\/#breadcrumb","itemListElement":[{"@type":"ListItem","position":1,"name":"Inicio","item":"https:\/\/decastro-robles.com\/es\/"},{"@type":"ListItem","position":2,"name":"Derecho de la Propiedad (Bienes Ra\u00edces)"}]},{"@type":"WebSite","@id":"https:\/\/decastro-robles.com\/#website","url":"https:\/\/decastro-robles.com\/","name":"De Castro &amp; Robles","description":"A full service firm","publisher":{"@id":"https:\/\/decastro-robles.com\/#organization"},"potentialAction":[{"@type":"SearchAction","target":{"@type":"EntryPoint","urlTemplate":"https:\/\/decastro-robles.com\/?s={search_term_string}"},"query-input":{"@type":"PropertyValueSpecification","valueRequired":true,"valueName":"search_term_string"}}],"inLanguage":"es"},{"@type":"Organization","@id":"https:\/\/decastro-robles.com\/#organization","name":"De Castro & Robles","url":"https:\/\/decastro-robles.com\/","logo":{"@type":"ImageObject","inLanguage":"es","@id":"https:\/\/decastro-robles.com\/#\/schema\/logo\/image\/","url":"https:\/\/www.decastro-robles.com\/wp-content\/uploads\/2019\/11\/Logo-original-DCR1.png","contentUrl":"https:\/\/www.decastro-robles.com\/wp-content\/uploads\/2019\/11\/Logo-original-DCR1.png","width":215,"height":218,"caption":"De Castro & Robles"},"image":{"@id":"https:\/\/decastro-robles.com\/#\/schema\/logo\/image\/"}}]}},"_links":{"self":[{"href":"https:\/\/decastro-robles.com\/es\/wp-json\/wp\/v2\/pages\/10861","targetHints":{"allow":["GET"]}}],"collection":[{"href":"https:\/\/decastro-robles.com\/es\/wp-json\/wp\/v2\/pages"}],"about":[{"href":"https:\/\/decastro-robles.com\/es\/wp-json\/wp\/v2\/types\/page"}],"author":[{"embeddable":true,"href":"https:\/\/decastro-robles.com\/es\/wp-json\/wp\/v2\/users\/7"}],"replies":[{"embeddable":true,"href":"https:\/\/decastro-robles.com\/es\/wp-json\/wp\/v2\/comments?post=10861"}],"version-history":[{"count":5,"href":"https:\/\/decastro-robles.com\/es\/wp-json\/wp\/v2\/pages\/10861\/revisions"}],"predecessor-version":[{"id":11298,"href":"https:\/\/decastro-robles.com\/es\/wp-json\/wp\/v2\/pages\/10861\/revisions\/11298"}],"wp:attachment":[{"href":"https:\/\/decastro-robles.com\/es\/wp-json\/wp\/v2\/media?parent=10861"}],"curies":[{"name":"wp","href":"https:\/\/api.w.org\/{rel}","templated":true}]}}