{"id":10854,"date":"2020-06-22T18:21:34","date_gmt":"2020-06-22T23:21:34","guid":{"rendered":"https:\/\/www.decastro-robles.com\/?page_id=10854"},"modified":"2021-01-12T09:37:50","modified_gmt":"2021-01-12T14:37:50","slug":"derecho-penal-y-de-familia","status":"publish","type":"page","link":"https:\/\/decastro-robles.com\/es\/derecho-penal-y-de-familia\/","title":{"rendered":"Derecho Penal y de Familia"},"content":{"rendered":"<div class=\"wpb-content-wrapper\"><style type=\"text\/css\" data-type=\"vc_cmsms_shortcodes-custom-css\"><\/style><p>[vc_row][vc_column][vc_single_image image=\u00bb9660&#8243; img_size=\u00bb1200&#215;500&#8243;][vc_column_text el_class=\u00bbcustom-p\u00bb]<\/p>\n<h2>Derecho Penal<\/h2>\n<p>De Castro y Robles consciente de los constantes riesgos tanto interna como externa en esta econom\u00eda en crecimiento para las empresas por situaciones relacionadas con fraude, malversaci\u00f3n de fondos, falsificaci\u00f3n, difamaci\u00f3n, calumnia, robo y otros.<\/p>\n<p>Atendemos asuntos existentes y asesoramos para prevenir fraudes y otros delitos en las empresas.<\/p>\n<p>Tambi\u00e9n brindamos nuestra asesor\u00eda en cuanto a asuntos penales que tienen lugar en el negocio mar\u00edtimo, incluyendo sustancias il\u00edcitas y mercanc\u00eda falsificada encontrada a bordo de naves y en contenedores.[\/vc_column_text][vc_column_text el_class=\u00bbcustom-p\u00bb]<\/p>\n<h2>Derecho de Familia<\/h2>\n<p>La familia juega un papel fundamental en la sociedad.<\/p>\n<p>Nuestra experticia incluye la preparaci\u00f3n de acuerdos prenupciales, asistencia en adopciones, asesoramiento y representaci\u00f3n en divorcios y custodia de menores, as\u00ed como asesoramiento y tramitaci\u00f3n de designaci\u00f3n de tutores legales para interdictos y menores.[\/vc_column_text][\/vc_column][\/vc_row][vc_row][vc_column][vc_cta h2=\u00bb\u00bfTiene alguna pregunta?\u00bb txt_align=\u00bbcenter\u00bb btn_title=\u00bb\u00a1Cont\u00e1ctenos!\u00bb h2_font_container=\u00bbfont_size:20px|line_height:22px\u00bb h2_use_theme_fonts=\u00bbyes\u00bb btn_uniqid=\u00bbcmsms_shcd_5ffdb147677a84_92287817&#8243; use_custom_fonts_h2=\u00bbtrue\u00bb btn_link=\u00bburl:%2Fes%2Fcontactenos%2F\u00bb css=\u00bb.vc_custom_1610461521113{padding-top: 40px !important;padding-bottom: 40px !important;}\u00bb][\/vc_cta][\/vc_column][\/vc_row]<\/p>\n<\/div>","protected":false},"excerpt":{"rendered":"<p>[vc_row][vc_column][vc_single_image image=\u00bb9660&#8243; img_size=\u00bb1200&#215;500&#8243;][vc_column_text el_class=\u00bbcustom-p\u00bb] Derecho Penal De Castro y Robles consciente de los constantes riesgos tanto interna como externa en esta econom\u00eda en crecimiento para las empresas por situaciones relacionadas con fraude, malversaci\u00f3n de fondos, falsificaci\u00f3n, difamaci\u00f3n, calumnia, robo y otros. Atendemos asuntos existentes y asesoramos para prevenir fraudes y otros delitos en las empresas&#8230;.<\/p>\n","protected":false},"author":7,"featured_media":0,"parent":0,"menu_order":0,"comment_status":"closed","ping_status":"closed","template":"","meta":{"footnotes":""},"class_list":["post-10854","page","type-page","status-publish","hentry"],"yoast_head":"<!-- This site is optimized with the Yoast SEO plugin v27.3 - https:\/\/yoast.com\/product\/yoast-seo-wordpress\/ -->\n<title>Derecho Penal y de Familia - De Castro &amp; Robles - Panama<\/title>\n<meta name=\"description\" content=\"Welcome to our website. What matters to us the most, are the interests of our clients, and the long-term relationships that we have developed with them.\" \/>\n<meta name=\"robots\" content=\"index, follow, max-snippet:-1, max-image-preview:large, max-video-preview:-1\" \/>\n<link rel=\"canonical\" href=\"https:\/\/decastro-robles.com\/es\/derecho-penal-y-de-familia\/\" \/>\n<meta property=\"og:locale\" content=\"es_ES\" \/>\n<meta property=\"og:type\" content=\"article\" \/>\n<meta property=\"og:title\" content=\"Derecho Penal y de Familia - De Castro &amp; Robles - Panama\" \/>\n<meta property=\"og:description\" content=\"Welcome to our website. What matters to us the most, are the interests of our clients, and the long-term relationships that we have developed with them.\" \/>\n<meta property=\"og:url\" content=\"https:\/\/decastro-robles.com\/es\/derecho-penal-y-de-familia\/\" \/>\n<meta property=\"og:site_name\" content=\"De Castro &amp; Robles\" \/>\n<meta property=\"article:modified_time\" content=\"2021-01-12T14:37:50+00:00\" \/>\n<meta name=\"twitter:card\" content=\"summary_large_image\" \/>\n<meta name=\"twitter:label1\" content=\"Tiempo de lectura\" \/>\n\t<meta name=\"twitter:data1\" content=\"1 minuto\" \/>\n<script type=\"application\/ld+json\" class=\"yoast-schema-graph\">{\"@context\":\"https:\\\/\\\/schema.org\",\"@graph\":[{\"@type\":\"WebPage\",\"@id\":\"https:\\\/\\\/decastro-robles.com\\\/es\\\/derecho-penal-y-de-familia\\\/\",\"url\":\"https:\\\/\\\/decastro-robles.com\\\/es\\\/derecho-penal-y-de-familia\\\/\",\"name\":\"Derecho Penal y de Familia - De Castro &amp; Robles - Panama\",\"isPartOf\":{\"@id\":\"https:\\\/\\\/decastro-robles.com\\\/#website\"},\"datePublished\":\"2020-06-22T23:21:34+00:00\",\"dateModified\":\"2021-01-12T14:37:50+00:00\",\"description\":\"Welcome to our website. What matters to us the most, are the interests of our clients, and the long-term relationships that we have developed with them.\",\"breadcrumb\":{\"@id\":\"https:\\\/\\\/decastro-robles.com\\\/es\\\/derecho-penal-y-de-familia\\\/#breadcrumb\"},\"inLanguage\":\"es\",\"potentialAction\":[{\"@type\":\"ReadAction\",\"target\":[\"https:\\\/\\\/decastro-robles.com\\\/es\\\/derecho-penal-y-de-familia\\\/\"]}]},{\"@type\":\"BreadcrumbList\",\"@id\":\"https:\\\/\\\/decastro-robles.com\\\/es\\\/derecho-penal-y-de-familia\\\/#breadcrumb\",\"itemListElement\":[{\"@type\":\"ListItem\",\"position\":1,\"name\":\"Inicio\",\"item\":\"https:\\\/\\\/decastro-robles.com\\\/es\\\/\"},{\"@type\":\"ListItem\",\"position\":2,\"name\":\"Derecho Penal y de Familia\"}]},{\"@type\":\"WebSite\",\"@id\":\"https:\\\/\\\/decastro-robles.com\\\/#website\",\"url\":\"https:\\\/\\\/decastro-robles.com\\\/\",\"name\":\"De Castro &amp; Robles\",\"description\":\"A full service firm\",\"publisher\":{\"@id\":\"https:\\\/\\\/decastro-robles.com\\\/#organization\"},\"potentialAction\":[{\"@type\":\"SearchAction\",\"target\":{\"@type\":\"EntryPoint\",\"urlTemplate\":\"https:\\\/\\\/decastro-robles.com\\\/?s={search_term_string}\"},\"query-input\":{\"@type\":\"PropertyValueSpecification\",\"valueRequired\":true,\"valueName\":\"search_term_string\"}}],\"inLanguage\":\"es\"},{\"@type\":\"Organization\",\"@id\":\"https:\\\/\\\/decastro-robles.com\\\/#organization\",\"name\":\"De Castro & Robles\",\"url\":\"https:\\\/\\\/decastro-robles.com\\\/\",\"logo\":{\"@type\":\"ImageObject\",\"inLanguage\":\"es\",\"@id\":\"https:\\\/\\\/decastro-robles.com\\\/#\\\/schema\\\/logo\\\/image\\\/\",\"url\":\"https:\\\/\\\/www.decastro-robles.com\\\/wp-content\\\/uploads\\\/2019\\\/11\\\/Logo-original-DCR1.png\",\"contentUrl\":\"https:\\\/\\\/www.decastro-robles.com\\\/wp-content\\\/uploads\\\/2019\\\/11\\\/Logo-original-DCR1.png\",\"width\":215,\"height\":218,\"caption\":\"De Castro & Robles\"},\"image\":{\"@id\":\"https:\\\/\\\/decastro-robles.com\\\/#\\\/schema\\\/logo\\\/image\\\/\"}}]}<\/script>\n<!-- \/ Yoast SEO plugin. -->","yoast_head_json":{"title":"Derecho Penal y de Familia - De Castro &amp; Robles - Panama","description":"Welcome to our website. What matters to us the most, are the interests of our clients, and the long-term relationships that we have developed with them.","robots":{"index":"index","follow":"follow","max-snippet":"max-snippet:-1","max-image-preview":"max-image-preview:large","max-video-preview":"max-video-preview:-1"},"canonical":"https:\/\/decastro-robles.com\/es\/derecho-penal-y-de-familia\/","og_locale":"es_ES","og_type":"article","og_title":"Derecho Penal y de Familia - De Castro &amp; Robles - Panama","og_description":"Welcome to our website. What matters to us the most, are the interests of our clients, and the long-term relationships that we have developed with them.","og_url":"https:\/\/decastro-robles.com\/es\/derecho-penal-y-de-familia\/","og_site_name":"De Castro &amp; Robles","article_modified_time":"2021-01-12T14:37:50+00:00","twitter_card":"summary_large_image","twitter_misc":{"Tiempo de lectura":"1 minuto"},"schema":{"@context":"https:\/\/schema.org","@graph":[{"@type":"WebPage","@id":"https:\/\/decastro-robles.com\/es\/derecho-penal-y-de-familia\/","url":"https:\/\/decastro-robles.com\/es\/derecho-penal-y-de-familia\/","name":"Derecho Penal y de Familia - De Castro &amp; Robles - Panama","isPartOf":{"@id":"https:\/\/decastro-robles.com\/#website"},"datePublished":"2020-06-22T23:21:34+00:00","dateModified":"2021-01-12T14:37:50+00:00","description":"Welcome to our website. What matters to us the most, are the interests of our clients, and the long-term relationships that we have developed with them.","breadcrumb":{"@id":"https:\/\/decastro-robles.com\/es\/derecho-penal-y-de-familia\/#breadcrumb"},"inLanguage":"es","potentialAction":[{"@type":"ReadAction","target":["https:\/\/decastro-robles.com\/es\/derecho-penal-y-de-familia\/"]}]},{"@type":"BreadcrumbList","@id":"https:\/\/decastro-robles.com\/es\/derecho-penal-y-de-familia\/#breadcrumb","itemListElement":[{"@type":"ListItem","position":1,"name":"Inicio","item":"https:\/\/decastro-robles.com\/es\/"},{"@type":"ListItem","position":2,"name":"Derecho Penal y de Familia"}]},{"@type":"WebSite","@id":"https:\/\/decastro-robles.com\/#website","url":"https:\/\/decastro-robles.com\/","name":"De Castro &amp; Robles","description":"A full service firm","publisher":{"@id":"https:\/\/decastro-robles.com\/#organization"},"potentialAction":[{"@type":"SearchAction","target":{"@type":"EntryPoint","urlTemplate":"https:\/\/decastro-robles.com\/?s={search_term_string}"},"query-input":{"@type":"PropertyValueSpecification","valueRequired":true,"valueName":"search_term_string"}}],"inLanguage":"es"},{"@type":"Organization","@id":"https:\/\/decastro-robles.com\/#organization","name":"De Castro & Robles","url":"https:\/\/decastro-robles.com\/","logo":{"@type":"ImageObject","inLanguage":"es","@id":"https:\/\/decastro-robles.com\/#\/schema\/logo\/image\/","url":"https:\/\/www.decastro-robles.com\/wp-content\/uploads\/2019\/11\/Logo-original-DCR1.png","contentUrl":"https:\/\/www.decastro-robles.com\/wp-content\/uploads\/2019\/11\/Logo-original-DCR1.png","width":215,"height":218,"caption":"De Castro & Robles"},"image":{"@id":"https:\/\/decastro-robles.com\/#\/schema\/logo\/image\/"}}]}},"_links":{"self":[{"href":"https:\/\/decastro-robles.com\/es\/wp-json\/wp\/v2\/pages\/10854","targetHints":{"allow":["GET"]}}],"collection":[{"href":"https:\/\/decastro-robles.com\/es\/wp-json\/wp\/v2\/pages"}],"about":[{"href":"https:\/\/decastro-robles.com\/es\/wp-json\/wp\/v2\/types\/page"}],"author":[{"embeddable":true,"href":"https:\/\/decastro-robles.com\/es\/wp-json\/wp\/v2\/users\/7"}],"replies":[{"embeddable":true,"href":"https:\/\/decastro-robles.com\/es\/wp-json\/wp\/v2\/comments?post=10854"}],"version-history":[{"count":5,"href":"https:\/\/decastro-robles.com\/es\/wp-json\/wp\/v2\/pages\/10854\/revisions"}],"predecessor-version":[{"id":11301,"href":"https:\/\/decastro-robles.com\/es\/wp-json\/wp\/v2\/pages\/10854\/revisions\/11301"}],"wp:attachment":[{"href":"https:\/\/decastro-robles.com\/es\/wp-json\/wp\/v2\/media?parent=10854"}],"curies":[{"name":"wp","href":"https:\/\/api.w.org\/{rel}","templated":true}]}}