{"id":10690,"date":"2020-06-13T16:50:37","date_gmt":"2020-06-13T21:50:37","guid":{"rendered":"https:\/\/www.decastro-robles.com\/?page_id=10690"},"modified":"2024-06-10T15:26:17","modified_gmt":"2024-06-10T20:26:17","slug":"socios","status":"publish","type":"page","link":"https:\/\/decastro-robles.com\/es\/socios\/","title":{"rendered":"Socios"},"content":{"rendered":"<div class=\"wpb-content-wrapper\"><style type=\"text\/css\" data-type=\"vc_cmsms_shortcodes-custom-css\"><\/style><p>[vc_row][vc_column][vc_empty_space height=\u00bb20px\u00bb][\/vc_column][\/vc_row][vc_row][vc_column width=\u00bb1\/3&#8243;][cmsms_profile uniqid=\u00bbcmsms_shcd_60391652ba9934_63894227&#8243; image=\u00bb9425&#8243; title=\u00bbGabriel Ram\u00f3n Sosa de la Guardia\u00bb subtitle=\u00bbSocio\u00bb icons=\u00bb%5B%7B%22icon_class%22%3A%22Theme-Default-Icons-linkedin-with-circle%22%2C%22icon_link%22%3A%22url%3Ahttps%253A%252F%252Fwww.linkedin.com%252Fin%252Fgabriel-sosa-iii-57953530%252F%7C%7Ctarget%3A%2520_blank%7C%22%2C%22icon_color%22%3A%22%23063965%22%2C%22icon_color_hover%22%3A%22%23eaeaea%22%7D%2C%7B%22icon_class%22%3A%22Theme-Default-Icons-user-3%22%2C%22icon_link%22%3A%22url%3A%252Fwp-content%252Fuploads%252F2019%252F05%252FGabriel_Sosa.vcf%7C%7C%7C%22%2C%22icon_color%22%3A%22%23063965%22%2C%22icon_color_hover%22%3A%22%23eaeaea%22%7D%5D\u00bb link=\u00bburl:%2Fes%2Fgabriel-ramon-sosa-de-la-guardia%2F\u00bb el_class=\u00bbcustom-h3 custom-pgh\u00bb][\/vc_column][vc_column width=\u00bb1\/3&#8243;][cmsms_profile uniqid=\u00bbcmsms_shcd_6039182664f196_46855198&#8243; image=\u00bb9417&#8243; title=\u00bbEduardo Antonio Real Sol\u00eds\u00bb subtitle=\u00bbSocio\u00bb icons=\u00bb%5B%7B%22icon_class%22%3A%22Theme-Default-Icons-linkedin-with-circle%22%2C%22icon_link%22%3A%22url%3Ahttps%253A%252F%252Fwww.linkedin.com%252Fin%252Feduardo-real-624a09123%252F%7C%7Ctarget%3A%2520_blank%7C%22%2C%22icon_color%22%3A%22%23063965%22%2C%22icon_color_hover%22%3A%22%23eaeaea%22%7D%2C%7B%22icon_class%22%3A%22Theme-Default-Icons-user-3%22%2C%22icon_link%22%3A%22url%3A%252Fwp-content%252Fuploads%252F2019%252F05%252FEduardo_Real.vcf%7C%7C%7C%22%2C%22icon_color%22%3A%22%23063965%22%2C%22icon_color_hover%22%3A%22%23eaeaea%22%7D%5D\u00bb link=\u00bburl:%2Fes%2Feduardo-antonio-real-solis\u00bb el_class=\u00bbcustom-h3 custom-pgh\u00bb][\/vc_column][vc_column width=\u00bb1\/3&#8243;][cmsms_profile uniqid=\u00bbcmsms_shcd_6667615ac321f0_83355174&#8243; image=\u00bb11613&#8243; title=\u00bbAlberto L\u00f3pez Tom\u00bb subtitle=\u00bbSocio\u00bb icons=\u00bb%5B%7B%22icon_class%22%3A%22Theme-Default-Icons-linkedin-with-circle%22%2C%22icon_link%22%3A%22url%3Ahttps%253A%252F%252Fwww.linkedin.com%252Fin%252Falberto-lopez-tom-23454622%252F%7C%7Ctarget%3A%2520_blank%7C%22%2C%22icon_color%22%3A%22%23063965%22%2C%22icon_color_hover%22%3A%22%23eaeaea%22%7D%2C%7B%22icon_class%22%3A%22Theme-Default-Icons-user-3%22%2C%22icon_link%22%3A%22url%3A%252Fwp-content%252Fuploads%252F2019%252F05%252FAlberto_Lopez_Tom.vcf%7C%7C%7C%22%2C%22icon_color%22%3A%22%23063965%22%2C%22icon_color_hover%22%3A%22%23eaeaea%22%7D%5D\u00bb link=\u00bburl:%2Fes%2Falberto-lopez-tom\u00bb el_class=\u00bbcustom-h3 custom-pgh\u00bb][\/vc_column][\/vc_row][vc_row][vc_column width=\u00bb1\/3&#8243;][cmsms_profile uniqid=\u00bbcmsms_shcd_6039183b6d4de0_47918024&#8243; image=\u00bb9565&#8243; title=\u00bbMar\u00eda Lourdes Gal\u00e1n D\u00edaz\u00bb subtitle=\u00bbSocio\u00bb icons=\u00bb%5B%7B%22icon_class%22%3A%22Theme-Default-Icons-linkedin-with-circle%22%2C%22icon_link%22%3A%22url%3Ahttps%253A%252F%252Fwww.linkedin.com%252Fin%252Fmaria-lourdes-galan-32388b4%252F%7C%7Ctarget%3A%2520_blank%7C%22%2C%22icon_color%22%3A%22%23063965%22%2C%22icon_color_hover%22%3A%22%23eaeaea%22%7D%2C%7B%22icon_class%22%3A%22Theme-Default-Icons-user-3%22%2C%22icon_link%22%3A%22url%3A%252Fwp-content%252Fuploads%252F2019%252F05%252FMaria_Lourdes_Galan.vcf%7C%7C%7C%22%2C%22icon_color%22%3A%22%23063965%22%2C%22icon_color_hover%22%3A%22%23eaeaea%22%7D%5D\u00bb link=\u00bburl:%2Fes%2Fmaria-lourdes-galan-diaz%2F\u00bb el_class=\u00bbcustom-h3 custom-pgh\u00bb][\/vc_column][vc_column width=\u00bb1\/3&#8243;][cmsms_profile uniqid=\u00bbcmsms_shcd_603918450038f4_60754093&#8243; image=\u00bb9421&#8243; title=\u00bbGian Carlo Salas Fragomeni\u00bb subtitle=\u00bbSocio\u00bb icons=\u00bb%5B%7B%22icon_class%22%3A%22Theme-Default-Icons-linkedin-with-circle%22%2C%22icon_link%22%3A%22url%3Ahttps%253A%252F%252Fwww.linkedin.com%252Fin%252Fgian-carlo-salas-fragomeni-4b46a138%252F%7C%7Ctarget%3A%2520_blank%7C%22%2C%22icon_color%22%3A%22%23063965%22%2C%22icon_color_hover%22%3A%22%23eaeaea%22%7D%2C%7B%22icon_class%22%3A%22Theme-Default-Icons-user-3%22%2C%22icon_link%22%3A%22url%3A%252Fwp-content%252Fuploads%252F2019%252F05%252FGian_Carlo_Salas.vcf%7C%7C%7C%22%2C%22icon_color%22%3A%22%23063965%22%2C%22icon_color_hover%22%3A%22%23eaeaea%22%7D%5D\u00bb link=\u00bburl:%2Fes%2Fgian-carlo-salas-fragomeni\u00bb el_class=\u00bbcustom-h3 custom-pgh\u00bb][\/vc_column][vc_column width=\u00bb1\/3&#8243;][cmsms_profile uniqid=\u00bbcmsms_shcd_66675b10dcefb1_52649287&#8243; image=\u00bb11599&#8243; title=\u00bbAnamae Del Carmen Ortiz Chase\u00bb subtitle=\u00bbSocio\u00bb icons=\u00bb%5B%7B%22icon_class%22%3A%22Theme-Default-Icons-linkedin-with-circle%22%2C%22icon_link%22%3A%22url%3Ahttps%253A%252F%252Fwww.linkedin.com%252Fin%252Fanamae-ortiz-chase-ba547958%252F%7C%7Ctarget%3A%2520_blank%7C%22%2C%22icon_color%22%3A%22%23063965%22%2C%22icon_color_hover%22%3A%22%23eaeaea%22%7D%2C%7B%22icon_class%22%3A%22Theme-Default-Icons-user-3%22%2C%22icon_link%22%3A%22url%3A%252Fwp-content%252Fuploads%252F2019%252F05%252FAnamae_Ortiz.vcf%7C%7C%7C%22%2C%22icon_color%22%3A%22%23063965%22%2C%22icon_color_hover%22%3A%22%23eaeaea%22%7D%5D\u00bb link=\u00bburl:%2Fes%2Fanamae-del-carmen-ortiz-chase\u00bb el_class=\u00bbcustom-h3 custom-pgh\u00bb][\/vc_column][\/vc_row][vc_row][vc_column][vc_empty_space height=\u00bb5px\u00bb][\/vc_column][\/vc_row][vc_row full_width=\u00bbstretch_row\u00bb bg_type=\u00bbbg_color\u00bb bg_override=\u00bbfull\u00bb css=\u00bb.vc_custom_1542726976356{margin-bottom: 0px !important;padding-bottom: 0px !important;background-color: #1b1b1b !important;}\u00bb bg_color_value=\u00bb#1b1b1b\u00bb][vc_column width=\u00bb2\/3&#8243; offset=\u00bbvc_col-lg-9 vc_col-md-8 vc_hidden-xs\u00bb][vc_custom_heading text=\u00bb\u00bfTiene alguna pregunta?\u00bb font_container=\u00bbtag:h2|font_size:20|text_align:left|color:%23ffffff|line_height:34px\u00bb use_theme_fonts=\u00bbyes\u00bb css=\u00bb.vc_custom_1607958731617{padding-top: 10px !important;}\u00bb][\/vc_column][vc_column width=\u00bb1\/3&#8243; css=\u00bb.vc_custom_1577982973100{padding-top: 22px !important;padding-bottom: 18px !important;}\u00bb offset=\u00bbvc_col-lg-3 vc_col-md-4 vc_hidden-xs\u00bb][cmsms_button text=\u00bbCONT\u00c1CTENOS\u00bb icon_alignment=\u00bbright\u00bb uniqid=\u00bbcmsms_shcd_5fd780d944dfc4_45160697&#8243; text_settings=\u00bbtrue\u00bb add_icon=\u00bbtrue\u00bb icon=\u00bbTheme-Default-Icons-arrow-small-right\u00bb icon_size=\u00bb20&#8243; text_font_size=\u00bb12&#8243; css=\u00bb.vc_custom_1607958752101{padding-top: 15px !important;padding-bottom: 15px !important;}\u00bb link=\u00bburl:%2Fes%2Fcontactenos%2F|||\u00bb icon_gap=\u00bb3&#8243;][\/vc_column][\/vc_row][vc_row full_width=\u00bbstretch_row\u00bb content_placement=\u00bbmiddle\u00bb css=\u00bb.vc_custom_1577981575270{background-color: #1b1b1b !important;}\u00bb][vc_column offset=\u00bbvc_hidden-lg vc_hidden-md vc_hidden-sm\u00bb css=\u00bb.vc_custom_1577981655947{padding-top: 20px !important;padding-bottom: 20px !important;}\u00bb][vc_custom_heading text=\u00bbDo you have any other questions?\u00bb font_container=\u00bbtag:h2|font_size:20|text_align:center|color:%23ffffff|line_height:34px\u00bb use_theme_fonts=\u00bbyes\u00bb css=\u00bb.vc_custom_1578067303753{margin-bottom: 20px !important;padding-top: 10px !important;}\u00bb][cmsms_button text=\u00bbCONTACT US\u00bb alignment=\u00bbcenter\u00bb icon_alignment=\u00bbright\u00bb uniqid=\u00bbcmsms_shcd_5e0e16f8d9f1f5_90974034&#8243; text_settings=\u00bbtrue\u00bb add_icon=\u00bbtrue\u00bb icon=\u00bbTheme-Default-Icons-arrow-small-right\u00bb icon_size=\u00bb20&#8243; text_font_size=\u00bb12&#8243; css=\u00bb.vc_custom_1577981694027{padding-top: 0px !important;padding-bottom: 15px !important;}\u00bb link=\u00bburl:%2Fcontact-us%2F|||\u00bb icon_gap=\u00bb3&#8243;][\/vc_column][\/vc_row]<\/p>\n<\/div>","protected":false},"excerpt":{"rendered":"<p>[vc_row][vc_column][vc_empty_space height=\u00bb20px\u00bb][\/vc_column][\/vc_row][vc_row][vc_column width=\u00bb1\/3&#8243;][cmsms_profile uniqid=\u00bbcmsms_shcd_60391652ba9934_63894227&#8243; image=\u00bb9425&#8243; title=\u00bbGabriel Ram\u00f3n Sosa de la Guardia\u00bb subtitle=\u00bbSocio\u00bb icons=\u00bb%5B%7B%22icon_class%22%3A%22Theme-Default-Icons-linkedin-with-circle%22%2C%22icon_link%22%3A%22url%3Ahttps%253A%252F%252Fwww.linkedin.com%252Fin%252Fgabriel-sosa-iii-57953530%252F%7C%7Ctarget%3A%2520_blank%7C%22%2C%22icon_color%22%3A%22%23063965%22%2C%22icon_color_hover%22%3A%22%23eaeaea%22%7D%2C%7B%22icon_class%22%3A%22Theme-Default-Icons-user-3%22%2C%22icon_link%22%3A%22url%3A%252Fwp-content%252Fuploads%252F2019%252F05%252FGabriel_Sosa.vcf%7C%7C%7C%22%2C%22icon_color%22%3A%22%23063965%22%2C%22icon_color_hover%22%3A%22%23eaeaea%22%7D%5D\u00bb link=\u00bburl:%2Fes%2Fgabriel-ramon-sosa-de-la-guardia%2F\u00bb el_class=\u00bbcustom-h3 custom-pgh\u00bb][\/vc_column][vc_column width=\u00bb1\/3&#8243;][cmsms_profile uniqid=\u00bbcmsms_shcd_6039182664f196_46855198&#8243; image=\u00bb9417&#8243; title=\u00bbEduardo Antonio Real Sol\u00eds\u00bb subtitle=\u00bbSocio\u00bb icons=\u00bb%5B%7B%22icon_class%22%3A%22Theme-Default-Icons-linkedin-with-circle%22%2C%22icon_link%22%3A%22url%3Ahttps%253A%252F%252Fwww.linkedin.com%252Fin%252Feduardo-real-624a09123%252F%7C%7Ctarget%3A%2520_blank%7C%22%2C%22icon_color%22%3A%22%23063965%22%2C%22icon_color_hover%22%3A%22%23eaeaea%22%7D%2C%7B%22icon_class%22%3A%22Theme-Default-Icons-user-3%22%2C%22icon_link%22%3A%22url%3A%252Fwp-content%252Fuploads%252F2019%252F05%252FEduardo_Real.vcf%7C%7C%7C%22%2C%22icon_color%22%3A%22%23063965%22%2C%22icon_color_hover%22%3A%22%23eaeaea%22%7D%5D\u00bb link=\u00bburl:%2Fes%2Feduardo-antonio-real-solis\u00bb el_class=\u00bbcustom-h3 custom-pgh\u00bb][\/vc_column][vc_column width=\u00bb1\/3&#8243;][cmsms_profile uniqid=\u00bbcmsms_shcd_6667615ac321f0_83355174&#8243; image=\u00bb11613&#8243; title=\u00bbAlberto L\u00f3pez Tom\u00bb subtitle=\u00bbSocio\u00bb icons=\u00bb%5B%7B%22icon_class%22%3A%22Theme-Default-Icons-linkedin-with-circle%22%2C%22icon_link%22%3A%22url%3Ahttps%253A%252F%252Fwww.linkedin.com%252Fin%252Falberto-lopez-tom-23454622%252F%7C%7Ctarget%3A%2520_blank%7C%22%2C%22icon_color%22%3A%22%23063965%22%2C%22icon_color_hover%22%3A%22%23eaeaea%22%7D%2C%7B%22icon_class%22%3A%22Theme-Default-Icons-user-3%22%2C%22icon_link%22%3A%22url%3A%252Fwp-content%252Fuploads%252F2019%252F05%252FAlberto_Lopez_Tom.vcf%7C%7C%7C%22%2C%22icon_color%22%3A%22%23063965%22%2C%22icon_color_hover%22%3A%22%23eaeaea%22%7D%5D\u00bb link=\u00bburl:%2Fes%2Falberto-lopez-tom\u00bb el_class=\u00bbcustom-h3 custom-pgh\u00bb][\/vc_column][\/vc_row][vc_row][vc_column width=\u00bb1\/3&#8243;][cmsms_profile uniqid=\u00bbcmsms_shcd_6039183b6d4de0_47918024&#8243; image=\u00bb9565&#8243; title=\u00bbMar\u00eda Lourdes Gal\u00e1n D\u00edaz\u00bb subtitle=\u00bbSocio\u00bb icons=\u00bb%5B%7B%22icon_class%22%3A%22Theme-Default-Icons-linkedin-with-circle%22%2C%22icon_link%22%3A%22url%3Ahttps%253A%252F%252Fwww.linkedin.com%252Fin%252Fmaria-lourdes-galan-32388b4%252F%7C%7Ctarget%3A%2520_blank%7C%22%2C%22icon_color%22%3A%22%23063965%22%2C%22icon_color_hover%22%3A%22%23eaeaea%22%7D%2C%7B%22icon_class%22%3A%22Theme-Default-Icons-user-3%22%2C%22icon_link%22%3A%22url%3A%252Fwp-content%252Fuploads%252F2019%252F05%252FMaria_Lourdes_Galan.vcf%7C%7C%7C%22%2C%22icon_color%22%3A%22%23063965%22%2C%22icon_color_hover%22%3A%22%23eaeaea%22%7D%5D\u00bb link=\u00bburl:%2Fes%2Fmaria-lourdes-galan-diaz%2F\u00bb el_class=\u00bbcustom-h3 custom-pgh\u00bb][\/vc_column][vc_column width=\u00bb1\/3&#8243;][cmsms_profile uniqid=\u00bbcmsms_shcd_603918450038f4_60754093&#8243; image=\u00bb9421&#8243; title=\u00bbGian&#8230;<\/p>\n","protected":false},"author":7,"featured_media":0,"parent":0,"menu_order":0,"comment_status":"closed","ping_status":"closed","template":"","meta":{"footnotes":""},"class_list":["post-10690","page","type-page","status-publish","hentry"],"yoast_head":"<!-- This site is optimized with the Yoast SEO plugin v27.3 - https:\/\/yoast.com\/product\/yoast-seo-wordpress\/ -->\n<title>Socios - De Castro &amp; Robles - Panama<\/title>\n<meta name=\"description\" content=\"Welcome to our website. What matters to us the most, are the interests of our clients, and the long-term relationships that we have developed with them.\" \/>\n<meta name=\"robots\" content=\"index, follow, max-snippet:-1, max-image-preview:large, max-video-preview:-1\" \/>\n<link rel=\"canonical\" href=\"https:\/\/decastro-robles.com\/es\/socios\/\" \/>\n<meta property=\"og:locale\" content=\"es_ES\" \/>\n<meta property=\"og:type\" content=\"article\" \/>\n<meta property=\"og:title\" content=\"Socios - De Castro &amp; Robles - Panama\" \/>\n<meta property=\"og:description\" content=\"Welcome to our website. What matters to us the most, are the interests of our clients, and the long-term relationships that we have developed with them.\" \/>\n<meta property=\"og:url\" content=\"https:\/\/decastro-robles.com\/es\/socios\/\" \/>\n<meta property=\"og:site_name\" content=\"De Castro &amp; Robles\" \/>\n<meta property=\"article:modified_time\" content=\"2024-06-10T20:26:17+00:00\" \/>\n<meta name=\"twitter:card\" content=\"summary_large_image\" \/>\n<meta name=\"twitter:label1\" content=\"Tiempo de lectura\" \/>\n\t<meta name=\"twitter:data1\" content=\"2 minutos\" \/>\n<script type=\"application\/ld+json\" class=\"yoast-schema-graph\">{\"@context\":\"https:\\\/\\\/schema.org\",\"@graph\":[{\"@type\":\"WebPage\",\"@id\":\"https:\\\/\\\/decastro-robles.com\\\/es\\\/socios\\\/\",\"url\":\"https:\\\/\\\/decastro-robles.com\\\/es\\\/socios\\\/\",\"name\":\"Socios - De Castro &amp; Robles - Panama\",\"isPartOf\":{\"@id\":\"https:\\\/\\\/decastro-robles.com\\\/#website\"},\"datePublished\":\"2020-06-13T21:50:37+00:00\",\"dateModified\":\"2024-06-10T20:26:17+00:00\",\"description\":\"Welcome to our website. What matters to us the most, are the interests of our clients, and the long-term relationships that we have developed with them.\",\"breadcrumb\":{\"@id\":\"https:\\\/\\\/decastro-robles.com\\\/es\\\/socios\\\/#breadcrumb\"},\"inLanguage\":\"es\",\"potentialAction\":[{\"@type\":\"ReadAction\",\"target\":[\"https:\\\/\\\/decastro-robles.com\\\/es\\\/socios\\\/\"]}]},{\"@type\":\"BreadcrumbList\",\"@id\":\"https:\\\/\\\/decastro-robles.com\\\/es\\\/socios\\\/#breadcrumb\",\"itemListElement\":[{\"@type\":\"ListItem\",\"position\":1,\"name\":\"Inicio\",\"item\":\"https:\\\/\\\/decastro-robles.com\\\/es\\\/\"},{\"@type\":\"ListItem\",\"position\":2,\"name\":\"Socios\"}]},{\"@type\":\"WebSite\",\"@id\":\"https:\\\/\\\/decastro-robles.com\\\/#website\",\"url\":\"https:\\\/\\\/decastro-robles.com\\\/\",\"name\":\"De Castro &amp; Robles\",\"description\":\"A full service firm\",\"publisher\":{\"@id\":\"https:\\\/\\\/decastro-robles.com\\\/#organization\"},\"potentialAction\":[{\"@type\":\"SearchAction\",\"target\":{\"@type\":\"EntryPoint\",\"urlTemplate\":\"https:\\\/\\\/decastro-robles.com\\\/?s={search_term_string}\"},\"query-input\":{\"@type\":\"PropertyValueSpecification\",\"valueRequired\":true,\"valueName\":\"search_term_string\"}}],\"inLanguage\":\"es\"},{\"@type\":\"Organization\",\"@id\":\"https:\\\/\\\/decastro-robles.com\\\/#organization\",\"name\":\"De Castro & Robles\",\"url\":\"https:\\\/\\\/decastro-robles.com\\\/\",\"logo\":{\"@type\":\"ImageObject\",\"inLanguage\":\"es\",\"@id\":\"https:\\\/\\\/decastro-robles.com\\\/#\\\/schema\\\/logo\\\/image\\\/\",\"url\":\"https:\\\/\\\/www.decastro-robles.com\\\/wp-content\\\/uploads\\\/2019\\\/11\\\/Logo-original-DCR1.png\",\"contentUrl\":\"https:\\\/\\\/www.decastro-robles.com\\\/wp-content\\\/uploads\\\/2019\\\/11\\\/Logo-original-DCR1.png\",\"width\":215,\"height\":218,\"caption\":\"De Castro & Robles\"},\"image\":{\"@id\":\"https:\\\/\\\/decastro-robles.com\\\/#\\\/schema\\\/logo\\\/image\\\/\"}}]}<\/script>\n<!-- \/ Yoast SEO plugin. -->","yoast_head_json":{"title":"Socios - De Castro &amp; Robles - Panama","description":"Welcome to our website. What matters to us the most, are the interests of our clients, and the long-term relationships that we have developed with them.","robots":{"index":"index","follow":"follow","max-snippet":"max-snippet:-1","max-image-preview":"max-image-preview:large","max-video-preview":"max-video-preview:-1"},"canonical":"https:\/\/decastro-robles.com\/es\/socios\/","og_locale":"es_ES","og_type":"article","og_title":"Socios - De Castro &amp; Robles - Panama","og_description":"Welcome to our website. What matters to us the most, are the interests of our clients, and the long-term relationships that we have developed with them.","og_url":"https:\/\/decastro-robles.com\/es\/socios\/","og_site_name":"De Castro &amp; Robles","article_modified_time":"2024-06-10T20:26:17+00:00","twitter_card":"summary_large_image","twitter_misc":{"Tiempo de lectura":"2 minutos"},"schema":{"@context":"https:\/\/schema.org","@graph":[{"@type":"WebPage","@id":"https:\/\/decastro-robles.com\/es\/socios\/","url":"https:\/\/decastro-robles.com\/es\/socios\/","name":"Socios - De Castro &amp; Robles - Panama","isPartOf":{"@id":"https:\/\/decastro-robles.com\/#website"},"datePublished":"2020-06-13T21:50:37+00:00","dateModified":"2024-06-10T20:26:17+00:00","description":"Welcome to our website. What matters to us the most, are the interests of our clients, and the long-term relationships that we have developed with them.","breadcrumb":{"@id":"https:\/\/decastro-robles.com\/es\/socios\/#breadcrumb"},"inLanguage":"es","potentialAction":[{"@type":"ReadAction","target":["https:\/\/decastro-robles.com\/es\/socios\/"]}]},{"@type":"BreadcrumbList","@id":"https:\/\/decastro-robles.com\/es\/socios\/#breadcrumb","itemListElement":[{"@type":"ListItem","position":1,"name":"Inicio","item":"https:\/\/decastro-robles.com\/es\/"},{"@type":"ListItem","position":2,"name":"Socios"}]},{"@type":"WebSite","@id":"https:\/\/decastro-robles.com\/#website","url":"https:\/\/decastro-robles.com\/","name":"De Castro &amp; Robles","description":"A full service firm","publisher":{"@id":"https:\/\/decastro-robles.com\/#organization"},"potentialAction":[{"@type":"SearchAction","target":{"@type":"EntryPoint","urlTemplate":"https:\/\/decastro-robles.com\/?s={search_term_string}"},"query-input":{"@type":"PropertyValueSpecification","valueRequired":true,"valueName":"search_term_string"}}],"inLanguage":"es"},{"@type":"Organization","@id":"https:\/\/decastro-robles.com\/#organization","name":"De Castro & Robles","url":"https:\/\/decastro-robles.com\/","logo":{"@type":"ImageObject","inLanguage":"es","@id":"https:\/\/decastro-robles.com\/#\/schema\/logo\/image\/","url":"https:\/\/www.decastro-robles.com\/wp-content\/uploads\/2019\/11\/Logo-original-DCR1.png","contentUrl":"https:\/\/www.decastro-robles.com\/wp-content\/uploads\/2019\/11\/Logo-original-DCR1.png","width":215,"height":218,"caption":"De Castro & Robles"},"image":{"@id":"https:\/\/decastro-robles.com\/#\/schema\/logo\/image\/"}}]}},"_links":{"self":[{"href":"https:\/\/decastro-robles.com\/es\/wp-json\/wp\/v2\/pages\/10690","targetHints":{"allow":["GET"]}}],"collection":[{"href":"https:\/\/decastro-robles.com\/es\/wp-json\/wp\/v2\/pages"}],"about":[{"href":"https:\/\/decastro-robles.com\/es\/wp-json\/wp\/v2\/types\/page"}],"author":[{"embeddable":true,"href":"https:\/\/decastro-robles.com\/es\/wp-json\/wp\/v2\/users\/7"}],"replies":[{"embeddable":true,"href":"https:\/\/decastro-robles.com\/es\/wp-json\/wp\/v2\/comments?post=10690"}],"version-history":[{"count":5,"href":"https:\/\/decastro-robles.com\/es\/wp-json\/wp\/v2\/pages\/10690\/revisions"}],"predecessor-version":[{"id":11617,"href":"https:\/\/decastro-robles.com\/es\/wp-json\/wp\/v2\/pages\/10690\/revisions\/11617"}],"wp:attachment":[{"href":"https:\/\/decastro-robles.com\/es\/wp-json\/wp\/v2\/media?parent=10690"}],"curies":[{"name":"wp","href":"https:\/\/api.w.org\/{rel}","templated":true}]}}