{"id":10632,"date":"2020-06-13T09:43:05","date_gmt":"2020-06-13T14:43:05","guid":{"rendered":"https:\/\/www.decastro-robles.com\/?page_id=10632"},"modified":"2021-02-26T10:29:08","modified_gmt":"2021-02-26T15:29:08","slug":"maria-lourdes-galan-diaz","status":"publish","type":"page","link":"https:\/\/decastro-robles.com\/es\/maria-lourdes-galan-diaz\/","title":{"rendered":"Mar\u00eda Lourdes Gal\u00e1n D\u00edaz"},"content":{"rendered":"<div class=\"wpb-content-wrapper\"><style type=\"text\/css\" data-type=\"vc_cmsms_shortcodes-custom-css\"><\/style><p>[vc_row gap=\u00bb35&#8243; content_placement=\u00bbtop\u00bb css=\u00bb.vc_custom_1580351455151{margin-top: 25px !important;padding-top: 0px !important;padding-bottom: 0px !important;}\u00bb el_id=\u00bblawyer-info-r1&#8243;][vc_column width=\u00bb5\/12&#8243; css=\u00bb.vc_custom_1580351477137{margin-top: 0px !important;padding-top: 0px !important;padding-right: 0px !important;}\u00bb el_class=\u00bblawyer-info-main\u00bb][vc_single_image image=\u00bb9496&#8243; img_size=\u00bbfull\u00bb alignment=\u00bbcenter\u00bb el_class=\u00bblawyer-pic\u00bb][vc_custom_heading text=\u00bbMar\u00eda Lourdes Gal\u00e1n D\u00edaz\u00bb font_container=\u00bbtag:h1|font_size:28px|text_align:left|color:%230b5ba7&#8243; use_theme_fonts=\u00bbyes\u00bb css=\u00bb.vc_custom_1580399326318{margin-bottom: 0px !important;padding-bottom: 0px !important;}\u00bb el_class=\u00bblawyer-name\u00bb][vc_custom_heading text=\u00bbSocia\u00bb font_container=\u00bbtag:h2|font_size:18|text_align:left|color:%237e7e7e\u00bb use_theme_fonts=\u00bbyes\u00bb css=\u00bb.vc_custom_1614352998493{margin-top: 0px !important;margin-bottom: 0px !important;padding-bottom: 0px !important;}\u00bb el_class=\u00bblawyer-type\u00bb][vc_empty_space height=\u00bb25px\u00bb][\/vc_column][vc_column width=\u00bb7\/12&#8243; css=\u00bb.vc_custom_1580354168883{padding-top: 0px !important;padding-right: 30px !important;padding-left: 10px !important;}\u00bb el_class=\u00bblawyer-info-gen\u00bb][vc_custom_heading text=\u00bbNaci\u00f3\u00bb font_container=\u00bbtag:h3|font_size:15|text_align:left|color:%230b5ba7&#8243; use_theme_fonts=\u00bbyes\u00bb css=\u00bb.vc_custom_1614353006923{margin-bottom: 5px !important;padding-bottom: 0px !important;}\u00bb el_class=\u00bblawyer-sub-reg\u00bb][vc_column_text el_class=\u00bblawyer-txt-item\u00bb]<\/p>\n<ul>\n<li>Ciudad de Panam\u00e1, Panam\u00e1, 26 de mayo de 1980<\/li>\n<\/ul>\n<p>[\/vc_column_text][vc_custom_heading text=\u00bbIdoneidades\u00bb font_container=\u00bbtag:h3|font_size:15|text_align:left|color:%230b5ba7&#8243; use_theme_fonts=\u00bbyes\u00bb css=\u00bb.vc_custom_1614353013187{margin-bottom: 5px !important;padding-bottom: 0px !important;}\u00bb el_class=\u00bblawyer-sub-reg\u00bb][vc_column_text el_class=\u00bblawyer-txt-item\u00bb]<\/p>\n<ul>\n<li>Rep\u00fablica de Panam\u00e1 (2003)<\/li>\n<\/ul>\n<p>[\/vc_column_text][vc_custom_heading text=\u00bbEducaci\u00f3n\u00bb font_container=\u00bbtag:h3|font_size:15|text_align:left|color:%230b5ba7&#8243; use_theme_fonts=\u00bbyes\u00bb css=\u00bb.vc_custom_1592059687745{margin-bottom: 5px !important;padding-bottom: 0px !important;}\u00bb el_class=\u00bblawyer-sub-reg\u00bb][vc_column_text el_class=\u00bblawyer-txt-item\u00bb]<\/p>\n<ul>\n<li><span style=\"font-weight: 400;\">Licenciatura en Derecho y Ciencias Pol\u00edticas, Maga Cum Laude \u2013 Universidad Santa Mar\u00eda La Antigua (2003)<\/span><\/li>\n<li><span style=\"font-weight: 400;\">Maestr\u00eda en Derecho Comercial Internacional \u2013 Universidad de Nottingham, Inglaterra (2004)<\/span><\/li>\n<li><span style=\"font-weight: 400;\">Programa en Fundaciones del Derecho Americano y de Educaci\u00f3n Legal (2004)<\/span><\/li>\n<li><span style=\"font-weight: 400;\">Maestr\u00eda en Derecho Bancario y Financiero \u2013 Universidad de Boston, EE.UU. (2005)<\/span><\/li>\n<\/ul>\n<p>[\/vc_column_text][\/vc_column][\/vc_row][vc_row css=\u00bb.vc_custom_1580351446554{margin-right: 0px !important;margin-left: 0px !important;}\u00bb el_id=\u00bblawyer-info-r2&#8243;][vc_column width=\u00bb5\/12&#8243; el_class=\u00bblawyer-info-cont\u00bb css=\u00bb.vc_custom_1580354459596{padding-top: 40px !important;padding-right: 40px !important;padding-bottom: 30px !important;padding-left: 40px !important;background-color: #f9f9f9 !important;}\u00bb][vc_custom_heading text=\u00bbCorreo\u00bb font_container=\u00bbtag:h3|font_size:15|text_align:left|color:%230b5ba7&#8243; use_theme_fonts=\u00bbyes\u00bb css=\u00bb.vc_custom_1614353070517{margin-bottom: 5px !important;padding-bottom: 0px !important;}\u00bb el_class=\u00bblawyer-sub-reg\u00bb][vc_column_text el_class=\u00bblawyer-txt-item\u00bb]galan@decastro-robles.com[\/vc_column_text][vc_custom_heading text=\u00bbTel\u00e9fonos\u00bb font_container=\u00bbtag:h3|font_size:15|text_align:left|color:%230b5ba7&#8243; use_theme_fonts=\u00bbyes\u00bb css=\u00bb.vc_custom_1614353081883{margin-bottom: 5px !important;padding-bottom: 0px !important;}\u00bb el_class=\u00bblawyer-sub-reg\u00bb][vc_column_text el_class=\u00bblawyer-txt-item\u00bb]+507 263-6622<br \/>\n+507 6780-0715[\/vc_column_text][vc_custom_heading text=\u00bbFax\u00bb font_container=\u00bbtag:h3|font_size:15|text_align:left|color:%230b5ba7&#8243; use_theme_fonts=\u00bbyes\u00bb css=\u00bb.vc_custom_1580351681701{margin-bottom: 5px !important;padding-bottom: 0px !important;}\u00bb el_class=\u00bblawyer-sub-reg\u00bb][vc_column_text el_class=\u00bblawyer-txt-item\u00bb]+507 263-6594[\/vc_column_text][vc_icon icon_fontawesome=\u00bbfa fa-id-card\u00bb color=\u00bbcustom\u00bb size=\u00bblg\u00bb link=\u00bburl:https%3A%2F%2Fwww.linkedin.com%2Fcompany%2Fde-castro-%26-robles%3Ftrk%3Dtyah|||\u00bb el_class=\u00bblawyer-social-icon vcf\u00bb][vc_icon icon_fontawesome=\u00bbfa fa-twitter-square\u00bb color=\u00bbcustom\u00bb size=\u00bblg\u00bb link=\u00bburl:https%3A%2F%2Ftwitter.com%2FDeCastroRobles|||\u00bb el_class=\u00bblawyer-social-icon fa twi\u00bb][vc_icon icon_fontawesome=\u00bbfa fa-linkedin-square\u00bb color=\u00bbcustom\u00bb size=\u00bblg\u00bb link=\u00bburl:https%3A%2F%2Fwww.linkedin.com%2Fin%2Fmaria-lourdes-galan-32388b4%2F|||\u00bb el_class=\u00bblawyer-social-icon lin\u00bb][vc_icon icon_fontawesome=\u00bbfa fa-facebook-square\u00bb color=\u00bbcustom\u00bb size=\u00bblg\u00bb link=\u00bburl:%2Feduardo-antonio-real-solis-2|||\u00bb el_class=\u00bblawyer-social-icon fac\u00bb][vc_icon icon_fontawesome=\u00bbfa fa-instagram\u00bb color=\u00bbcustom\u00bb size=\u00bblg\u00bb link=\u00bburl:https%3A%2F%2Fwww.linkedin.com%2Fcompany%2Fde-castro-%26-robles%3Ftrk%3Dtyah|||\u00bb el_class=\u00bblawyer-social-icon ins\u00bb][\/vc_column][vc_column width=\u00bb7\/12&#8243; el_class=\u00bblawyer-info-tabs\u00bb][vc_tta_tabs][vc_tta_section title=\u00bb\u00c1reas de pr\u00e1ctica\u00bb tab_id=\u00bbareas\u00bb][vc_column_text el_class=\u00bblawyer-tab-txt-item\u00bb]<\/p>\n<ul>\n<li><span style=\"font-weight: 400;\">Litigio y Derecho Mar\u00edtimo<\/span><\/li>\n<li><span style=\"font-weight: 400;\">Financiamiento de Proyectos<\/span><\/li>\n<li><span style=\"font-weight: 400;\">Derecho Internacional<\/span><\/li>\n<li><span style=\"font-weight: 400;\">Derecho Bancario<\/span><\/li>\n<li><span style=\"font-weight: 400;\">Derecho Administrativo<\/span><\/li>\n<li><span style=\"font-weight: 400;\">Reclamos Administrativos contra el Canal de Panam\u00e1<\/span><\/li>\n<\/ul>\n<p>[\/vc_column_text][\/vc_tta_section][vc_tta_section title=\u00bbMembres\u00edas\u00bb tab_id=\u00bbmemberships\u00bb][vc_column_text el_class=\u00bblawyer-tab-txt-item\u00bb]<\/p>\n<ul>\n<li><span style=\"font-weight: 400;\">Colegio Nacional de Abogados\u00a0\u00a0<\/span><\/li>\n<li><span style=\"font-weight: 400;\">Asociaci\u00f3n de Derecho Mar\u00edtimo de Panam\u00e1 <\/span><\/li>\n<\/ul>\n<p>[\/vc_column_text][\/vc_tta_section][vc_tta_section title=\u00bbIdiomas\u00bb tab_id=\u00bblanguages\u00bb][vc_column_text el_class=\u00bblawyer-tab-txt-item\u00bb]<\/p>\n<ul>\n<li><span style=\"font-weight: 400;\">Espa\u00f1ol<\/span><\/li>\n<li><span style=\"font-weight: 400;\">Ingl\u00e9s<\/span><\/li>\n<\/ul>\n<p>[\/vc_column_text][\/vc_tta_section][vc_tta_section title=\u00bbOtros\u00bb tab_id=\u00bbother\u00bb][vc_column_text el_class=\u00bblawyer-tab-txt-item\u00bb]<\/p>\n<ul>\n<li><span style=\"font-weight: 400;\">Becaria Fulbright. Asociaci\u00f3n de Exalumnos Fulbright (Directora, 2006)<\/span><\/li>\n<li><span style=\"font-weight: 400;\">Asociaci\u00f3n de Exalumnos Anglo-Paname\u00f1os (Directora, 2008)<\/span><\/li>\n<li><span style=\"font-weight: 400;\">C\u00e1mara Mar\u00edtima de Panam\u00e1 (Directora 2012, 2015, 2018 y 2019)<\/span><\/li>\n<li><span style=\"font-weight: 400;\">Asociaci\u00f3n de Derecho Mar\u00edtimo de Panam\u00e1 (Directora, 2017, 2018 y 2019; Presidenta, 2020). <\/span><\/li>\n<\/ul>\n<p>[\/vc_column_text][\/vc_tta_section][\/vc_tta_tabs][\/vc_column][vc_column el_class=\u00bblawyer-btm-margin\u00bb][vc_empty_space height=\u00bb20px\u00bb][\/vc_column][\/vc_row]<\/p>\n<\/div>","protected":false},"excerpt":{"rendered":"<p>[vc_row gap=\u00bb35&#8243; content_placement=\u00bbtop\u00bb css=\u00bb.vc_custom_1580351455151{margin-top: 25px !important;padding-top: 0px !important;padding-bottom: 0px !important;}\u00bb el_id=\u00bblawyer-info-r1&#8243;][vc_column width=\u00bb5\/12&#8243; css=\u00bb.vc_custom_1580351477137{margin-top: 0px !important;padding-top: 0px !important;padding-right: 0px !important;}\u00bb el_class=\u00bblawyer-info-main\u00bb][vc_single_image image=\u00bb9496&#8243; img_size=\u00bbfull\u00bb alignment=\u00bbcenter\u00bb el_class=\u00bblawyer-pic\u00bb][vc_custom_heading text=\u00bbMar\u00eda Lourdes Gal\u00e1n D\u00edaz\u00bb font_container=\u00bbtag:h1|font_size:28px|text_align:left|color:%230b5ba7&#8243; use_theme_fonts=\u00bbyes\u00bb css=\u00bb.vc_custom_1580399326318{margin-bottom: 0px !important;padding-bottom: 0px !important;}\u00bb el_class=\u00bblawyer-name\u00bb][vc_custom_heading text=\u00bbSocia\u00bb font_container=\u00bbtag:h2|font_size:18|text_align:left|color:%237e7e7e\u00bb use_theme_fonts=\u00bbyes\u00bb css=\u00bb.vc_custom_1614352998493{margin-top: 0px !important;margin-bottom: 0px !important;padding-bottom: 0px !important;}\u00bb el_class=\u00bblawyer-type\u00bb][vc_empty_space height=\u00bb25px\u00bb][\/vc_column][vc_column width=\u00bb7\/12&#8243; css=\u00bb.vc_custom_1580354168883{padding-top: 0px !important;padding-right: 30px !important;padding-left: 10px&#8230;<\/p>\n","protected":false},"author":7,"featured_media":0,"parent":0,"menu_order":0,"comment_status":"closed","ping_status":"closed","template":"","meta":{"footnotes":""},"class_list":["post-10632","page","type-page","status-publish","hentry"],"yoast_head":"<!-- This site is optimized with the Yoast SEO plugin v27.3 - https:\/\/yoast.com\/product\/yoast-seo-wordpress\/ -->\n<title>Mar\u00eda Lourdes Gal\u00e1n D\u00edaz - De Castro &amp; Robles - Panama<\/title>\n<meta name=\"description\" content=\"Welcome to our website. What matters to us the most, are the interests of our clients, and the long-term relationships that we have developed with them.\" \/>\n<meta name=\"robots\" content=\"index, follow, max-snippet:-1, max-image-preview:large, max-video-preview:-1\" \/>\n<link rel=\"canonical\" href=\"https:\/\/www.decastro-robles.com\/es\/maria-lourdes-galan-diaz\/\" \/>\n<meta property=\"og:locale\" content=\"es_ES\" \/>\n<meta property=\"og:type\" content=\"article\" \/>\n<meta property=\"og:title\" content=\"Mar\u00eda Lourdes Gal\u00e1n D\u00edaz - De Castro &amp; Robles - Panama\" \/>\n<meta property=\"og:description\" content=\"Welcome to our website. What matters to us the most, are the interests of our clients, and the long-term relationships that we have developed with them.\" \/>\n<meta property=\"og:url\" content=\"https:\/\/www.decastro-robles.com\/es\/maria-lourdes-galan-diaz\/\" \/>\n<meta property=\"og:site_name\" content=\"De Castro &amp; Robles\" \/>\n<meta property=\"article:modified_time\" content=\"2021-02-26T15:29:08+00:00\" \/>\n<meta name=\"twitter:card\" content=\"summary_large_image\" \/>\n<meta name=\"twitter:label1\" content=\"Tiempo de lectura\" \/>\n\t<meta name=\"twitter:data1\" content=\"2 minutos\" \/>\n<script type=\"application\/ld+json\" class=\"yoast-schema-graph\">{\"@context\":\"https:\\\/\\\/schema.org\",\"@graph\":[{\"@type\":\"WebPage\",\"@id\":\"https:\\\/\\\/www.decastro-robles.com\\\/es\\\/maria-lourdes-galan-diaz\\\/\",\"url\":\"https:\\\/\\\/www.decastro-robles.com\\\/es\\\/maria-lourdes-galan-diaz\\\/\",\"name\":\"Mar\u00eda Lourdes Gal\u00e1n D\u00edaz - De Castro &amp; Robles - Panama\",\"isPartOf\":{\"@id\":\"https:\\\/\\\/decastro-robles.com\\\/#website\"},\"datePublished\":\"2020-06-13T14:43:05+00:00\",\"dateModified\":\"2021-02-26T15:29:08+00:00\",\"description\":\"Welcome to our website. What matters to us the most, are the interests of our clients, and the long-term relationships that we have developed with them.\",\"breadcrumb\":{\"@id\":\"https:\\\/\\\/www.decastro-robles.com\\\/es\\\/maria-lourdes-galan-diaz\\\/#breadcrumb\"},\"inLanguage\":\"es\",\"potentialAction\":[{\"@type\":\"ReadAction\",\"target\":[\"https:\\\/\\\/www.decastro-robles.com\\\/es\\\/maria-lourdes-galan-diaz\\\/\"]}]},{\"@type\":\"BreadcrumbList\",\"@id\":\"https:\\\/\\\/www.decastro-robles.com\\\/es\\\/maria-lourdes-galan-diaz\\\/#breadcrumb\",\"itemListElement\":[{\"@type\":\"ListItem\",\"position\":1,\"name\":\"Inicio\",\"item\":\"https:\\\/\\\/decastro-robles.com\\\/es\\\/\"},{\"@type\":\"ListItem\",\"position\":2,\"name\":\"Mar\u00eda Lourdes Gal\u00e1n D\u00edaz\"}]},{\"@type\":\"WebSite\",\"@id\":\"https:\\\/\\\/decastro-robles.com\\\/#website\",\"url\":\"https:\\\/\\\/decastro-robles.com\\\/\",\"name\":\"De Castro &amp; Robles\",\"description\":\"A full service firm\",\"publisher\":{\"@id\":\"https:\\\/\\\/decastro-robles.com\\\/#organization\"},\"potentialAction\":[{\"@type\":\"SearchAction\",\"target\":{\"@type\":\"EntryPoint\",\"urlTemplate\":\"https:\\\/\\\/decastro-robles.com\\\/?s={search_term_string}\"},\"query-input\":{\"@type\":\"PropertyValueSpecification\",\"valueRequired\":true,\"valueName\":\"search_term_string\"}}],\"inLanguage\":\"es\"},{\"@type\":\"Organization\",\"@id\":\"https:\\\/\\\/decastro-robles.com\\\/#organization\",\"name\":\"De Castro & Robles\",\"url\":\"https:\\\/\\\/decastro-robles.com\\\/\",\"logo\":{\"@type\":\"ImageObject\",\"inLanguage\":\"es\",\"@id\":\"https:\\\/\\\/decastro-robles.com\\\/#\\\/schema\\\/logo\\\/image\\\/\",\"url\":\"https:\\\/\\\/www.decastro-robles.com\\\/wp-content\\\/uploads\\\/2019\\\/11\\\/Logo-original-DCR1.png\",\"contentUrl\":\"https:\\\/\\\/www.decastro-robles.com\\\/wp-content\\\/uploads\\\/2019\\\/11\\\/Logo-original-DCR1.png\",\"width\":215,\"height\":218,\"caption\":\"De Castro & Robles\"},\"image\":{\"@id\":\"https:\\\/\\\/decastro-robles.com\\\/#\\\/schema\\\/logo\\\/image\\\/\"}}]}<\/script>\n<!-- \/ Yoast SEO plugin. -->","yoast_head_json":{"title":"Mar\u00eda Lourdes Gal\u00e1n D\u00edaz - De Castro &amp; Robles - Panama","description":"Welcome to our website. What matters to us the most, are the interests of our clients, and the long-term relationships that we have developed with them.","robots":{"index":"index","follow":"follow","max-snippet":"max-snippet:-1","max-image-preview":"max-image-preview:large","max-video-preview":"max-video-preview:-1"},"canonical":"https:\/\/www.decastro-robles.com\/es\/maria-lourdes-galan-diaz\/","og_locale":"es_ES","og_type":"article","og_title":"Mar\u00eda Lourdes Gal\u00e1n D\u00edaz - De Castro &amp; Robles - Panama","og_description":"Welcome to our website. What matters to us the most, are the interests of our clients, and the long-term relationships that we have developed with them.","og_url":"https:\/\/www.decastro-robles.com\/es\/maria-lourdes-galan-diaz\/","og_site_name":"De Castro &amp; Robles","article_modified_time":"2021-02-26T15:29:08+00:00","twitter_card":"summary_large_image","twitter_misc":{"Tiempo de lectura":"2 minutos"},"schema":{"@context":"https:\/\/schema.org","@graph":[{"@type":"WebPage","@id":"https:\/\/www.decastro-robles.com\/es\/maria-lourdes-galan-diaz\/","url":"https:\/\/www.decastro-robles.com\/es\/maria-lourdes-galan-diaz\/","name":"Mar\u00eda Lourdes Gal\u00e1n D\u00edaz - De Castro &amp; Robles - Panama","isPartOf":{"@id":"https:\/\/decastro-robles.com\/#website"},"datePublished":"2020-06-13T14:43:05+00:00","dateModified":"2021-02-26T15:29:08+00:00","description":"Welcome to our website. What matters to us the most, are the interests of our clients, and the long-term relationships that we have developed with them.","breadcrumb":{"@id":"https:\/\/www.decastro-robles.com\/es\/maria-lourdes-galan-diaz\/#breadcrumb"},"inLanguage":"es","potentialAction":[{"@type":"ReadAction","target":["https:\/\/www.decastro-robles.com\/es\/maria-lourdes-galan-diaz\/"]}]},{"@type":"BreadcrumbList","@id":"https:\/\/www.decastro-robles.com\/es\/maria-lourdes-galan-diaz\/#breadcrumb","itemListElement":[{"@type":"ListItem","position":1,"name":"Inicio","item":"https:\/\/decastro-robles.com\/es\/"},{"@type":"ListItem","position":2,"name":"Mar\u00eda Lourdes Gal\u00e1n D\u00edaz"}]},{"@type":"WebSite","@id":"https:\/\/decastro-robles.com\/#website","url":"https:\/\/decastro-robles.com\/","name":"De Castro &amp; Robles","description":"A full service firm","publisher":{"@id":"https:\/\/decastro-robles.com\/#organization"},"potentialAction":[{"@type":"SearchAction","target":{"@type":"EntryPoint","urlTemplate":"https:\/\/decastro-robles.com\/?s={search_term_string}"},"query-input":{"@type":"PropertyValueSpecification","valueRequired":true,"valueName":"search_term_string"}}],"inLanguage":"es"},{"@type":"Organization","@id":"https:\/\/decastro-robles.com\/#organization","name":"De Castro & Robles","url":"https:\/\/decastro-robles.com\/","logo":{"@type":"ImageObject","inLanguage":"es","@id":"https:\/\/decastro-robles.com\/#\/schema\/logo\/image\/","url":"https:\/\/www.decastro-robles.com\/wp-content\/uploads\/2019\/11\/Logo-original-DCR1.png","contentUrl":"https:\/\/www.decastro-robles.com\/wp-content\/uploads\/2019\/11\/Logo-original-DCR1.png","width":215,"height":218,"caption":"De Castro & Robles"},"image":{"@id":"https:\/\/decastro-robles.com\/#\/schema\/logo\/image\/"}}]}},"_links":{"self":[{"href":"https:\/\/decastro-robles.com\/es\/wp-json\/wp\/v2\/pages\/10632","targetHints":{"allow":["GET"]}}],"collection":[{"href":"https:\/\/decastro-robles.com\/es\/wp-json\/wp\/v2\/pages"}],"about":[{"href":"https:\/\/decastro-robles.com\/es\/wp-json\/wp\/v2\/types\/page"}],"author":[{"embeddable":true,"href":"https:\/\/decastro-robles.com\/es\/wp-json\/wp\/v2\/users\/7"}],"replies":[{"embeddable":true,"href":"https:\/\/decastro-robles.com\/es\/wp-json\/wp\/v2\/comments?post=10632"}],"version-history":[{"count":4,"href":"https:\/\/decastro-robles.com\/es\/wp-json\/wp\/v2\/pages\/10632\/revisions"}],"predecessor-version":[{"id":11421,"href":"https:\/\/decastro-robles.com\/es\/wp-json\/wp\/v2\/pages\/10632\/revisions\/11421"}],"wp:attachment":[{"href":"https:\/\/decastro-robles.com\/es\/wp-json\/wp\/v2\/media?parent=10632"}],"curies":[{"name":"wp","href":"https:\/\/api.w.org\/{rel}","templated":true}]}}