{"id":10556,"date":"2020-06-12T09:54:51","date_gmt":"2020-06-12T14:54:51","guid":{"rendered":"https:\/\/www.decastro-robles.com\/?page_id=10556"},"modified":"2024-09-24T16:56:24","modified_gmt":"2024-09-24T21:56:24","slug":"contactenos","status":"publish","type":"page","link":"https:\/\/decastro-robles.com\/es\/contactenos\/","title":{"rendered":"Cont\u00e1ctenos"},"content":{"rendered":"<div class=\"wpb-content-wrapper\"><style type=\"text\/css\" data-type=\"vc_cmsms_shortcodes-custom-css\"><\/style><p>[vc_row full_width=\u00bbstretch_row_content_no_spaces\u00bb css=\u00bb.vc_custom_1519121501343{margin-top: 0px !important;margin-right: 0px !important;margin-bottom: 0px !important;margin-left: 0px !important;border-top-width: 0px !important;border-right-width: 0px !important;border-bottom-width: 0px !important;border-left-width: 0px !important;padding-top: 0px !important;padding-right: 0px !important;padding-bottom: 0px !important;padding-left: 0px !important;border-left-style: none !important;border-right-style: none !important;border-top-style: none !important;border-bottom-style: none !important;}\u00bb][vc_column css=\u00bb.vc_custom_1519117916998{margin-top: 0px !important;margin-right: 0px !important;margin-bottom: 0px !important;margin-left: 0px !important;border-top-width: 0px !important;border-right-width: 0px !important;border-bottom-width: 0px !important;border-left-width: 0px !important;padding-top: 0px !important;padding-right: 0px !important;padding-bottom: 0px !important;padding-left: 0px !important;border-left-style: none !important;border-right-style: none !important;border-top-style: none !important;border-bottom-style: none !important;}\u00bb][vc_gmaps link=\u00bb#E-8_JTNDaWZyYW1lJTIwc3JjJTNEJTIyaHR0cHMlM0ElMkYlMkZ3d3cuZ29vZ2xlLmNvbSUyRm1hcHMlMkZlbWJlZCUzRnBiJTNEJTIxMW0xOCUyMTFtMTIlMjExbTMlMjExZDEyNDEuMzEzNTA2MTUwNDQ4OCUyMTJkLTc5LjUyODM0MDU2NTI4ODg2JTIxM2Q4Ljk3OTA3NjI0OTA1ODI5NSUyMTJtMyUyMTFmMCUyMTJmMCUyMTNmMCUyMTNtMiUyMTFpMTAyNCUyMTJpNzY4JTIxNGYxMy4xJTIxM20zJTIxMW0yJTIxMXMweDAlMjUzQTB4OTE3MDdkN2M5NDA3MmIyYyUyMTJzRGUlMkJDYXN0cm8lMkIlMjUyNiUyQlJvYmxlcyUyMTVlMCUyMTNtMiUyMTFzZW4lMjEyc3BhJTIxNHYxNTQyNjYyMDk4MzQ1JTIyJTIwd2lkdGglM0QlMjIxOTIwJTIyJTIwaGVpZ2h0JTNEJTIyNDIwJTIyJTIwZnJhbWVib3JkZXIlM0QlMjIwJTIyJTIwc3R5bGUlM0QlMjJib3JkZXIlM0EwJTIyJTIwYWxsb3dmdWxsc2NyZWVuJTNFJTNDJTJGaWZyYW1lJTNF\u00bb size=\u00bb450&#8243; css=\u00bb.vc_custom_1542662139185{margin-top: 0px !important;margin-right: 0px !important;margin-bottom: 0px !important;margin-left: 0px !important;border-top-width: 0px !important;border-right-width: 0px !important;border-bottom-width: 0px !important;border-left-width: 0px !important;padding-top: 0px !important;padding-right: 0px !important;padding-bottom: 0px !important;padding-left: 0px !important;border-left-style: none !important;border-right-style: none !important;border-top-style: none !important;border-bottom-style: none !important;}\u00bb][\/vc_column][\/vc_row][vc_row full_width=\u00bbstretch_row\u00bb css=\u00bb.vc_custom_1610995506359{margin-top: 10px !important;margin-bottom: 15px !important;}\u00bb][vc_column width=\u00bb1\/3&#8243; css=\u00bb.vc_custom_1610995458854{margin-top: -50px !important;margin-bottom: 20px !important;padding-top: 60px !important;padding-right: 40px !important;padding-bottom: 70px !important;padding-left: 40px !important;background-color: #063965 !important;}\u00bb offset=\u00bbvc_col-lg-3&#8243;][vc_custom_heading text=\u00bbInformaci\u00f3n de contacto\u00bb font_container=\u00bbtag:h1|font_size:24|text_align:left|color:%23ffffff\u00bb use_theme_fonts=\u00bbyes\u00bb][vc_column_text css=\u00bb.vc_custom_1727214978918{margin-bottom: 0px !important;}\u00bb]<span style=\"color: #ffffff;\">Piso 3, Edificio P.H. GMT, Blvd. Costa del Este, Costa del Este, Ciudad de Panam\u00e1, Rep\u00fablica de Panam\u00e1.<\/span>[\/vc_column_text][cmsms_icon_box icon=\u00bbTheme-Default-Icons-mail-3&#8243; title_tag=\u00bbh2&#8243; subtitle_tag=\u00bbp\u00bb uniqid=\u00bbcmsms_shcd_5fd7bd2ca488d6_30433198&#8243; custom_typography=\u00bbtrue\u00bb box_settings=\u00bbtrue\u00bb subtitle=\u00bbmail@decastro-robles.com\u00bb title_font_family=\u00bbfont_family:|font_call:\u00bb link=\u00bb|||\u00bb subtitle_color=\u00bb#ffffff\u00bb subtitle_color_hover=\u00bbrgba(255,255,255,0.7)\u00bb box_bg_color=\u00bbrgba(255,255,255,0.01)\u00bb box_bd_color=\u00bbrgba(255,255,255,0.01)\u00bb icon_size=\u00bb16&#8243; icon_padding=\u00bb10&#8243; icon_border=\u00bb0&#8243; icon_gap=\u00bb10&#8243; icon_color=\u00bb#ffffff\u00bb icon_color_hover=\u00bbrgba(255,255,255,0.7)\u00bb css=\u00bb.vc_custom_1607974199918{margin-top: 25px !important;margin-bottom: 0px !important;}\u00bb el_class=\u00bbno-icon\u00bb][cmsms_icon_box icon=\u00bbTheme-Default-Icons-call-in\u00bb title_tag=\u00bbh2&#8243; subtitle_tag=\u00bbp\u00bb uniqid=\u00bbcmsms_shcd_5fd7bd3c7474c2_27951022&#8243; custom_typography=\u00bbtrue\u00bb box_settings=\u00bbtrue\u00bb subtitle=\u00bb+507 263-6622&#8243; title_font_family=\u00bbfont_family:|font_call:\u00bb link=\u00bb|||\u00bb subtitle_color=\u00bb#ffffff\u00bb box_bg_color=\u00bbrgba(255,255,255,0.01)\u00bb box_bd_color=\u00bbrgba(255,255,255,0.01)\u00bb icon_size=\u00bb16&#8243; icon_padding=\u00bb10&#8243; icon_border=\u00bb0&#8243; icon_gap=\u00bb10&#8243; icon_color=\u00bb#ffffff\u00bb css=\u00bb.vc_custom_1607974208853{margin-top: 0px !important;margin-bottom: 0px !important;}\u00bb el_class=\u00bbno-icon\u00bb][cmsms_icon_box icon=\u00bbTheme-Default-Icons-login-4&#8243; title_tag=\u00bbh2&#8243; subtitle_tag=\u00bbp\u00bb uniqid=\u00bbcmsms_shcd_5fd7bd45a6e7a3_20459219&#8243; custom_typography=\u00bbtrue\u00bb box_settings=\u00bbtrue\u00bb subtitle=\u00bbFAX: +507 263-6594&#8243; title_font_family=\u00bbfont_family:|font_call:\u00bb link=\u00bb|||\u00bb subtitle_color=\u00bb#ffffff\u00bb subtitle_color_hover=\u00bbrgba(255,255,255,0.7)\u00bb box_bg_color=\u00bbrgba(255,255,255,0.01)\u00bb box_bd_color=\u00bbrgba(255,255,255,0.01)\u00bb icon_size=\u00bb16&#8243; icon_padding=\u00bb10&#8243; icon_border=\u00bb0&#8243; icon_gap=\u00bb10&#8243; icon_color=\u00bb#ffffff\u00bb icon_color_hover=\u00bbrgba(255,255,255,0.7)\u00bb css=\u00bb.vc_custom_1607974218434{margin-top: 0px !important;margin-bottom: 0px !important;}\u00bb el_class=\u00bbno-icon\u00bb][cmsms_icon_box icon=\u00bbTheme-Default-Icons-envelope-letter\u00bb title_tag=\u00bbh2&#8243; subtitle_tag=\u00bbp\u00bb uniqid=\u00bbcmsms_shcd_5fd7bd4f91f9b9_93467714&#8243; custom_typography=\u00bbtrue\u00bb box_settings=\u00bbtrue\u00bb subtitle=\u00bbP.O. Box 0834-02262&#8243; title_font_family=\u00bbfont_family:|font_call:\u00bb link=\u00bb|||\u00bb subtitle_color=\u00bb#ffffff\u00bb subtitle_color_hover=\u00bbrgba(255,255,255,0.7)\u00bb box_bg_color=\u00bbrgba(255,255,255,0.01)\u00bb box_bd_color=\u00bbrgba(255,255,255,0.01)\u00bb icon_size=\u00bb16&#8243; icon_padding=\u00bb10&#8243; icon_border=\u00bb0&#8243; icon_gap=\u00bb10&#8243; icon_color=\u00bb#ffffff\u00bb icon_color_hover=\u00bbrgba(255,255,255,0.7)\u00bb css=\u00bb.vc_custom_1607974229527{margin-top: 0px !important;margin-bottom: 0px !important;}\u00bb el_class=\u00bbno-icon\u00bb][\/vc_column][vc_column width=\u00bb2\/3&#8243; css=\u00bb.vc_custom_1610995465013{margin-top: 30px !important;border-top-width: 0px !important;padding-top: 0px !important;padding-right: 60px !important;padding-left: 60px !important;}\u00bb offset=\u00bbvc_col-lg-9&#8243;][vc_custom_heading text=\u00bbCont\u00e1ctenos\u00bb font_container=\u00bbtag:h2|font_size:22px|text_align:left|line_height:30px\u00bb use_theme_fonts=\u00bbyes\u00bb css=\u00bb.vc_custom_1592090283177{padding-bottom: 0px !important;}\u00bb]\n<div class=\"wpcf7 no-js\" id=\"wpcf7-f10740-o1\" lang=\"en-US\" dir=\"ltr\" data-wpcf7-id=\"10740\">\n<div class=\"screen-reader-response\"><p role=\"status\" aria-live=\"polite\" aria-atomic=\"true\"><\/p> <ul><\/ul><\/div>\n<form action=\"\/es\/wp-json\/wp\/v2\/pages\/10556#wpcf7-f10740-o1\" method=\"post\" class=\"wpcf7-form init\" aria-label=\"Contact form\" novalidate=\"novalidate\" data-status=\"init\">\n<fieldset class=\"hidden-fields-container\"><input type=\"hidden\" name=\"_wpcf7\" value=\"10740\" \/><input type=\"hidden\" name=\"_wpcf7_version\" value=\"6.1.5\" \/><input type=\"hidden\" name=\"_wpcf7_locale\" value=\"en_US\" \/><input type=\"hidden\" name=\"_wpcf7_unit_tag\" value=\"wpcf7-f10740-o1\" \/><input type=\"hidden\" name=\"_wpcf7_container_post\" value=\"0\" \/><input type=\"hidden\" name=\"_wpcf7_posted_data_hash\" value=\"\" \/><input type=\"hidden\" name=\"_wpcf7_recaptcha_response\" value=\"\" \/>\n<\/fieldset>\n<div class=\"cmsms_form\">\n\t<div class=\"cmsms_form_half\">\n\t\t<p><span class=\"wpcf7-form-control-wrap\" data-name=\"your-name\"><input size=\"40\" maxlength=\"400\" class=\"wpcf7-form-control wpcf7-text wpcf7-validates-as-required\" aria-required=\"true\" aria-invalid=\"false\" placeholder=\"Nombre Completo\" value=\"\" type=\"text\" name=\"your-name\" \/><\/span>\n\t\t<\/p>\n\t<\/div>\n\t<div class=\"cmsms_form_half\">\n\t\t<p><span class=\"wpcf7-form-control-wrap\" data-name=\"your-email\"><input size=\"40\" maxlength=\"400\" class=\"wpcf7-form-control wpcf7-email wpcf7-validates-as-required wpcf7-text wpcf7-validates-as-email\" aria-required=\"true\" aria-invalid=\"false\" placeholder=\"Correo\" value=\"\" type=\"email\" name=\"your-email\" \/><\/span>\n\t\t<\/p>\n\t<\/div>\n\t<div class=\"cmsms_form_full\">\n\t\t<p><span class=\"wpcf7-form-control-wrap\" data-name=\"your-subject\"><input size=\"40\" maxlength=\"400\" class=\"wpcf7-form-control wpcf7-text\" aria-invalid=\"false\" placeholder=\"Asunto\" value=\"\" type=\"text\" name=\"your-subject\" \/><\/span>\n\t\t<\/p>\n\t<\/div>\n\t<div class=\"cmsms_form_full\">\n\t\t<p><span class=\"wpcf7-form-control-wrap\" data-name=\"your-message\"><textarea cols=\"40\" rows=\"10\" maxlength=\"2000\" class=\"wpcf7-form-control wpcf7-textarea\" aria-invalid=\"false\" placeholder=\"Mensaje\" name=\"your-message\"><\/textarea><\/span>\n\t\t<\/p>\n\t<\/div>\n\t<p>\n\t<span class=\"wpcf7-form-control-wrap recaptcha\" data-name=\"recaptcha\"><span data-sitekey=\"6LdAiysqAAAAAChmfdTHG0krav7JU3qW_OzlOeuz\" class=\"wpcf7-form-control wpcf7-recaptcha g-recaptcha\" id=\"career-es\"><\/span>\r\n<noscript>\r\n\t<div class=\"grecaptcha-noscript\">\r\n\t\t<iframe loading=\"lazy\" src=\"https:\/\/www.google.com\/recaptcha\/api\/fallback?k=6LdAiysqAAAAAChmfdTHG0krav7JU3qW_OzlOeuz\" frameborder=\"0\" scrolling=\"no\" width=\"310\" height=\"430\">\r\n\t\t<\/iframe>\r\n\t\t<textarea name=\"g-recaptcha-response\" rows=\"3\" cols=\"40\" placeholder=\"reCaptcha Response Here\">\r\n\t\t<\/textarea>\r\n\t<\/div>\r\n<\/noscript>\r\n<\/span>\n\t<\/p>\n\t<div class=\"cmsms_form_full\">\n\t\t<p><input class=\"wpcf7-form-control wpcf7-submit has-spinner\" type=\"submit\" value=\"Enviar Mensaje\" \/>\n\t\t<\/p>\n\t<\/div>\n<\/div><div class=\"wpcf7-response-output\" aria-hidden=\"true\"><\/div>\n<\/form>\n<\/div>\n[\/vc_column][\/vc_row]<\/p>\n<\/div>","protected":false},"excerpt":{"rendered":"<p>[vc_row full_width=\u00bbstretch_row_content_no_spaces\u00bb css=\u00bb.vc_custom_1519121501343{margin-top: 0px !important;margin-right: 0px !important;margin-bottom: 0px !important;margin-left: 0px !important;border-top-width: 0px !important;border-right-width: 0px !important;border-bottom-width: 0px !important;border-left-width: 0px !important;padding-top: 0px !important;padding-right: 0px !important;padding-bottom: 0px !important;padding-left: 0px !important;border-left-style: none !important;border-right-style: none !important;border-top-style: none !important;border-bottom-style: none !important;}\u00bb][vc_column css=\u00bb.vc_custom_1519117916998{margin-top: 0px !important;margin-right: 0px !important;margin-bottom: 0px !important;margin-left: 0px !important;border-top-width: 0px !important;border-right-width: 0px !important;border-bottom-width: 0px !important;border-left-width: 0px !important;padding-top: 0px !important;padding-right: 0px&#8230;<\/p>\n","protected":false},"author":7,"featured_media":0,"parent":0,"menu_order":0,"comment_status":"closed","ping_status":"closed","template":"","meta":{"footnotes":""},"class_list":["post-10556","page","type-page","status-publish","hentry"],"yoast_head":"<!-- This site is optimized with the Yoast SEO plugin v27.3 - https:\/\/yoast.com\/product\/yoast-seo-wordpress\/ -->\n<title>Cont\u00e1ctenos - De Castro &amp; Robles - Panama<\/title>\n<meta name=\"description\" content=\"Welcome to our website. What matters to us the most, are the interests of our clients, and the long-term relationships that we have developed with them.\" \/>\n<meta name=\"robots\" content=\"index, follow, max-snippet:-1, max-image-preview:large, max-video-preview:-1\" \/>\n<link rel=\"canonical\" href=\"https:\/\/decastro-robles.com\/es\/contactenos\/\" \/>\n<meta property=\"og:locale\" content=\"es_ES\" \/>\n<meta property=\"og:type\" content=\"article\" \/>\n<meta property=\"og:title\" content=\"Cont\u00e1ctenos - De Castro &amp; Robles - Panama\" \/>\n<meta property=\"og:description\" content=\"Welcome to our website. What matters to us the most, are the interests of our clients, and the long-term relationships that we have developed with them.\" \/>\n<meta property=\"og:url\" content=\"https:\/\/decastro-robles.com\/es\/contactenos\/\" \/>\n<meta property=\"og:site_name\" content=\"De Castro &amp; Robles\" \/>\n<meta property=\"article:modified_time\" content=\"2024-09-24T21:56:24+00:00\" \/>\n<meta name=\"twitter:card\" content=\"summary_large_image\" \/>\n<meta name=\"twitter:label1\" content=\"Tiempo de lectura\" \/>\n\t<meta name=\"twitter:data1\" content=\"2 minutos\" \/>\n<script type=\"application\/ld+json\" class=\"yoast-schema-graph\">{\"@context\":\"https:\\\/\\\/schema.org\",\"@graph\":[{\"@type\":\"WebPage\",\"@id\":\"https:\\\/\\\/decastro-robles.com\\\/es\\\/contactenos\\\/\",\"url\":\"https:\\\/\\\/decastro-robles.com\\\/es\\\/contactenos\\\/\",\"name\":\"Cont\u00e1ctenos - De Castro &amp; Robles - Panama\",\"isPartOf\":{\"@id\":\"https:\\\/\\\/decastro-robles.com\\\/#website\"},\"datePublished\":\"2020-06-12T14:54:51+00:00\",\"dateModified\":\"2024-09-24T21:56:24+00:00\",\"description\":\"Welcome to our website. What matters to us the most, are the interests of our clients, and the long-term relationships that we have developed with them.\",\"breadcrumb\":{\"@id\":\"https:\\\/\\\/decastro-robles.com\\\/es\\\/contactenos\\\/#breadcrumb\"},\"inLanguage\":\"es\",\"potentialAction\":[{\"@type\":\"ReadAction\",\"target\":[\"https:\\\/\\\/decastro-robles.com\\\/es\\\/contactenos\\\/\"]}]},{\"@type\":\"BreadcrumbList\",\"@id\":\"https:\\\/\\\/decastro-robles.com\\\/es\\\/contactenos\\\/#breadcrumb\",\"itemListElement\":[{\"@type\":\"ListItem\",\"position\":1,\"name\":\"Inicio\",\"item\":\"https:\\\/\\\/decastro-robles.com\\\/es\\\/\"},{\"@type\":\"ListItem\",\"position\":2,\"name\":\"Cont\u00e1ctenos\"}]},{\"@type\":\"WebSite\",\"@id\":\"https:\\\/\\\/decastro-robles.com\\\/#website\",\"url\":\"https:\\\/\\\/decastro-robles.com\\\/\",\"name\":\"De Castro &amp; Robles\",\"description\":\"A full service firm\",\"publisher\":{\"@id\":\"https:\\\/\\\/decastro-robles.com\\\/#organization\"},\"potentialAction\":[{\"@type\":\"SearchAction\",\"target\":{\"@type\":\"EntryPoint\",\"urlTemplate\":\"https:\\\/\\\/decastro-robles.com\\\/?s={search_term_string}\"},\"query-input\":{\"@type\":\"PropertyValueSpecification\",\"valueRequired\":true,\"valueName\":\"search_term_string\"}}],\"inLanguage\":\"es\"},{\"@type\":\"Organization\",\"@id\":\"https:\\\/\\\/decastro-robles.com\\\/#organization\",\"name\":\"De Castro & Robles\",\"url\":\"https:\\\/\\\/decastro-robles.com\\\/\",\"logo\":{\"@type\":\"ImageObject\",\"inLanguage\":\"es\",\"@id\":\"https:\\\/\\\/decastro-robles.com\\\/#\\\/schema\\\/logo\\\/image\\\/\",\"url\":\"https:\\\/\\\/www.decastro-robles.com\\\/wp-content\\\/uploads\\\/2019\\\/11\\\/Logo-original-DCR1.png\",\"contentUrl\":\"https:\\\/\\\/www.decastro-robles.com\\\/wp-content\\\/uploads\\\/2019\\\/11\\\/Logo-original-DCR1.png\",\"width\":215,\"height\":218,\"caption\":\"De Castro & Robles\"},\"image\":{\"@id\":\"https:\\\/\\\/decastro-robles.com\\\/#\\\/schema\\\/logo\\\/image\\\/\"}}]}<\/script>\n<!-- \/ Yoast SEO plugin. -->","yoast_head_json":{"title":"Cont\u00e1ctenos - De Castro &amp; Robles - Panama","description":"Welcome to our website. What matters to us the most, are the interests of our clients, and the long-term relationships that we have developed with them.","robots":{"index":"index","follow":"follow","max-snippet":"max-snippet:-1","max-image-preview":"max-image-preview:large","max-video-preview":"max-video-preview:-1"},"canonical":"https:\/\/decastro-robles.com\/es\/contactenos\/","og_locale":"es_ES","og_type":"article","og_title":"Cont\u00e1ctenos - De Castro &amp; Robles - Panama","og_description":"Welcome to our website. What matters to us the most, are the interests of our clients, and the long-term relationships that we have developed with them.","og_url":"https:\/\/decastro-robles.com\/es\/contactenos\/","og_site_name":"De Castro &amp; Robles","article_modified_time":"2024-09-24T21:56:24+00:00","twitter_card":"summary_large_image","twitter_misc":{"Tiempo de lectura":"2 minutos"},"schema":{"@context":"https:\/\/schema.org","@graph":[{"@type":"WebPage","@id":"https:\/\/decastro-robles.com\/es\/contactenos\/","url":"https:\/\/decastro-robles.com\/es\/contactenos\/","name":"Cont\u00e1ctenos - De Castro &amp; Robles - Panama","isPartOf":{"@id":"https:\/\/decastro-robles.com\/#website"},"datePublished":"2020-06-12T14:54:51+00:00","dateModified":"2024-09-24T21:56:24+00:00","description":"Welcome to our website. What matters to us the most, are the interests of our clients, and the long-term relationships that we have developed with them.","breadcrumb":{"@id":"https:\/\/decastro-robles.com\/es\/contactenos\/#breadcrumb"},"inLanguage":"es","potentialAction":[{"@type":"ReadAction","target":["https:\/\/decastro-robles.com\/es\/contactenos\/"]}]},{"@type":"BreadcrumbList","@id":"https:\/\/decastro-robles.com\/es\/contactenos\/#breadcrumb","itemListElement":[{"@type":"ListItem","position":1,"name":"Inicio","item":"https:\/\/decastro-robles.com\/es\/"},{"@type":"ListItem","position":2,"name":"Cont\u00e1ctenos"}]},{"@type":"WebSite","@id":"https:\/\/decastro-robles.com\/#website","url":"https:\/\/decastro-robles.com\/","name":"De Castro &amp; Robles","description":"A full service firm","publisher":{"@id":"https:\/\/decastro-robles.com\/#organization"},"potentialAction":[{"@type":"SearchAction","target":{"@type":"EntryPoint","urlTemplate":"https:\/\/decastro-robles.com\/?s={search_term_string}"},"query-input":{"@type":"PropertyValueSpecification","valueRequired":true,"valueName":"search_term_string"}}],"inLanguage":"es"},{"@type":"Organization","@id":"https:\/\/decastro-robles.com\/#organization","name":"De Castro & Robles","url":"https:\/\/decastro-robles.com\/","logo":{"@type":"ImageObject","inLanguage":"es","@id":"https:\/\/decastro-robles.com\/#\/schema\/logo\/image\/","url":"https:\/\/www.decastro-robles.com\/wp-content\/uploads\/2019\/11\/Logo-original-DCR1.png","contentUrl":"https:\/\/www.decastro-robles.com\/wp-content\/uploads\/2019\/11\/Logo-original-DCR1.png","width":215,"height":218,"caption":"De Castro & Robles"},"image":{"@id":"https:\/\/decastro-robles.com\/#\/schema\/logo\/image\/"}}]}},"_links":{"self":[{"href":"https:\/\/decastro-robles.com\/es\/wp-json\/wp\/v2\/pages\/10556","targetHints":{"allow":["GET"]}}],"collection":[{"href":"https:\/\/decastro-robles.com\/es\/wp-json\/wp\/v2\/pages"}],"about":[{"href":"https:\/\/decastro-robles.com\/es\/wp-json\/wp\/v2\/types\/page"}],"author":[{"embeddable":true,"href":"https:\/\/decastro-robles.com\/es\/wp-json\/wp\/v2\/users\/7"}],"replies":[{"embeddable":true,"href":"https:\/\/decastro-robles.com\/es\/wp-json\/wp\/v2\/comments?post=10556"}],"version-history":[{"count":5,"href":"https:\/\/decastro-robles.com\/es\/wp-json\/wp\/v2\/pages\/10556\/revisions"}],"predecessor-version":[{"id":11657,"href":"https:\/\/decastro-robles.com\/es\/wp-json\/wp\/v2\/pages\/10556\/revisions\/11657"}],"wp:attachment":[{"href":"https:\/\/decastro-robles.com\/es\/wp-json\/wp\/v2\/media?parent=10556"}],"curies":[{"name":"wp","href":"https:\/\/api.w.org\/{rel}","templated":true}]}}