{"id":10519,"date":"2020-06-12T09:41:46","date_gmt":"2020-06-12T14:41:46","guid":{"rendered":"https:\/\/www.decastro-robles.com\/?page_id=10519"},"modified":"2024-05-13T13:48:24","modified_gmt":"2024-05-13T18:48:24","slug":"nosotros","status":"publish","type":"page","link":"https:\/\/decastro-robles.com\/es\/nosotros\/","title":{"rendered":"Nosotros"},"content":{"rendered":"<div class=\"wpb-content-wrapper\"><style type=\"text\/css\" data-type=\"vc_cmsms_shortcodes-custom-css\"><\/style><p>[vc_row full_width=\u00bbstretch_row\u00bb parallax=\u00bbcontent-moving-fade\u00bb parallax_image=\u00bb8579&#8243; css_animation=\u00bbnone\u00bb parallax_content=\u00bboff\u00bb fadeout_row=\u00bbfadeout_row_value\u00bb fadeout_start_effect=\u00bb70&#8243; enable_overlay=\u00bbenable_overlay_value\u00bb overlay_color=\u00bbrgba(17,17,17,0.78)\u00bb seperator_enable=\u00bboff\u00bb css=\u00bb.vc_custom_1542655020094{margin-bottom: 0px !important;}\u00bb][vc_column][cmsms_icon_box icon=\u00bbTheme-Default-Icons-business-law\u00bb icon_position=\u00bbbox_top_center\u00bb uniqid=\u00bbcmsms_shcd_5b0045456f7c85_73711777&#8243; box_settings=\u00bbtrue\u00bb icon_size=\u00bb68&#8243; icon_padding=\u00bb10&#8243; icon_border=\u00bb0&#8243; icon_gap=\u00bb0&#8243; icon_color=\u00bb#ffffff\u00bb icon_bg_color=\u00bbrgba(10,10,10,0.01)\u00bb icon_bd_color=\u00bbrgba(10,10,10,0.01)\u00bb box_bg_color=\u00bbrgba(255,255,255,0.01)\u00bb box_bd_color=\u00bbrgba(0,0,0,0.01)\u00bb css=\u00bb.vc_custom_1526744399605{margin-top: 60px !important;}\u00bb][vc_custom_heading text=\u00bbDe Castro &amp; Robles\u00bb font_container=\u00bbtag:h2|font_size:56|text_align:center|color:%23ffffff|line_height:74px\u00bb google_fonts=\u00bbfont_family:Adamina%3Aregular|font_style:400%20regular%3A400%3Anormal\u00bb css=\u00bb.vc_custom_1542653126374{margin-top: -10px !important;margin-bottom: 15px !important;}\u00bb][vc_custom_heading text=\u00bbdesde 1956&#8243; font_container=\u00bbtag:h2|text_align:center|color:%23ffffff\u00bb google_fonts=\u00bbfont_family:Adamina%3Aregular|font_style:400%20regular%3A400%3Anormal\u00bb css=\u00bb.vc_custom_1607959389786{padding-bottom: 120px !important;}\u00bb][\/vc_column][\/vc_row][vc_row gap=\u00bb30&#8243; enable_overlay=\u00bbenable_overlay_value\u00bb overlay_color=\u00bbrgba(0,0,0,0.39)\u00bb overlay_pattern=\u00bb09.png\u00bb overlay_pattern_opacity=\u00bb0.8&#8243; overlay_pattern_size=\u00bb0.9&#8243; seperator_enable=\u00bbseperator_enable_value\u00bb seperator_type=\u00bbxlarge_triangle_seperator\u00bb seperator_position=\u00bbbottom_seperator\u00bb seperator_svg_height=\u00bb60&#8243; seperator_shape_background=\u00bb#ffffff\u00bb css=\u00bb.vc_custom_1505457418462{padding-top: 0px !important;padding-bottom: 0px !important;}\u00bb][vc_column width=\u00bb1\/2&#8243; offset=\u00bbvc_hidden-sm\u00bb][vc_custom_heading text=\u00bbSobre Nosotros\u00bb font_container=\u00bbtag:h1|font_size:23px|text_align:left\u00bb use_theme_fonts=\u00bbyes\u00bb css=\u00bb.vc_custom_1604450930989{margin-bottom: 25px !important;}\u00bb][vc_column_text el_class=\u00bbcustom-p\u00bb]De Castro &amp; Robles fue fundada en 1956 por Woodrow de Castro <i><span lang=\"ES\">z\u201dl\u00a0<\/span><\/i> y David Robles <i><span lang=\"ES\">z\u201dl<\/span><\/i><span lang=\"ES\">\u00a0<\/span>. Durante sus primeros 20 a\u00f1os, la firma ejerci\u00f3 activamente ante un Tribunal de Distrito de los Estados Unidos ubicado en la Zona del Canal, con \u00e9nfasis en asuntos mar\u00edtimos y de almirantazgo. Tras la entrada en vigencia del Tratado entre Panam\u00e1 y los Estados Unidos en 1979, y anticipando la disoluci\u00f3n del Tribunal de Distrito de los Estados Unidos, Woodrow De Castro y David Robles fueron nombrados miembros de la comisi\u00f3n presidencial que cre\u00f3 el primer Tribunal Mar\u00edtimo de Panam\u00e1 y el C\u00f3digo de Procedimiento Mar\u00edtimo (Ley 8 de 1982) y Tribunal Mar\u00edtimo de Panam\u00e1. Muchos a\u00f1os despu\u00e9s, otros socios de la firma, Gabriel Sosa y Alberto L\u00f3pez Tom, participaron en la comisi\u00f3n que reform\u00f3 la Ley 8 y cre\u00f3 el Segundo Tribunal Mar\u00edtimo de Panam\u00e1.<\/p>\n<p>A finales de la d\u00e9cada de los ochenta y con la expansi\u00f3n de su pr\u00e1ctica profesional, ingresaron nuevos miembros a la firma. Las necesidades de nuestros clientes, requiri\u00f3 la ampliaci\u00f3n del portafolio de servicios de la Firma, por lo que De Castro &amp; Robles se convirti\u00f3 en una firma de servicios integrales, expandi\u00e9ndose a \u00e1reas de pr\u00e1ctica como Derecho Financiero, Administrativo, Civil, Comercial, Laboral y Penal.[\/vc_column_text][\/vc_column][vc_column width=\u00bb1\/2&#8243; offset=\u00bbvc_hidden-sm\u00bb][vc_single_image image=\u00bb9890&#8243; img_size=\u00bbfull\u00bb alignment=\u00bbcenter\u00bb css=\u00bb.vc_custom_1577977047086{padding-bottom: 0px !important;}\u00bb el_class=\u00bbus-img\u00bb][\/vc_column][\/vc_row][vc_row gap=\u00bb30&#8243; enable_overlay=\u00bbenable_overlay_value\u00bb overlay_color=\u00bbrgba(0,0,0,0.39)\u00bb overlay_pattern=\u00bb09.png\u00bb overlay_pattern_opacity=\u00bb0.8&#8243; overlay_pattern_size=\u00bb0.9&#8243; seperator_enable=\u00bbseperator_enable_value\u00bb seperator_type=\u00bbxlarge_triangle_seperator\u00bb seperator_position=\u00bbbottom_seperator\u00bb seperator_svg_height=\u00bb60&#8243; seperator_shape_background=\u00bb#ffffff\u00bb css=\u00bb.vc_custom_1577978006173{margin-top: 0px !important;margin-bottom: 0px !important;padding-top: 0px !important;padding-bottom: 0px !important;}\u00bb][vc_column css=\u00bb.vc_custom_1577979478653{padding-top: 20px !important;}\u00bb offset=\u00bbvc_hidden-lg vc_hidden-md vc_hidden-xs\u00bb][\/vc_column][vc_column width=\u00bb1\/2&#8243; offset=\u00bbvc_hidden-lg vc_hidden-md vc_hidden-xs\u00bb css=\u00bb.vc_custom_1577979483710{margin-top: 0px !important;margin-bottom: 0px !important;padding-top: 0px !important;padding-bottom: 0px !important;}\u00bb][vc_custom_heading text=\u00bbAbout us\u00bb font_container=\u00bbtag:h2|font_size:23px|text_align:left\u00bb use_theme_fonts=\u00bbyes\u00bb css=\u00bb.vc_custom_1578063832486{margin-bottom: 25px !important;}\u00bb][vc_column_text css=\u00bb.vc_custom_1583241458685{margin-bottom: 0px !important;padding-bottom: 0px !important;}\u00bb el_class=\u00bbcustom-p\u00bb]De Castro &amp; Robles was established in 1956 by Woodrow de Castro (rip) and David Robles (rip). During its first 20 years, the firm actively practiced before a US District Court located in the Canal Zone, with emphasis on admiralty and maritime matters. Upon entry into force of the Treaty between Panama and the United States in 1979, and anticipating the disestablishment of the US District Court, Woodrow De Castro, and David Robles were appointed to the presidential commission that created the first Maritime Court of Panama and the Maritime Code of Procedure (Law 8 of 1982) and the Maritime Court of Panama. Many years later, other partners of the firm, Gabriel Sosa and Alberto Lopez Tom, participated in the commission that amended Law 8 and created the Second Maritime Court of Panama.[\/vc_column_text][\/vc_column][vc_column width=\u00bb1\/2&#8243; offset=\u00bbvc_hidden-lg vc_hidden-md vc_hidden-xs\u00bb css=\u00bb.vc_custom_1577979488259{margin-top: 0px !important;margin-bottom: 0px !important;padding-top: 0px !important;padding-bottom: 0px !important;}\u00bb][vc_single_image image=\u00bb9890&#8243; img_size=\u00bbfull\u00bb alignment=\u00bbcenter\u00bb css=\u00bb.vc_custom_1577977047086{padding-bottom: 0px !important;}\u00bb el_class=\u00bbus-img\u00bb][\/vc_column][vc_column offset=\u00bbvc_hidden-lg vc_hidden-md vc_hidden-xs\u00bb css=\u00bb.vc_custom_1577979562666{margin-top: -20px !important;margin-bottom: 0px !important;padding-top: 0px !important;padding-bottom: 0px !important;}\u00bb][vc_column_text el_class=\u00bbcustom-p\u00bb]By the end of the eighties and the expansion of their professional practice, new members entered the firm. The level of clients of De Castro &amp; Robles, required the expansion of its portfolio of services to meet a wide array of needs, thus, De Castro &amp; Robles became a full-service firm, expanding to practice areas such as Financial, Administrative, Civil, Commercial, Labor and Criminal Law.[\/vc_column_text][\/vc_column][\/vc_row][vc_row css=\u00bb.vc_custom_1542655695809{margin-top: -40px !important;}\u00bb][vc_column][vc_empty_space height=\u00bb10px\u00bb][vc_column_text css=\u00bb.vc_custom_1604448484302{margin-top: -40px !important;}\u00bb el_class=\u00bbcustom-p\u00bb]Estamos orgullosos de mantener un contacto personal con nuestros principios y valores. Esta filosof\u00eda nos ha permitido mantener clientes desde el inicio de nuestra pr\u00e1ctica en 1956.[\/vc_column_text][\/vc_column][\/vc_row][vc_row el_id=\u00bbaffiliations\u00bb][vc_column el_id=\u00bbaffiliations\u00bb][vc_custom_heading text=\u00bbAfiliaciones\u00bb font_container=\u00bbtag:h2|font_size:23px|text_align:left\u00bb use_theme_fonts=\u00bbyes\u00bb css=\u00bb.vc_custom_1604449032969{margin-bottom: 25px !important;}\u00bb][\/vc_column][vc_column width=\u00bb1\/4&#8243;][vc_column_text]<\/p>\n<ul>\n<li><a href=\"http:\/\/www.cnapanama.com\/\" target=\"_blank\" rel=\"noopener noreferrer\">Colegio Nacional de Abogados<\/a><\/li>\n<li><a href=\"http:\/\/www.camaramaritima.org.pa\/\" target=\"_blank\" rel=\"noopener noreferrer\">C\u00e1mara Mar\u00edtima de Panam\u00e1<\/a><\/li>\n<li><a href=\"http:\/\/www.apademar.com\/\" target=\"_blank\" rel=\"noopener noreferrer\">Asociaci\u00f3n Paname\u00f1a de Derecho Mar\u00edtimo<\/a><\/li>\n<\/ul>\n<p>[\/vc_column_text][\/vc_column][vc_column width=\u00bb1\/3&#8243;][vc_column_text]<\/p>\n<ul>\n<li><a href=\"http:\/\/www.iidmaritimo.org\/\" target=\"_blank\" rel=\"noopener noreferrer\">Instituto Iberoamericano de Derecho Mar\u00edtimo<\/a><\/li>\n<li><a href=\"https:\/\/apede.org\/\" target=\"_blank\" rel=\"noopener noreferrer\">Asociaci\u00f3n Paname\u00f1a de Ejecutivos de Empresa (APEDE)<\/a><\/li>\n<\/ul>\n<p>[\/vc_column_text][\/vc_column][\/vc_row][vc_row css=\u00bb.vc_custom_1578072385067{margin-top: 10px !important;margin-bottom: 27px !important;}\u00bb][vc_column css=\u00bb.vc_custom_1573048989586{padding-right: 20px !important;padding-left: 10px !important;}\u00bb el_id=\u00bbclients\u00bb][vc_custom_heading text=\u00bbClientes Representativos\u00bb font_container=\u00bbtag:h2|font_size:23px|text_align:left\u00bb use_theme_fonts=\u00bbyes\u00bb css=\u00bb.vc_custom_1604451336998{margin-bottom: 25px !important;}\u00bb el_id=\u00bbclients\u00bb][vc_column_text]Nuestros clientes son organizaciones l\u00edderes con presencia local e internacional. Estos incluyen corporaciones multinacionales, bancos nacionales e internacionales, proyectos de desarrollo de recursos naturales, corporaciones industriales y comerciales y empresas involucradas en bienes ra\u00edces, banca, construcci\u00f3n, hidrocarburos, comercio minorista, telecomunicaciones, transporte a\u00e9reo y transporte mar\u00edtimo, a saber:[\/vc_column_text][vc_tta_accordion][vc_tta_section i_type=\u00bbmaterial\u00bb i_icon_material=\u00bbvc-material vc-material-directions_boat\u00bb add_icon=\u00bbtrue\u00bb title=\u00bbMar\u00edtimo\u00bb tab_id=\u00bb1542656344998-9790ec76-1e00&#8243;][vc_row_inner][vc_column_inner width=\u00bb1\/4&#8243;][vc_column_text]<\/p>\n<ul>\n<li>Mediterranean Shipping Company (MSC)<\/li>\n<li>Evergreen Line<\/li>\n<li>CMA-CGM<\/li>\n<li>ONE<\/li>\n<li><span style=\"font-weight: 400;\">SAAM TOWAGE<\/span><\/li>\n<li>Inchcape Shipping Services<\/li>\n<\/ul>\n<p>[\/vc_column_text][\/vc_column_inner][vc_column_inner width=\u00bb1\/4&#8243;][vc_column_text]<\/p>\n<ul>\n<li>Hapag Lloyd A.G.<\/li>\n<li>Lloyd\u2019s of London<\/li>\n<li>China Ocean Shipping Company (COSCO)<\/li>\n<li>Wilhelmsen Lines<\/li>\n<li>Mitsui O.S.K. Lines<\/li>\n<li>Bernhard Schulthe<\/li>\n<\/ul>\n<p>[\/vc_column_text][\/vc_column_inner][vc_column_inner width=\u00bb1\/4&#8243;][vc_column_text]<\/p>\n<ul>\n<li>China Shipping Co.<\/li>\n<li>Hamburg Sud<\/li>\n<li>Crowley Liner Service<\/li>\n<li>Zim Integrated Shipping Services<\/li>\n<li>Shipowners and agents at the Panama Canal.<\/li>\n<li><span style=\"font-weight: 400;\">Clubes de P&amp;I<\/span><\/li>\n<\/ul>\n<p>[\/vc_column_text][\/vc_column_inner][vc_column_inner width=\u00bb1\/4&#8243;][vc_column_text css=\u00bb\u00bb]<\/p>\n<ul>\n<li>Compa\u00f1ia Latinoamericana de Navegacion (CLAN)<\/li>\n<li>Smit International<\/li>\n<li>Atlantic Feeder Services<\/li>\n<li>APL<\/li>\n<li>Korea Line<\/li>\n<li>Aegir Marine<\/li>\n<\/ul>\n<p>[\/vc_column_text][\/vc_column_inner][\/vc_row_inner][\/vc_tta_section][vc_tta_section i_icon_fontawesome=\u00bbfas fa-tint\u00bb add_icon=\u00bbtrue\u00bb title=\u00bbHidrocarburos y Energ\u00eda\u00bb tab_id=\u00bb1542657965331-4e14edc1-e366&#8243;][vc_column_text css=\u00bb\u00bb]<\/p>\n<ul>\n<li><span style=\"font-weight: 400;\">Aggreko International Projects Limited<\/span><\/li>\n<li><span style=\"font-weight: 400;\">UEP Penome I, S.A.<\/span><\/li>\n<li><span style=\"font-weight: 400;\">Peninsula Petroleum<\/span><\/li>\n<li><span style=\"font-weight: 400;\">Petro-Terminal de Panama<\/span><\/li>\n<li><span style=\"font-weight: 400;\">VT Shipping Services<\/span><\/li>\n<li>SINOPEC<\/li>\n<\/ul>\n<p>[\/vc_column_text][\/vc_tta_section][vc_tta_section i_icon_fontawesome=\u00bbfas fa-fighter-jet\u00bb add_icon=\u00bbtrue\u00bb title=\u00bbAerol\u00edneas\u00bb tab_id=\u00bb1542658050240-4a691a22-2418&#8243;][vc_column_text]<\/p>\n<ul>\n<li><span style=\"font-weight: 400;\">K.L.M Royal Dutch Airlines<\/span><\/li>\n<li><span style=\"font-weight: 400;\">Soci\u00e9t\u00e9 Air France<\/span><\/li>\n<li><span style=\"font-weight: 400;\">TAME Linea A\u00e9rea del Ecuador<\/span><\/li>\n<\/ul>\n<p>[\/vc_column_text][\/vc_tta_section][vc_tta_section i_icon_fontawesome=\u00bbfas fa-briefcase\u00bb add_icon=\u00bbtrue\u00bb title=\u00bbMercantil y Corporativo\u00bb tab_id=\u00bb1542658098741-06893956-fd68&#8243;][vc_row_inner][vc_column_inner width=\u00bb1\/4&#8243;][vc_column_text]<\/p>\n<ul>\n<li><span style=\"font-weight: 400;\">Musson Company Group<\/span><\/li>\n<li><span style=\"font-weight: 400;\">Productive Business Solutions<\/span><\/li>\n<li><span style=\"font-weight: 400;\">Eppley Limited<\/span><\/li>\n<li><span style=\"font-weight: 400;\">Xerox<\/span><\/li>\n<li><span style=\"font-weight: 400;\">Pl\u00e1sticos Rimax<\/span><\/li>\n<li><span style=\"font-weight: 400;\">Industrias Cannon de Colombia<\/span><\/li>\n<\/ul>\n<p>[\/vc_column_text][\/vc_column_inner][vc_column_inner width=\u00bb1\/4&#8243;][vc_column_text css=\u00bb\u00bb]<\/p>\n<ul>\n<li>Sherwin Williams<\/li>\n<li>Towerbank<\/li>\n<li>HISENSE<\/li>\n<li>XIAOMI<\/li>\n<li>CHINA CONSTRUCTION<\/li>\n<\/ul>\n<p>[\/vc_column_text][\/vc_column_inner][vc_column_inner width=\u00bb1\/4&#8243;][\/vc_column_inner][vc_column_inner width=\u00bb1\/4&#8243;][\/vc_column_inner][\/vc_row_inner][\/vc_tta_section][\/vc_tta_accordion][\/vc_column][\/vc_row]<\/p>\n<\/div>","protected":false},"excerpt":{"rendered":"<p>[vc_row full_width=\u00bbstretch_row\u00bb parallax=\u00bbcontent-moving-fade\u00bb parallax_image=\u00bb8579&#8243; css_animation=\u00bbnone\u00bb parallax_content=\u00bboff\u00bb fadeout_row=\u00bbfadeout_row_value\u00bb fadeout_start_effect=\u00bb70&#8243; enable_overlay=\u00bbenable_overlay_value\u00bb overlay_color=\u00bbrgba(17,17,17,0.78)\u00bb seperator_enable=\u00bboff\u00bb css=\u00bb.vc_custom_1542655020094{margin-bottom: 0px !important;}\u00bb][vc_column][cmsms_icon_box icon=\u00bbTheme-Default-Icons-business-law\u00bb icon_position=\u00bbbox_top_center\u00bb uniqid=\u00bbcmsms_shcd_5b0045456f7c85_73711777&#8243; box_settings=\u00bbtrue\u00bb icon_size=\u00bb68&#8243; icon_padding=\u00bb10&#8243; icon_border=\u00bb0&#8243; icon_gap=\u00bb0&#8243; icon_color=\u00bb#ffffff\u00bb icon_bg_color=\u00bbrgba(10,10,10,0.01)\u00bb icon_bd_color=\u00bbrgba(10,10,10,0.01)\u00bb box_bg_color=\u00bbrgba(255,255,255,0.01)\u00bb box_bd_color=\u00bbrgba(0,0,0,0.01)\u00bb css=\u00bb.vc_custom_1526744399605{margin-top: 60px !important;}\u00bb][vc_custom_heading text=\u00bbDe Castro &amp; Robles\u00bb font_container=\u00bbtag:h2|font_size:56|text_align:center|color:%23ffffff|line_height:74px\u00bb google_fonts=\u00bbfont_family:Adamina%3Aregular|font_style:400%20regular%3A400%3Anormal\u00bb css=\u00bb.vc_custom_1542653126374{margin-top: -10px !important;margin-bottom: 15px !important;}\u00bb][vc_custom_heading text=\u00bbdesde 1956&#8243; font_container=\u00bbtag:h2|text_align:center|color:%23ffffff\u00bb google_fonts=\u00bbfont_family:Adamina%3Aregular|font_style:400%20regular%3A400%3Anormal\u00bb css=\u00bb.vc_custom_1607959389786{padding-bottom: 120px !important;}\u00bb][\/vc_column][\/vc_row][vc_row gap=\u00bb30&#8243; enable_overlay=\u00bbenable_overlay_value\u00bb overlay_color=\u00bbrgba(0,0,0,0.39)\u00bb overlay_pattern=\u00bb09.png\u00bb overlay_pattern_opacity=\u00bb0.8&#8243; overlay_pattern_size=\u00bb0.9&#8243; seperator_enable=\u00bbseperator_enable_value\u00bb&#8230;<\/p>\n","protected":false},"author":7,"featured_media":0,"parent":0,"menu_order":0,"comment_status":"closed","ping_status":"closed","template":"","meta":{"footnotes":""},"class_list":["post-10519","page","type-page","status-publish","hentry"],"yoast_head":"<!-- This site is optimized with the Yoast SEO plugin v27.5 - https:\/\/yoast.com\/product\/yoast-seo-wordpress\/ -->\n<title>Nosotros - De Castro &amp; Robles - Panama<\/title>\n<meta name=\"description\" content=\"Welcome to our website. What matters to us the most, are the interests of our clients, and the long-term relationships that we have developed with them.\" \/>\n<meta name=\"robots\" content=\"index, follow, max-snippet:-1, max-image-preview:large, max-video-preview:-1\" \/>\n<link rel=\"canonical\" href=\"https:\/\/decastro-robles.com\/es\/nosotros\/\" \/>\n<meta property=\"og:locale\" content=\"es_ES\" \/>\n<meta property=\"og:type\" content=\"article\" \/>\n<meta property=\"og:title\" content=\"Nosotros - De Castro &amp; Robles - Panama\" \/>\n<meta property=\"og:description\" content=\"Welcome to our website. What matters to us the most, are the interests of our clients, and the long-term relationships that we have developed with them.\" \/>\n<meta property=\"og:url\" content=\"https:\/\/decastro-robles.com\/es\/nosotros\/\" \/>\n<meta property=\"og:site_name\" content=\"De Castro &amp; Robles\" \/>\n<meta property=\"article:modified_time\" content=\"2024-05-13T18:48:24+00:00\" \/>\n<meta name=\"twitter:card\" content=\"summary_large_image\" \/>\n<meta name=\"twitter:label1\" content=\"Tiempo de lectura\" \/>\n\t<meta name=\"twitter:data1\" content=\"5 minutos\" \/>\n<script type=\"application\/ld+json\" class=\"yoast-schema-graph\">{\"@context\":\"https:\\\/\\\/schema.org\",\"@graph\":[{\"@type\":\"WebPage\",\"@id\":\"https:\\\/\\\/decastro-robles.com\\\/es\\\/nosotros\\\/\",\"url\":\"https:\\\/\\\/decastro-robles.com\\\/es\\\/nosotros\\\/\",\"name\":\"Nosotros - De Castro &amp; Robles - Panama\",\"isPartOf\":{\"@id\":\"https:\\\/\\\/decastro-robles.com\\\/#website\"},\"datePublished\":\"2020-06-12T14:41:46+00:00\",\"dateModified\":\"2024-05-13T18:48:24+00:00\",\"description\":\"Welcome to our website. What matters to us the most, are the interests of our clients, and the long-term relationships that we have developed with them.\",\"breadcrumb\":{\"@id\":\"https:\\\/\\\/decastro-robles.com\\\/es\\\/nosotros\\\/#breadcrumb\"},\"inLanguage\":\"es\",\"potentialAction\":[{\"@type\":\"ReadAction\",\"target\":[\"https:\\\/\\\/decastro-robles.com\\\/es\\\/nosotros\\\/\"]}]},{\"@type\":\"BreadcrumbList\",\"@id\":\"https:\\\/\\\/decastro-robles.com\\\/es\\\/nosotros\\\/#breadcrumb\",\"itemListElement\":[{\"@type\":\"ListItem\",\"position\":1,\"name\":\"Inicio\",\"item\":\"https:\\\/\\\/decastro-robles.com\\\/es\\\/\"},{\"@type\":\"ListItem\",\"position\":2,\"name\":\"Nosotros\"}]},{\"@type\":\"WebSite\",\"@id\":\"https:\\\/\\\/decastro-robles.com\\\/#website\",\"url\":\"https:\\\/\\\/decastro-robles.com\\\/\",\"name\":\"De Castro &amp; Robles\",\"description\":\"A full service firm\",\"publisher\":{\"@id\":\"https:\\\/\\\/decastro-robles.com\\\/#organization\"},\"potentialAction\":[{\"@type\":\"SearchAction\",\"target\":{\"@type\":\"EntryPoint\",\"urlTemplate\":\"https:\\\/\\\/decastro-robles.com\\\/?s={search_term_string}\"},\"query-input\":{\"@type\":\"PropertyValueSpecification\",\"valueRequired\":true,\"valueName\":\"search_term_string\"}}],\"inLanguage\":\"es\"},{\"@type\":\"Organization\",\"@id\":\"https:\\\/\\\/decastro-robles.com\\\/#organization\",\"name\":\"De Castro & Robles\",\"url\":\"https:\\\/\\\/decastro-robles.com\\\/\",\"logo\":{\"@type\":\"ImageObject\",\"inLanguage\":\"es\",\"@id\":\"https:\\\/\\\/decastro-robles.com\\\/#\\\/schema\\\/logo\\\/image\\\/\",\"url\":\"https:\\\/\\\/www.decastro-robles.com\\\/wp-content\\\/uploads\\\/2019\\\/11\\\/Logo-original-DCR1.png\",\"contentUrl\":\"https:\\\/\\\/www.decastro-robles.com\\\/wp-content\\\/uploads\\\/2019\\\/11\\\/Logo-original-DCR1.png\",\"width\":215,\"height\":218,\"caption\":\"De Castro & Robles\"},\"image\":{\"@id\":\"https:\\\/\\\/decastro-robles.com\\\/#\\\/schema\\\/logo\\\/image\\\/\"}}]}<\/script>\n<!-- \/ Yoast SEO plugin. -->","yoast_head_json":{"title":"Nosotros - De Castro &amp; Robles - Panama","description":"Welcome to our website. What matters to us the most, are the interests of our clients, and the long-term relationships that we have developed with them.","robots":{"index":"index","follow":"follow","max-snippet":"max-snippet:-1","max-image-preview":"max-image-preview:large","max-video-preview":"max-video-preview:-1"},"canonical":"https:\/\/decastro-robles.com\/es\/nosotros\/","og_locale":"es_ES","og_type":"article","og_title":"Nosotros - De Castro &amp; Robles - Panama","og_description":"Welcome to our website. What matters to us the most, are the interests of our clients, and the long-term relationships that we have developed with them.","og_url":"https:\/\/decastro-robles.com\/es\/nosotros\/","og_site_name":"De Castro &amp; Robles","article_modified_time":"2024-05-13T18:48:24+00:00","twitter_card":"summary_large_image","twitter_misc":{"Tiempo de lectura":"5 minutos"},"schema":{"@context":"https:\/\/schema.org","@graph":[{"@type":"WebPage","@id":"https:\/\/decastro-robles.com\/es\/nosotros\/","url":"https:\/\/decastro-robles.com\/es\/nosotros\/","name":"Nosotros - De Castro &amp; Robles - Panama","isPartOf":{"@id":"https:\/\/decastro-robles.com\/#website"},"datePublished":"2020-06-12T14:41:46+00:00","dateModified":"2024-05-13T18:48:24+00:00","description":"Welcome to our website. What matters to us the most, are the interests of our clients, and the long-term relationships that we have developed with them.","breadcrumb":{"@id":"https:\/\/decastro-robles.com\/es\/nosotros\/#breadcrumb"},"inLanguage":"es","potentialAction":[{"@type":"ReadAction","target":["https:\/\/decastro-robles.com\/es\/nosotros\/"]}]},{"@type":"BreadcrumbList","@id":"https:\/\/decastro-robles.com\/es\/nosotros\/#breadcrumb","itemListElement":[{"@type":"ListItem","position":1,"name":"Inicio","item":"https:\/\/decastro-robles.com\/es\/"},{"@type":"ListItem","position":2,"name":"Nosotros"}]},{"@type":"WebSite","@id":"https:\/\/decastro-robles.com\/#website","url":"https:\/\/decastro-robles.com\/","name":"De Castro &amp; Robles","description":"A full service firm","publisher":{"@id":"https:\/\/decastro-robles.com\/#organization"},"potentialAction":[{"@type":"SearchAction","target":{"@type":"EntryPoint","urlTemplate":"https:\/\/decastro-robles.com\/?s={search_term_string}"},"query-input":{"@type":"PropertyValueSpecification","valueRequired":true,"valueName":"search_term_string"}}],"inLanguage":"es"},{"@type":"Organization","@id":"https:\/\/decastro-robles.com\/#organization","name":"De Castro & Robles","url":"https:\/\/decastro-robles.com\/","logo":{"@type":"ImageObject","inLanguage":"es","@id":"https:\/\/decastro-robles.com\/#\/schema\/logo\/image\/","url":"https:\/\/www.decastro-robles.com\/wp-content\/uploads\/2019\/11\/Logo-original-DCR1.png","contentUrl":"https:\/\/www.decastro-robles.com\/wp-content\/uploads\/2019\/11\/Logo-original-DCR1.png","width":215,"height":218,"caption":"De Castro & Robles"},"image":{"@id":"https:\/\/decastro-robles.com\/#\/schema\/logo\/image\/"}}]}},"_links":{"self":[{"href":"https:\/\/decastro-robles.com\/es\/wp-json\/wp\/v2\/pages\/10519","targetHints":{"allow":["GET"]}}],"collection":[{"href":"https:\/\/decastro-robles.com\/es\/wp-json\/wp\/v2\/pages"}],"about":[{"href":"https:\/\/decastro-robles.com\/es\/wp-json\/wp\/v2\/types\/page"}],"author":[{"embeddable":true,"href":"https:\/\/decastro-robles.com\/es\/wp-json\/wp\/v2\/users\/7"}],"replies":[{"embeddable":true,"href":"https:\/\/decastro-robles.com\/es\/wp-json\/wp\/v2\/comments?post=10519"}],"version-history":[{"count":5,"href":"https:\/\/decastro-robles.com\/es\/wp-json\/wp\/v2\/pages\/10519\/revisions"}],"predecessor-version":[{"id":11572,"href":"https:\/\/decastro-robles.com\/es\/wp-json\/wp\/v2\/pages\/10519\/revisions\/11572"}],"wp:attachment":[{"href":"https:\/\/decastro-robles.com\/es\/wp-json\/wp\/v2\/media?parent=10519"}],"curies":[{"name":"wp","href":"https:\/\/api.w.org\/{rel}","templated":true}]}}